{"id":4940,"date":"2021-02-17T10:21:33","date_gmt":"2021-02-17T10:21:33","guid":{"rendered":"https:\/\/www.berthonspain.com\/yacht-sales-and-brokerage\/"},"modified":"2026-03-10T10:34:00","modified_gmt":"2026-03-10T10:34:00","slug":"venta-de-yates-en-espana","status":"publish","type":"page","link":"https:\/\/www.berthonspain.com\/es\/venta-de-yates-en-espana\/","title":{"rendered":"Venta de yates en Espa\u00f1a"},"content":{"rendered":"<div class='content-column two_third'><p>Los yates en venta en Palma de Mallorca est\u00e1n gestionados de manera experta por Berthon Spain, ofreciendo una amplia selecci\u00f3n de embarcaciones de lujo respaldadas por nuestro equipo de servicio completo y experimentados corredores de yates.<\/p>\n<p>Berthon Spain, con sede en Palma de Mallorca, forma parte del Berthon Sales Group. Nos diferenciamos de las otras oficinas internacionales porque nuestros experimentados corredores de yates cuentan tambi\u00e9n con el apoyo t\u00e9cnico del equipo de servicios de Berthon Spain. La empresa en Mallorca est\u00e1 distribuida en tres ubicaciones: Ventas de Yates, Oficina Central y Taller &amp; Almacenamiento de Embarcaciones.<\/p>\n<p>El equipo de ventas de yates est\u00e1 compuesto por Simon Turner, Andrew Fairbrass y Henk Sijbranda, quienes son asistidos en la oficina de ventas por Nathalie Miquel-Elcano y cuentan con el respaldo total de nuestra sede principal en Lymington.<\/p>\n<p>Simon tambi\u00e9n trabaj\u00f3 en Berthon International como corredor de yates entre 1980 y 1991. Luego se traslad\u00f3 a Mallorca, donde reside desde entonces. Trabaj\u00f3 un tiempo con Nautor\u2019s Swan, luego nuevamente con Berthon entre 2003-2008, y de 2008 a 2020 en su propia empresa bajo el nombre comercial de \u2018Northrop and Johnson Spain\u2019.<\/p>\n<p>Andrew Fairbrass, director general de Berthon Spain, sigui\u00f3 una progresi\u00f3n natural hacia la venta de yates tras el \u00e9xito en la creaci\u00f3n del negocio de servicios en Palma. Ha trabajado en Mallorca desde 2014; durante este tiempo, ha construido s\u00f3lidas asociaciones profesionales locales y relaciones duraderas con los clientes.<\/p>\n<p>Henk se uni\u00f3 a Berthon Spain a principios de 2025. Su carrera de 30 a\u00f1os en la intermediaci\u00f3n internacional de yates comenz\u00f3 despu\u00e9s de completar su formaci\u00f3n comercial y desempe\u00f1ar sus primeros roles en ventas en la industria de la construcci\u00f3n y, m\u00e1s tarde, en un astillero. Desde entonces, ha vendido m\u00e1s de 750 yates y ha participado en m\u00e1s de 2.500 transacciones. Con una amplia experiencia en los mercados de habla holandesa, inglesa y alemana, disfruta de los desaf\u00edos y la diversidad que ofrece la intermediaci\u00f3n internacional de yates.<\/p>\n<p style=\"text-align: center;\"><a class=\"button hollow margintopten\" href=\"https:\/\/www.berthoninternational.com\/yacht-sales-brokerage\/yachts-for-sale\/\" target=\"_blank\" rel=\"noopener noreferrer\">Venta de Yates<\/a><\/p><\/div>\n<div class='content-column one_third last_column'><div style=\"padding-right:5%;padding-left:5%;\"><div id=\"attachment_4381\" style=\"width: 610px\" class=\"wp-caption aligncenter\"><img loading=\"lazy\" decoding=\"async\" aria-describedby=\"caption-attachment-4381\" class=\"wp-image-4381 size-full\" src=\"https:\/\/www.berthonspain.com\/wp-content\/uploads\/2024\/02\/Managing-Broker-Simon-Turner.jpg\" alt=\"Managing Broker, Simon Turner\" width=\"600\" height=\"500\" \/><p id=\"caption-attachment-4381\" class=\"wp-caption-text\">Managing Broker, Simon Turner<\/p><\/div>\n<a href=\"https:\/\/www.berthonspain.com\/yacht-sales-and-brokerage\/contact-berthon-spain-yacht-sales\/\" class=\"button hollow expanded\" target=\"_self\" style=\"margin: ;\">Hacer una consulta<\/a>\n<div id=\"attachment_5523\" style=\"width: 610px\" class=\"wp-caption aligncenter\"><img loading=\"lazy\" decoding=\"async\" aria-describedby=\"caption-attachment-5523\" class=\"wp-image-5523 size-full\" src=\"https:\/\/www.berthonspain.com\/wp-content\/uploads\/2025\/01\/Andrew-profile-photo.jpg\" alt=\"Managing Director, Andrew Fairbrass\" width=\"600\" height=\"500\" \/><p id=\"caption-attachment-5523\" class=\"wp-caption-text\">Managing Director, Andrew Fairbrass<\/p><\/div>\n<div id=\"attachment_5650\" style=\"width: 610px\" class=\"wp-caption aligncenter\"><img loading=\"lazy\" decoding=\"async\" aria-describedby=\"caption-attachment-5650\" class=\"wp-image-5650 size-full\" src=\"https:\/\/www.berthonspain.com\/wp-content\/uploads\/2025\/04\/henk-sijbranda-sp-2025.jpg\" alt=\"henk-sijbranda-sp-2025\" width=\"600\" height=\"500\" \/><p id=\"caption-attachment-5650\" class=\"wp-caption-text\">Managing Broker, Henk Sijbranda<\/p><\/div><\/div><\/div><div class='clear_column'><\/div>\n","protected":false},"excerpt":{"rendered":"","protected":false},"author":3,"featured_media":3603,"parent":0,"menu_order":0,"comment_status":"closed","ping_status":"closed","template":"","meta":{"_acf_changed":false,"footnotes":""},"class_list":["post-4940","page","type-page","status-publish","has-post-thumbnail","hentry"],"acf":[],"yoast_head":"<!-- This site is optimized with the Yoast SEO plugin v26.8 - https:\/\/yoast.com\/product\/yoast-seo-wordpress\/ -->\n<title>Venta de yates en Espa\u00f1a - Berthon Spain<\/title>\n<meta name=\"description\" content=\"Berthon Spain is part of the Berthon Sales Group and has a full-service team, as well as an experienced team of yacht brokers.\" \/>\n<meta name=\"robots\" content=\"index, follow, max-snippet:-1, max-image-preview:large, max-video-preview:-1\" \/>\n<link rel=\"canonical\" href=\"https:\/\/www.berthonspain.com\/es\/venta-de-yates-en-espana\/\" \/>\n<meta property=\"og:locale\" content=\"es_ES\" \/>\n<meta property=\"og:type\" content=\"article\" \/>\n<meta property=\"og:title\" content=\"Venta de yates en Espa\u00f1a - Berthon Spain\" \/>\n<meta property=\"og:description\" content=\"Berthon Spain is part of the Berthon Sales Group and has a full-service team, as well as an experienced team of yacht brokers.\" \/>\n<meta property=\"og:url\" content=\"https:\/\/www.berthonspain.com\/es\/venta-de-yates-en-espana\/\" \/>\n<meta property=\"og:site_name\" content=\"Berthon Spain\" \/>\n<meta property=\"article:publisher\" content=\"https:\/\/www.facebook.com\/berthonspain\/\" \/>\n<meta property=\"article:modified_time\" content=\"2026-03-10T10:34:00+00:00\" \/>\n<meta property=\"og:image\" content=\"https:\/\/www.berthonspain.com\/wp-content\/uploads\/2021\/02\/berthon-spain-yacht-sales-featured.jpg\" \/>\n\t<meta property=\"og:image:width\" content=\"1000\" \/>\n\t<meta property=\"og:image:height\" content=\"750\" \/>\n\t<meta property=\"og:image:type\" content=\"image\/jpeg\" \/>\n<meta name=\"twitter:card\" content=\"summary_large_image\" \/>\n<meta name=\"twitter:label1\" content=\"Tiempo de lectura\" \/>\n\t<meta name=\"twitter:data1\" content=\"7 minutos\" \/>\n<script type=\"application\/ld+json\" class=\"yoast-schema-graph\">{\"@context\":\"https:\/\/schema.org\",\"@graph\":[{\"@type\":\"WebPage\",\"@id\":\"https:\/\/www.berthonspain.com\/es\/venta-de-yates-en-espana\/\",\"url\":\"https:\/\/www.berthonspain.com\/es\/venta-de-yates-en-espana\/\",\"name\":\"Venta de yates en Espa\u00f1a - Berthon Spain\",\"isPartOf\":{\"@id\":\"https:\/\/www.berthonspain.com\/es\/#website\"},\"primaryImageOfPage\":{\"@id\":\"https:\/\/www.berthonspain.com\/es\/venta-de-yates-en-espana\/#primaryimage\"},\"image\":{\"@id\":\"https:\/\/www.berthonspain.com\/es\/venta-de-yates-en-espana\/#primaryimage\"},\"thumbnailUrl\":\"https:\/\/www.berthonspain.com\/wp-content\/uploads\/2021\/02\/berthon-spain-yacht-sales-featured.jpg\",\"datePublished\":\"2021-02-17T10:21:33+00:00\",\"dateModified\":\"2026-03-10T10:34:00+00:00\",\"description\":\"Berthon Spain is part of the Berthon Sales Group and has a full-service team, as well as an experienced team of yacht brokers.\",\"breadcrumb\":{\"@id\":\"https:\/\/www.berthonspain.com\/es\/venta-de-yates-en-espana\/#breadcrumb\"},\"inLanguage\":\"es\",\"potentialAction\":[{\"@type\":\"ReadAction\",\"target\":[\"https:\/\/www.berthonspain.com\/es\/venta-de-yates-en-espana\/\"]}]},{\"@type\":\"ImageObject\",\"inLanguage\":\"es\",\"@id\":\"https:\/\/www.berthonspain.com\/es\/venta-de-yates-en-espana\/#primaryimage\",\"url\":\"https:\/\/www.berthonspain.com\/wp-content\/uploads\/2021\/02\/berthon-spain-yacht-sales-featured.jpg\",\"contentUrl\":\"https:\/\/www.berthonspain.com\/wp-content\/uploads\/2021\/02\/berthon-spain-yacht-sales-featured.jpg\",\"width\":1000,\"height\":750},{\"@type\":\"BreadcrumbList\",\"@id\":\"https:\/\/www.berthonspain.com\/es\/venta-de-yates-en-espana\/#breadcrumb\",\"itemListElement\":[{\"@type\":\"ListItem\",\"position\":1,\"name\":\"Home\",\"item\":\"https:\/\/www.berthonspain.com\/es\/\"},{\"@type\":\"ListItem\",\"position\":2,\"name\":\"Venta de yates en Espa\u00f1a\"}]},{\"@type\":\"WebSite\",\"@id\":\"https:\/\/www.berthonspain.com\/es\/#website\",\"url\":\"https:\/\/www.berthonspain.com\/es\/\",\"name\":\"Berthon Spain\",\"description\":\"Refit - Guardiennage - Engineering - Fabrication - Winch &amp; Windlass Servicing\",\"publisher\":{\"@id\":\"https:\/\/www.berthonspain.com\/es\/#organization\"},\"potentialAction\":[{\"@type\":\"SearchAction\",\"target\":{\"@type\":\"EntryPoint\",\"urlTemplate\":\"https:\/\/www.berthonspain.com\/es\/?s={search_term_string}\"},\"query-input\":{\"@type\":\"PropertyValueSpecification\",\"valueRequired\":true,\"valueName\":\"search_term_string\"}}],\"inLanguage\":\"es\"},{\"@type\":\"Organization\",\"@id\":\"https:\/\/www.berthonspain.com\/es\/#organization\",\"name\":\"Berthon Spain\",\"url\":\"https:\/\/www.berthonspain.com\/es\/\",\"logo\":{\"@type\":\"ImageObject\",\"inLanguage\":\"es\",\"@id\":\"https:\/\/www.berthonspain.com\/es\/#\/schema\/logo\/image\/\",\"url\":\"https:\/\/www.berthonspain.com\/wp-content\/uploads\/2019\/05\/logo.png\",\"contentUrl\":\"https:\/\/www.berthonspain.com\/wp-content\/uploads\/2019\/05\/logo.png\",\"width\":186,\"height\":66,\"caption\":\"Berthon Spain\"},\"image\":{\"@id\":\"https:\/\/www.berthonspain.com\/es\/#\/schema\/logo\/image\/\"},\"sameAs\":[\"https:\/\/www.facebook.com\/berthonspain\/\"]}]}<\/script>\n<!-- \/ Yoast SEO plugin. -->","yoast_head_json":{"title":"Venta de yates en Espa\u00f1a - Berthon Spain","description":"Berthon Spain is part of the Berthon Sales Group and has a full-service team, as well as an experienced team of yacht brokers.","robots":{"index":"index","follow":"follow","max-snippet":"max-snippet:-1","max-image-preview":"max-image-preview:large","max-video-preview":"max-video-preview:-1"},"canonical":"https:\/\/www.berthonspain.com\/es\/venta-de-yates-en-espana\/","og_locale":"es_ES","og_type":"article","og_title":"Venta de yates en Espa\u00f1a - Berthon Spain","og_description":"Berthon Spain is part of the Berthon Sales Group and has a full-service team, as well as an experienced team of yacht brokers.","og_url":"https:\/\/www.berthonspain.com\/es\/venta-de-yates-en-espana\/","og_site_name":"Berthon Spain","article_publisher":"https:\/\/www.facebook.com\/berthonspain\/","article_modified_time":"2026-03-10T10:34:00+00:00","og_image":[{"width":1000,"height":750,"url":"https:\/\/www.berthonspain.com\/wp-content\/uploads\/2021\/02\/berthon-spain-yacht-sales-featured.jpg","type":"image\/jpeg"}],"twitter_card":"summary_large_image","twitter_misc":{"Tiempo de lectura":"7 minutos"},"schema":{"@context":"https:\/\/schema.org","@graph":[{"@type":"WebPage","@id":"https:\/\/www.berthonspain.com\/es\/venta-de-yates-en-espana\/","url":"https:\/\/www.berthonspain.com\/es\/venta-de-yates-en-espana\/","name":"Venta de yates en Espa\u00f1a - Berthon Spain","isPartOf":{"@id":"https:\/\/www.berthonspain.com\/es\/#website"},"primaryImageOfPage":{"@id":"https:\/\/www.berthonspain.com\/es\/venta-de-yates-en-espana\/#primaryimage"},"image":{"@id":"https:\/\/www.berthonspain.com\/es\/venta-de-yates-en-espana\/#primaryimage"},"thumbnailUrl":"https:\/\/www.berthonspain.com\/wp-content\/uploads\/2021\/02\/berthon-spain-yacht-sales-featured.jpg","datePublished":"2021-02-17T10:21:33+00:00","dateModified":"2026-03-10T10:34:00+00:00","description":"Berthon Spain is part of the Berthon Sales Group and has a full-service team, as well as an experienced team of yacht brokers.","breadcrumb":{"@id":"https:\/\/www.berthonspain.com\/es\/venta-de-yates-en-espana\/#breadcrumb"},"inLanguage":"es","potentialAction":[{"@type":"ReadAction","target":["https:\/\/www.berthonspain.com\/es\/venta-de-yates-en-espana\/"]}]},{"@type":"ImageObject","inLanguage":"es","@id":"https:\/\/www.berthonspain.com\/es\/venta-de-yates-en-espana\/#primaryimage","url":"https:\/\/www.berthonspain.com\/wp-content\/uploads\/2021\/02\/berthon-spain-yacht-sales-featured.jpg","contentUrl":"https:\/\/www.berthonspain.com\/wp-content\/uploads\/2021\/02\/berthon-spain-yacht-sales-featured.jpg","width":1000,"height":750},{"@type":"BreadcrumbList","@id":"https:\/\/www.berthonspain.com\/es\/venta-de-yates-en-espana\/#breadcrumb","itemListElement":[{"@type":"ListItem","position":1,"name":"Home","item":"https:\/\/www.berthonspain.com\/es\/"},{"@type":"ListItem","position":2,"name":"Venta de yates en Espa\u00f1a"}]},{"@type":"WebSite","@id":"https:\/\/www.berthonspain.com\/es\/#website","url":"https:\/\/www.berthonspain.com\/es\/","name":"Berthon Spain","description":"Refit - Guardiennage - Engineering - Fabrication - Winch &amp; Windlass Servicing","publisher":{"@id":"https:\/\/www.berthonspain.com\/es\/#organization"},"potentialAction":[{"@type":"SearchAction","target":{"@type":"EntryPoint","urlTemplate":"https:\/\/www.berthonspain.com\/es\/?s={search_term_string}"},"query-input":{"@type":"PropertyValueSpecification","valueRequired":true,"valueName":"search_term_string"}}],"inLanguage":"es"},{"@type":"Organization","@id":"https:\/\/www.berthonspain.com\/es\/#organization","name":"Berthon Spain","url":"https:\/\/www.berthonspain.com\/es\/","logo":{"@type":"ImageObject","inLanguage":"es","@id":"https:\/\/www.berthonspain.com\/es\/#\/schema\/logo\/image\/","url":"https:\/\/www.berthonspain.com\/wp-content\/uploads\/2019\/05\/logo.png","contentUrl":"https:\/\/www.berthonspain.com\/wp-content\/uploads\/2019\/05\/logo.png","width":186,"height":66,"caption":"Berthon Spain"},"image":{"@id":"https:\/\/www.berthonspain.com\/es\/#\/schema\/logo\/image\/"},"sameAs":["https:\/\/www.facebook.com\/berthonspain\/"]}]}},"_links":{"self":[{"href":"https:\/\/www.berthonspain.com\/es\/wp-json\/wp\/v2\/pages\/4940","targetHints":{"allow":["GET"]}}],"collection":[{"href":"https:\/\/www.berthonspain.com\/es\/wp-json\/wp\/v2\/pages"}],"about":[{"href":"https:\/\/www.berthonspain.com\/es\/wp-json\/wp\/v2\/types\/page"}],"author":[{"embeddable":true,"href":"https:\/\/www.berthonspain.com\/es\/wp-json\/wp\/v2\/users\/3"}],"replies":[{"embeddable":true,"href":"https:\/\/www.berthonspain.com\/es\/wp-json\/wp\/v2\/comments?post=4940"}],"version-history":[{"count":16,"href":"https:\/\/www.berthonspain.com\/es\/wp-json\/wp\/v2\/pages\/4940\/revisions"}],"predecessor-version":[{"id":6003,"href":"https:\/\/www.berthonspain.com\/es\/wp-json\/wp\/v2\/pages\/4940\/revisions\/6003"}],"wp:featuredmedia":[{"embeddable":true,"href":"https:\/\/www.berthonspain.com\/es\/wp-json\/wp\/v2\/media\/3603"}],"wp:attachment":[{"href":"https:\/\/www.berthonspain.com\/es\/wp-json\/wp\/v2\/media?parent=4940"}],"curies":[{"name":"wp","href":"https:\/\/api.w.org\/{rel}","templated":true}]}}