{"id":4837,"date":"2024-01-02T16:38:58","date_gmt":"2024-01-02T16:38:58","guid":{"rendered":"https:\/\/www.berthonspain.com\/yacht-management\/"},"modified":"2024-02-19T13:30:31","modified_gmt":"2024-02-19T13:30:31","slug":"gestion-de-yates","status":"publish","type":"page","link":"https:\/\/www.berthonspain.com\/es\/gestion-de-yates\/","title":{"rendered":"Gesti\u00f3n de Yates"},"content":{"rendered":"<p><img loading=\"lazy\" decoding=\"async\" class=\"alignright wp-image-4220\" src=\"https:\/\/www.berthonspain.com\/wp-content\/uploads\/2024\/01\/yacht-management-1-600x819.jpg\" alt=\"Gesti\u00f3n de Yates\" width=\"300\" height=\"409\" srcset=\"https:\/\/www.berthonspain.com\/wp-content\/uploads\/2024\/01\/yacht-management-1-600x819.jpg 600w, https:\/\/www.berthonspain.com\/wp-content\/uploads\/2024\/01\/yacht-management-1-800x1092.jpg 800w, https:\/\/www.berthonspain.com\/wp-content\/uploads\/2024\/01\/yacht-management-1-768x1048.jpg 768w, https:\/\/www.berthonspain.com\/wp-content\/uploads\/2024\/01\/yacht-management-1.jpg 900w\" sizes=\"auto, (max-width: 300px) 100vw, 300px\" \/><\/p>\n<p>La gesti\u00f3n de superyates implica un enfoque polifac\u00e9tico para garantizar el buen funcionamiento, mantenimiento y disfrute de los yates de gama alta. En esencia, el enfoque de Berthon Spain para la gesti\u00f3n de yates se esfuerza por crear un entorno en el que su yate no s\u00f3lo sea una fuente de alegr\u00eda, sino tambi\u00e9n un activo seguro y optimizado.<\/p>\n<p>La gesti\u00f3n efectiva de yates y la protecci\u00f3n del valor de los activos van de la mano, constituyendo la piedra angular de nuestros servicios integrales de gesti\u00f3n de yates. En el fondo, nos dedicamos a garantizar que su yate sea administrado, mantenido y operado con los m\u00e1s altos est\u00e1ndares, todo ello optimizando los costes. Este compromiso le permite disfrutar plenamente de su yate, rodeado de amigos y familiares, sin la carga de gestionar sus intrincadas operaciones.<\/p>\n<p>En resumen, la gesti\u00f3n de superyates va m\u00e1s all\u00e1 de lo b\u00e1sico para ofrecer una experiencia verdaderamente personalizada y de alta gama, abordando cada faceta de la propiedad con sofisticaci\u00f3n y atenci\u00f3n al detalle.<\/p>\n","protected":false},"excerpt":{"rendered":"<p>La gesti\u00f3n de superyates implica un enfoque polifac\u00e9tico para garantizar el buen funcionamiento, mantenimiento y disfrute de los yates de gama alta. En esencia, el enfoque de Berthon Spain para&#8230;<\/p>\n","protected":false},"author":1,"featured_media":0,"parent":0,"menu_order":0,"comment_status":"closed","ping_status":"closed","template":"","meta":{"_acf_changed":false,"footnotes":""},"class_list":["post-4837","page","type-page","status-publish","hentry"],"acf":[],"yoast_head":"<!-- This site is optimized with the Yoast SEO plugin v26.8 - https:\/\/yoast.com\/product\/yoast-seo-wordpress\/ -->\n<title>Gesti\u00f3n de Yates - Berthon Spain<\/title>\n<meta name=\"description\" content=\"Gesti\u00f3n de Yates - La gesti\u00f3n de superyates implica un enfoque polifac\u00e9tico para garantizar el buen funcionamiento, mantenimiento y disfrute de los yates de gama alta. En\" \/>\n<meta name=\"robots\" content=\"index, follow, max-snippet:-1, max-image-preview:large, max-video-preview:-1\" \/>\n<link rel=\"canonical\" href=\"https:\/\/www.berthonspain.com\/es\/gestion-de-yates\/\" \/>\n<meta property=\"og:locale\" content=\"es_ES\" \/>\n<meta property=\"og:type\" content=\"article\" \/>\n<meta property=\"og:title\" content=\"Gesti\u00f3n de Yates - Berthon Spain\" \/>\n<meta property=\"og:description\" content=\"Gesti\u00f3n de Yates - La gesti\u00f3n de superyates implica un enfoque polifac\u00e9tico para garantizar el buen funcionamiento, mantenimiento y disfrute de los yates de gama alta. En\" \/>\n<meta property=\"og:url\" content=\"https:\/\/www.berthonspain.com\/es\/gestion-de-yates\/\" \/>\n<meta property=\"og:site_name\" content=\"Berthon Spain\" \/>\n<meta property=\"article:publisher\" content=\"https:\/\/www.facebook.com\/berthonspain\/\" \/>\n<meta property=\"article:modified_time\" content=\"2024-02-19T13:30:31+00:00\" \/>\n<meta property=\"og:image\" content=\"https:\/\/www.berthonspain.com\/wp-content\/uploads\/2024\/01\/yacht-management-1-600x819.jpg\" \/>\n<meta name=\"twitter:card\" content=\"summary_large_image\" \/>\n<meta name=\"twitter:label1\" content=\"Tiempo de lectura\" \/>\n\t<meta name=\"twitter:data1\" content=\"3 minutos\" \/>\n<script type=\"application\/ld+json\" class=\"yoast-schema-graph\">{\"@context\":\"https:\/\/schema.org\",\"@graph\":[{\"@type\":\"WebPage\",\"@id\":\"https:\/\/www.berthonspain.com\/es\/gestion-de-yates\/\",\"url\":\"https:\/\/www.berthonspain.com\/es\/gestion-de-yates\/\",\"name\":\"Gesti\u00f3n de Yates - Berthon Spain\",\"isPartOf\":{\"@id\":\"https:\/\/www.berthonspain.com\/es\/#website\"},\"primaryImageOfPage\":{\"@id\":\"https:\/\/www.berthonspain.com\/es\/gestion-de-yates\/#primaryimage\"},\"image\":{\"@id\":\"https:\/\/www.berthonspain.com\/es\/gestion-de-yates\/#primaryimage\"},\"thumbnailUrl\":\"https:\/\/www.berthonspain.com\/wp-content\/uploads\/2024\/01\/yacht-management-1-600x819.jpg\",\"datePublished\":\"2024-01-02T16:38:58+00:00\",\"dateModified\":\"2024-02-19T13:30:31+00:00\",\"description\":\"Gesti\u00f3n de Yates - La gesti\u00f3n de superyates implica un enfoque polifac\u00e9tico para garantizar el buen funcionamiento, mantenimiento y disfrute de los yates de gama alta. En\",\"breadcrumb\":{\"@id\":\"https:\/\/www.berthonspain.com\/es\/gestion-de-yates\/#breadcrumb\"},\"inLanguage\":\"es\",\"potentialAction\":[{\"@type\":\"ReadAction\",\"target\":[\"https:\/\/www.berthonspain.com\/es\/gestion-de-yates\/\"]}]},{\"@type\":\"ImageObject\",\"inLanguage\":\"es\",\"@id\":\"https:\/\/www.berthonspain.com\/es\/gestion-de-yates\/#primaryimage\",\"url\":\"https:\/\/www.berthonspain.com\/wp-content\/uploads\/2024\/01\/yacht-management-1-600x819.jpg\",\"contentUrl\":\"https:\/\/www.berthonspain.com\/wp-content\/uploads\/2024\/01\/yacht-management-1-600x819.jpg\"},{\"@type\":\"BreadcrumbList\",\"@id\":\"https:\/\/www.berthonspain.com\/es\/gestion-de-yates\/#breadcrumb\",\"itemListElement\":[{\"@type\":\"ListItem\",\"position\":1,\"name\":\"Home\",\"item\":\"https:\/\/www.berthonspain.com\/es\/\"},{\"@type\":\"ListItem\",\"position\":2,\"name\":\"Gesti\u00f3n de Yates\"}]},{\"@type\":\"WebSite\",\"@id\":\"https:\/\/www.berthonspain.com\/es\/#website\",\"url\":\"https:\/\/www.berthonspain.com\/es\/\",\"name\":\"Berthon Spain\",\"description\":\"Refit - Guardiennage - Engineering - Fabrication - Winch &amp; Windlass Servicing\",\"publisher\":{\"@id\":\"https:\/\/www.berthonspain.com\/es\/#organization\"},\"potentialAction\":[{\"@type\":\"SearchAction\",\"target\":{\"@type\":\"EntryPoint\",\"urlTemplate\":\"https:\/\/www.berthonspain.com\/es\/?s={search_term_string}\"},\"query-input\":{\"@type\":\"PropertyValueSpecification\",\"valueRequired\":true,\"valueName\":\"search_term_string\"}}],\"inLanguage\":\"es\"},{\"@type\":\"Organization\",\"@id\":\"https:\/\/www.berthonspain.com\/es\/#organization\",\"name\":\"Berthon Spain\",\"url\":\"https:\/\/www.berthonspain.com\/es\/\",\"logo\":{\"@type\":\"ImageObject\",\"inLanguage\":\"es\",\"@id\":\"https:\/\/www.berthonspain.com\/es\/#\/schema\/logo\/image\/\",\"url\":\"https:\/\/www.berthonspain.com\/wp-content\/uploads\/2019\/05\/logo.png\",\"contentUrl\":\"https:\/\/www.berthonspain.com\/wp-content\/uploads\/2019\/05\/logo.png\",\"width\":186,\"height\":66,\"caption\":\"Berthon Spain\"},\"image\":{\"@id\":\"https:\/\/www.berthonspain.com\/es\/#\/schema\/logo\/image\/\"},\"sameAs\":[\"https:\/\/www.facebook.com\/berthonspain\/\"]}]}<\/script>\n<!-- \/ Yoast SEO plugin. -->","yoast_head_json":{"title":"Gesti\u00f3n de Yates - Berthon Spain","description":"Gesti\u00f3n de Yates - La gesti\u00f3n de superyates implica un enfoque polifac\u00e9tico para garantizar el buen funcionamiento, mantenimiento y disfrute de los yates de gama alta. En","robots":{"index":"index","follow":"follow","max-snippet":"max-snippet:-1","max-image-preview":"max-image-preview:large","max-video-preview":"max-video-preview:-1"},"canonical":"https:\/\/www.berthonspain.com\/es\/gestion-de-yates\/","og_locale":"es_ES","og_type":"article","og_title":"Gesti\u00f3n de Yates - Berthon Spain","og_description":"Gesti\u00f3n de Yates - La gesti\u00f3n de superyates implica un enfoque polifac\u00e9tico para garantizar el buen funcionamiento, mantenimiento y disfrute de los yates de gama alta. En","og_url":"https:\/\/www.berthonspain.com\/es\/gestion-de-yates\/","og_site_name":"Berthon Spain","article_publisher":"https:\/\/www.facebook.com\/berthonspain\/","article_modified_time":"2024-02-19T13:30:31+00:00","og_image":[{"url":"https:\/\/www.berthonspain.com\/wp-content\/uploads\/2024\/01\/yacht-management-1-600x819.jpg","type":"","width":"","height":""}],"twitter_card":"summary_large_image","twitter_misc":{"Tiempo de lectura":"3 minutos"},"schema":{"@context":"https:\/\/schema.org","@graph":[{"@type":"WebPage","@id":"https:\/\/www.berthonspain.com\/es\/gestion-de-yates\/","url":"https:\/\/www.berthonspain.com\/es\/gestion-de-yates\/","name":"Gesti\u00f3n de Yates - Berthon Spain","isPartOf":{"@id":"https:\/\/www.berthonspain.com\/es\/#website"},"primaryImageOfPage":{"@id":"https:\/\/www.berthonspain.com\/es\/gestion-de-yates\/#primaryimage"},"image":{"@id":"https:\/\/www.berthonspain.com\/es\/gestion-de-yates\/#primaryimage"},"thumbnailUrl":"https:\/\/www.berthonspain.com\/wp-content\/uploads\/2024\/01\/yacht-management-1-600x819.jpg","datePublished":"2024-01-02T16:38:58+00:00","dateModified":"2024-02-19T13:30:31+00:00","description":"Gesti\u00f3n de Yates - La gesti\u00f3n de superyates implica un enfoque polifac\u00e9tico para garantizar el buen funcionamiento, mantenimiento y disfrute de los yates de gama alta. En","breadcrumb":{"@id":"https:\/\/www.berthonspain.com\/es\/gestion-de-yates\/#breadcrumb"},"inLanguage":"es","potentialAction":[{"@type":"ReadAction","target":["https:\/\/www.berthonspain.com\/es\/gestion-de-yates\/"]}]},{"@type":"ImageObject","inLanguage":"es","@id":"https:\/\/www.berthonspain.com\/es\/gestion-de-yates\/#primaryimage","url":"https:\/\/www.berthonspain.com\/wp-content\/uploads\/2024\/01\/yacht-management-1-600x819.jpg","contentUrl":"https:\/\/www.berthonspain.com\/wp-content\/uploads\/2024\/01\/yacht-management-1-600x819.jpg"},{"@type":"BreadcrumbList","@id":"https:\/\/www.berthonspain.com\/es\/gestion-de-yates\/#breadcrumb","itemListElement":[{"@type":"ListItem","position":1,"name":"Home","item":"https:\/\/www.berthonspain.com\/es\/"},{"@type":"ListItem","position":2,"name":"Gesti\u00f3n de Yates"}]},{"@type":"WebSite","@id":"https:\/\/www.berthonspain.com\/es\/#website","url":"https:\/\/www.berthonspain.com\/es\/","name":"Berthon Spain","description":"Refit - Guardiennage - Engineering - Fabrication - Winch &amp; Windlass Servicing","publisher":{"@id":"https:\/\/www.berthonspain.com\/es\/#organization"},"potentialAction":[{"@type":"SearchAction","target":{"@type":"EntryPoint","urlTemplate":"https:\/\/www.berthonspain.com\/es\/?s={search_term_string}"},"query-input":{"@type":"PropertyValueSpecification","valueRequired":true,"valueName":"search_term_string"}}],"inLanguage":"es"},{"@type":"Organization","@id":"https:\/\/www.berthonspain.com\/es\/#organization","name":"Berthon Spain","url":"https:\/\/www.berthonspain.com\/es\/","logo":{"@type":"ImageObject","inLanguage":"es","@id":"https:\/\/www.berthonspain.com\/es\/#\/schema\/logo\/image\/","url":"https:\/\/www.berthonspain.com\/wp-content\/uploads\/2019\/05\/logo.png","contentUrl":"https:\/\/www.berthonspain.com\/wp-content\/uploads\/2019\/05\/logo.png","width":186,"height":66,"caption":"Berthon Spain"},"image":{"@id":"https:\/\/www.berthonspain.com\/es\/#\/schema\/logo\/image\/"},"sameAs":["https:\/\/www.facebook.com\/berthonspain\/"]}]}},"_links":{"self":[{"href":"https:\/\/www.berthonspain.com\/es\/wp-json\/wp\/v2\/pages\/4837","targetHints":{"allow":["GET"]}}],"collection":[{"href":"https:\/\/www.berthonspain.com\/es\/wp-json\/wp\/v2\/pages"}],"about":[{"href":"https:\/\/www.berthonspain.com\/es\/wp-json\/wp\/v2\/types\/page"}],"author":[{"embeddable":true,"href":"https:\/\/www.berthonspain.com\/es\/wp-json\/wp\/v2\/users\/1"}],"replies":[{"embeddable":true,"href":"https:\/\/www.berthonspain.com\/es\/wp-json\/wp\/v2\/comments?post=4837"}],"version-history":[{"count":3,"href":"https:\/\/www.berthonspain.com\/es\/wp-json\/wp\/v2\/pages\/4837\/revisions"}],"predecessor-version":[{"id":4849,"href":"https:\/\/www.berthonspain.com\/es\/wp-json\/wp\/v2\/pages\/4837\/revisions\/4849"}],"wp:attachment":[{"href":"https:\/\/www.berthonspain.com\/es\/wp-json\/wp\/v2\/media?parent=4837"}],"curies":[{"name":"wp","href":"https:\/\/api.w.org\/{rel}","templated":true}]}}