{"id":4820,"date":"2024-01-02T16:26:36","date_gmt":"2024-01-02T16:26:36","guid":{"rendered":"https:\/\/www.berthonspain.com\/refacciones-y-servicios-para-yates\/electronica-de-yates\/starlink-internet-and-wifi-onboard\/"},"modified":"2024-02-21T15:47:44","modified_gmt":"2024-02-21T15:47:44","slug":"internet-y-wifi-a-bordo-e-instalacion-de-starlink","status":"publish","type":"page","link":"https:\/\/www.berthonspain.com\/es\/electronica-de-yates\/internet-y-wifi-a-bordo-e-instalacion-de-starlink\/","title":{"rendered":"Internet y WiFi a Bordo e Instalaci\u00f3n de Starlink"},"content":{"rendered":"<p><img loading=\"lazy\" decoding=\"async\" class=\"alignright wp-image-4895\" src=\"https:\/\/www.berthonspain.com\/wp-content\/uploads\/2024\/02\/Starlink-1.jpg\" alt=\"Starlink\" width=\"250\" height=\"333\" srcset=\"https:\/\/www.berthonspain.com\/wp-content\/uploads\/2024\/02\/Starlink-1.jpg 768w, https:\/\/www.berthonspain.com\/wp-content\/uploads\/2024\/02\/Starlink-1-600x800.jpg 600w\" sizes=\"auto, (max-width: 250px) 100vw, 250px\" \/>La conectividad a Internet es ahora un aspecto vital de la experiencia en un superyate. En los \u00faltimos a\u00f1os, disponer de acceso a Internet a bordo ha pasado de ser un lujo a una necesidad, lo que refleja las exigencias y expectativas modernas de pasajeros y tripulaci\u00f3n.<\/p>\n<p>El acceso a Internet a bordo permite supervisar y controlar a distancia diversos sistemas de a bordo, como c\u00e1maras de seguridad, climatizaci\u00f3n, iluminaci\u00f3n y sistemas de entretenimiento. Esto permite a los miembros de la tripulaci\u00f3n gestionar eficazmente las operaciones del yate, incluso cuando no est\u00e1n f\u00edsicamente presentes en determinadas \u00e1reas. La tripulaci\u00f3n tambi\u00e9n puede acceder a previsiones meteorol\u00f3gicas actualizadas, cartas de navegaci\u00f3n y avisos, as\u00ed como conectar f\u00e1cilmente con los servicios de asistencia de emergencia en caso de necesidad.<\/p>\n","protected":false},"excerpt":{"rendered":"<p>La conectividad a Internet es ahora un aspecto vital de la experiencia en un superyate. En los \u00faltimos a\u00f1os, disponer de acceso a Internet a bordo ha pasado de ser&#8230;<\/p>\n","protected":false},"author":1,"featured_media":0,"parent":4714,"menu_order":0,"comment_status":"closed","ping_status":"closed","template":"","meta":{"_acf_changed":false,"footnotes":""},"class_list":["post-4820","page","type-page","status-publish","hentry"],"acf":[],"yoast_head":"<!-- This site is optimized with the Yoast SEO plugin v26.8 - https:\/\/yoast.com\/product\/yoast-seo-wordpress\/ -->\n<title>Internet y WiFi a Bordo e Instalaci\u00f3n de Starlink - Berthon Spain<\/title>\n<meta name=\"description\" content=\"Internet y WiFi a Bordo e Instalaci\u00f3n de Starlink - La conectividad a Internet es ahora un aspecto vital de la experiencia en un superyate. En los \u00faltimos a\u00f1os, disponer de acceso a Internet a bordo ha\" \/>\n<meta name=\"robots\" content=\"index, follow, max-snippet:-1, max-image-preview:large, max-video-preview:-1\" \/>\n<link rel=\"canonical\" href=\"https:\/\/www.berthonspain.com\/es\/electronica-de-yates\/internet-y-wifi-a-bordo-e-instalacion-de-starlink\/\" \/>\n<meta property=\"og:locale\" content=\"es_ES\" \/>\n<meta property=\"og:type\" content=\"article\" \/>\n<meta property=\"og:title\" content=\"Internet y WiFi a Bordo e Instalaci\u00f3n de Starlink - Berthon Spain\" \/>\n<meta property=\"og:description\" content=\"Internet y WiFi a Bordo e Instalaci\u00f3n de Starlink - La conectividad a Internet es ahora un aspecto vital de la experiencia en un superyate. En los \u00faltimos a\u00f1os, disponer de acceso a Internet a bordo ha\" \/>\n<meta property=\"og:url\" content=\"https:\/\/www.berthonspain.com\/es\/electronica-de-yates\/internet-y-wifi-a-bordo-e-instalacion-de-starlink\/\" \/>\n<meta property=\"og:site_name\" content=\"Berthon Spain\" \/>\n<meta property=\"article:publisher\" content=\"https:\/\/www.facebook.com\/berthonspain\/\" \/>\n<meta property=\"article:modified_time\" content=\"2024-02-21T15:47:44+00:00\" \/>\n<meta property=\"og:image\" content=\"https:\/\/www.berthonspain.com\/wp-content\/uploads\/2024\/02\/Starlink-1.jpg\" \/>\n<meta name=\"twitter:card\" content=\"summary_large_image\" \/>\n<meta name=\"twitter:label1\" content=\"Tiempo de lectura\" \/>\n\t<meta name=\"twitter:data1\" content=\"1 minuto\" \/>\n<script type=\"application\/ld+json\" class=\"yoast-schema-graph\">{\"@context\":\"https:\/\/schema.org\",\"@graph\":[{\"@type\":\"WebPage\",\"@id\":\"https:\/\/www.berthonspain.com\/es\/electronica-de-yates\/internet-y-wifi-a-bordo-e-instalacion-de-starlink\/\",\"url\":\"https:\/\/www.berthonspain.com\/es\/electronica-de-yates\/internet-y-wifi-a-bordo-e-instalacion-de-starlink\/\",\"name\":\"Internet y WiFi a Bordo e Instalaci\u00f3n de Starlink - Berthon Spain\",\"isPartOf\":{\"@id\":\"https:\/\/www.berthonspain.com\/es\/#website\"},\"primaryImageOfPage\":{\"@id\":\"https:\/\/www.berthonspain.com\/es\/electronica-de-yates\/internet-y-wifi-a-bordo-e-instalacion-de-starlink\/#primaryimage\"},\"image\":{\"@id\":\"https:\/\/www.berthonspain.com\/es\/electronica-de-yates\/internet-y-wifi-a-bordo-e-instalacion-de-starlink\/#primaryimage\"},\"thumbnailUrl\":\"https:\/\/www.berthonspain.com\/wp-content\/uploads\/2024\/02\/Starlink-1.jpg\",\"datePublished\":\"2024-01-02T16:26:36+00:00\",\"dateModified\":\"2024-02-21T15:47:44+00:00\",\"description\":\"Internet y WiFi a Bordo e Instalaci\u00f3n de Starlink - La conectividad a Internet es ahora un aspecto vital de la experiencia en un superyate. En los \u00faltimos a\u00f1os, disponer de acceso a Internet a bordo ha\",\"breadcrumb\":{\"@id\":\"https:\/\/www.berthonspain.com\/es\/electronica-de-yates\/internet-y-wifi-a-bordo-e-instalacion-de-starlink\/#breadcrumb\"},\"inLanguage\":\"es\",\"potentialAction\":[{\"@type\":\"ReadAction\",\"target\":[\"https:\/\/www.berthonspain.com\/es\/electronica-de-yates\/internet-y-wifi-a-bordo-e-instalacion-de-starlink\/\"]}]},{\"@type\":\"ImageObject\",\"inLanguage\":\"es\",\"@id\":\"https:\/\/www.berthonspain.com\/es\/electronica-de-yates\/internet-y-wifi-a-bordo-e-instalacion-de-starlink\/#primaryimage\",\"url\":\"https:\/\/www.berthonspain.com\/wp-content\/uploads\/2024\/02\/Starlink-1.jpg\",\"contentUrl\":\"https:\/\/www.berthonspain.com\/wp-content\/uploads\/2024\/02\/Starlink-1.jpg\"},{\"@type\":\"BreadcrumbList\",\"@id\":\"https:\/\/www.berthonspain.com\/es\/electronica-de-yates\/internet-y-wifi-a-bordo-e-instalacion-de-starlink\/#breadcrumb\",\"itemListElement\":[{\"@type\":\"ListItem\",\"position\":1,\"name\":\"Home\",\"item\":\"https:\/\/www.berthonspain.com\/es\/\"},{\"@type\":\"ListItem\",\"position\":2,\"name\":\"Electr\u00f3nica de Yates\",\"item\":\"https:\/\/www.berthonspain.com\/es\/electronica-de-yates\/\"},{\"@type\":\"ListItem\",\"position\":3,\"name\":\"Internet y WiFi a Bordo e Instalaci\u00f3n de Starlink\"}]},{\"@type\":\"WebSite\",\"@id\":\"https:\/\/www.berthonspain.com\/es\/#website\",\"url\":\"https:\/\/www.berthonspain.com\/es\/\",\"name\":\"Berthon Spain\",\"description\":\"Refit - Guardiennage - Engineering - Fabrication - Winch &amp; Windlass Servicing\",\"publisher\":{\"@id\":\"https:\/\/www.berthonspain.com\/es\/#organization\"},\"potentialAction\":[{\"@type\":\"SearchAction\",\"target\":{\"@type\":\"EntryPoint\",\"urlTemplate\":\"https:\/\/www.berthonspain.com\/es\/?s={search_term_string}\"},\"query-input\":{\"@type\":\"PropertyValueSpecification\",\"valueRequired\":true,\"valueName\":\"search_term_string\"}}],\"inLanguage\":\"es\"},{\"@type\":\"Organization\",\"@id\":\"https:\/\/www.berthonspain.com\/es\/#organization\",\"name\":\"Berthon Spain\",\"url\":\"https:\/\/www.berthonspain.com\/es\/\",\"logo\":{\"@type\":\"ImageObject\",\"inLanguage\":\"es\",\"@id\":\"https:\/\/www.berthonspain.com\/es\/#\/schema\/logo\/image\/\",\"url\":\"https:\/\/www.berthonspain.com\/wp-content\/uploads\/2019\/05\/logo.png\",\"contentUrl\":\"https:\/\/www.berthonspain.com\/wp-content\/uploads\/2019\/05\/logo.png\",\"width\":186,\"height\":66,\"caption\":\"Berthon Spain\"},\"image\":{\"@id\":\"https:\/\/www.berthonspain.com\/es\/#\/schema\/logo\/image\/\"},\"sameAs\":[\"https:\/\/www.facebook.com\/berthonspain\/\"]}]}<\/script>\n<!-- \/ Yoast SEO plugin. -->","yoast_head_json":{"title":"Internet y WiFi a Bordo e Instalaci\u00f3n de Starlink - Berthon Spain","description":"Internet y WiFi a Bordo e Instalaci\u00f3n de Starlink - La conectividad a Internet es ahora un aspecto vital de la experiencia en un superyate. En los \u00faltimos a\u00f1os, disponer de acceso a Internet a bordo ha","robots":{"index":"index","follow":"follow","max-snippet":"max-snippet:-1","max-image-preview":"max-image-preview:large","max-video-preview":"max-video-preview:-1"},"canonical":"https:\/\/www.berthonspain.com\/es\/electronica-de-yates\/internet-y-wifi-a-bordo-e-instalacion-de-starlink\/","og_locale":"es_ES","og_type":"article","og_title":"Internet y WiFi a Bordo e Instalaci\u00f3n de Starlink - Berthon Spain","og_description":"Internet y WiFi a Bordo e Instalaci\u00f3n de Starlink - La conectividad a Internet es ahora un aspecto vital de la experiencia en un superyate. En los \u00faltimos a\u00f1os, disponer de acceso a Internet a bordo ha","og_url":"https:\/\/www.berthonspain.com\/es\/electronica-de-yates\/internet-y-wifi-a-bordo-e-instalacion-de-starlink\/","og_site_name":"Berthon Spain","article_publisher":"https:\/\/www.facebook.com\/berthonspain\/","article_modified_time":"2024-02-21T15:47:44+00:00","og_image":[{"url":"https:\/\/www.berthonspain.com\/wp-content\/uploads\/2024\/02\/Starlink-1.jpg","type":"","width":"","height":""}],"twitter_card":"summary_large_image","twitter_misc":{"Tiempo de lectura":"1 minuto"},"schema":{"@context":"https:\/\/schema.org","@graph":[{"@type":"WebPage","@id":"https:\/\/www.berthonspain.com\/es\/electronica-de-yates\/internet-y-wifi-a-bordo-e-instalacion-de-starlink\/","url":"https:\/\/www.berthonspain.com\/es\/electronica-de-yates\/internet-y-wifi-a-bordo-e-instalacion-de-starlink\/","name":"Internet y WiFi a Bordo e Instalaci\u00f3n de Starlink - Berthon Spain","isPartOf":{"@id":"https:\/\/www.berthonspain.com\/es\/#website"},"primaryImageOfPage":{"@id":"https:\/\/www.berthonspain.com\/es\/electronica-de-yates\/internet-y-wifi-a-bordo-e-instalacion-de-starlink\/#primaryimage"},"image":{"@id":"https:\/\/www.berthonspain.com\/es\/electronica-de-yates\/internet-y-wifi-a-bordo-e-instalacion-de-starlink\/#primaryimage"},"thumbnailUrl":"https:\/\/www.berthonspain.com\/wp-content\/uploads\/2024\/02\/Starlink-1.jpg","datePublished":"2024-01-02T16:26:36+00:00","dateModified":"2024-02-21T15:47:44+00:00","description":"Internet y WiFi a Bordo e Instalaci\u00f3n de Starlink - La conectividad a Internet es ahora un aspecto vital de la experiencia en un superyate. En los \u00faltimos a\u00f1os, disponer de acceso a Internet a bordo ha","breadcrumb":{"@id":"https:\/\/www.berthonspain.com\/es\/electronica-de-yates\/internet-y-wifi-a-bordo-e-instalacion-de-starlink\/#breadcrumb"},"inLanguage":"es","potentialAction":[{"@type":"ReadAction","target":["https:\/\/www.berthonspain.com\/es\/electronica-de-yates\/internet-y-wifi-a-bordo-e-instalacion-de-starlink\/"]}]},{"@type":"ImageObject","inLanguage":"es","@id":"https:\/\/www.berthonspain.com\/es\/electronica-de-yates\/internet-y-wifi-a-bordo-e-instalacion-de-starlink\/#primaryimage","url":"https:\/\/www.berthonspain.com\/wp-content\/uploads\/2024\/02\/Starlink-1.jpg","contentUrl":"https:\/\/www.berthonspain.com\/wp-content\/uploads\/2024\/02\/Starlink-1.jpg"},{"@type":"BreadcrumbList","@id":"https:\/\/www.berthonspain.com\/es\/electronica-de-yates\/internet-y-wifi-a-bordo-e-instalacion-de-starlink\/#breadcrumb","itemListElement":[{"@type":"ListItem","position":1,"name":"Home","item":"https:\/\/www.berthonspain.com\/es\/"},{"@type":"ListItem","position":2,"name":"Electr\u00f3nica de Yates","item":"https:\/\/www.berthonspain.com\/es\/electronica-de-yates\/"},{"@type":"ListItem","position":3,"name":"Internet y WiFi a Bordo e Instalaci\u00f3n de Starlink"}]},{"@type":"WebSite","@id":"https:\/\/www.berthonspain.com\/es\/#website","url":"https:\/\/www.berthonspain.com\/es\/","name":"Berthon Spain","description":"Refit - Guardiennage - Engineering - Fabrication - Winch &amp; Windlass Servicing","publisher":{"@id":"https:\/\/www.berthonspain.com\/es\/#organization"},"potentialAction":[{"@type":"SearchAction","target":{"@type":"EntryPoint","urlTemplate":"https:\/\/www.berthonspain.com\/es\/?s={search_term_string}"},"query-input":{"@type":"PropertyValueSpecification","valueRequired":true,"valueName":"search_term_string"}}],"inLanguage":"es"},{"@type":"Organization","@id":"https:\/\/www.berthonspain.com\/es\/#organization","name":"Berthon Spain","url":"https:\/\/www.berthonspain.com\/es\/","logo":{"@type":"ImageObject","inLanguage":"es","@id":"https:\/\/www.berthonspain.com\/es\/#\/schema\/logo\/image\/","url":"https:\/\/www.berthonspain.com\/wp-content\/uploads\/2019\/05\/logo.png","contentUrl":"https:\/\/www.berthonspain.com\/wp-content\/uploads\/2019\/05\/logo.png","width":186,"height":66,"caption":"Berthon Spain"},"image":{"@id":"https:\/\/www.berthonspain.com\/es\/#\/schema\/logo\/image\/"},"sameAs":["https:\/\/www.facebook.com\/berthonspain\/"]}]}},"_links":{"self":[{"href":"https:\/\/www.berthonspain.com\/es\/wp-json\/wp\/v2\/pages\/4820","targetHints":{"allow":["GET"]}}],"collection":[{"href":"https:\/\/www.berthonspain.com\/es\/wp-json\/wp\/v2\/pages"}],"about":[{"href":"https:\/\/www.berthonspain.com\/es\/wp-json\/wp\/v2\/types\/page"}],"author":[{"embeddable":true,"href":"https:\/\/www.berthonspain.com\/es\/wp-json\/wp\/v2\/users\/1"}],"replies":[{"embeddable":true,"href":"https:\/\/www.berthonspain.com\/es\/wp-json\/wp\/v2\/comments?post=4820"}],"version-history":[{"count":6,"href":"https:\/\/www.berthonspain.com\/es\/wp-json\/wp\/v2\/pages\/4820\/revisions"}],"predecessor-version":[{"id":4909,"href":"https:\/\/www.berthonspain.com\/es\/wp-json\/wp\/v2\/pages\/4820\/revisions\/4909"}],"up":[{"embeddable":true,"href":"https:\/\/www.berthonspain.com\/es\/wp-json\/wp\/v2\/pages\/4714"}],"wp:attachment":[{"href":"https:\/\/www.berthonspain.com\/es\/wp-json\/wp\/v2\/media?parent=4820"}],"curies":[{"name":"wp","href":"https:\/\/api.w.org\/{rel}","templated":true}]}}