{"id":4808,"date":"2022-09-30T11:36:47","date_gmt":"2022-09-30T10:36:47","guid":{"rendered":"https:\/\/www.berthonspain.com\/refacciones-y-servicios-para-yates\/custodia\/yacht-maintenance\/"},"modified":"2024-02-19T12:59:19","modified_gmt":"2024-02-19T12:59:19","slug":"mantenimiento-de-yates","status":"publish","type":"page","link":"https:\/\/www.berthonspain.com\/es\/refit-servicios-para-yates\/custodia\/mantenimiento-de-yates\/","title":{"rendered":"Mantenimiento de Yates"},"content":{"rendered":"<p>Nuestra meta es evitar fallos y aver\u00edas mediante un mantenimiento peri\u00f3dico. La mejor manera de garantizar que los sistemas de su yate funcionen a la perfecci\u00f3n es realizar un servicio de mantenimiento programado de acuerdo con las directrices del fabricante. El equipo de servicio de Berthon Spain puede acceder a todas las d\u00e1rsenas del \u00e1rea de Palma para llevar a cabo el mantenimiento planificado de su yate o bote a motor.<\/p>\n","protected":false},"excerpt":{"rendered":"<p>Nuestra meta es evitar fallos y aver\u00edas mediante un mantenimiento peri\u00f3dico. La mejor manera de garantizar que los sistemas de su yate funcionen a la perfecci\u00f3n es realizar un servicio&#8230;<\/p>\n","protected":false},"author":3,"featured_media":3739,"parent":4785,"menu_order":0,"comment_status":"closed","ping_status":"closed","template":"","meta":{"_acf_changed":false,"footnotes":""},"class_list":["post-4808","page","type-page","status-publish","has-post-thumbnail","hentry"],"acf":[],"yoast_head":"<!-- This site is optimized with the Yoast SEO plugin v26.8 - https:\/\/yoast.com\/product\/yoast-seo-wordpress\/ -->\n<title>Mantenimiento de Yates - Berthon Spain<\/title>\n<meta name=\"description\" content=\"Berthon Spain offer a complete yacht service in Palma de Mallorca - we are a one-stop shop for yacht service.\" \/>\n<meta name=\"robots\" content=\"index, follow, max-snippet:-1, max-image-preview:large, max-video-preview:-1\" \/>\n<link rel=\"canonical\" href=\"https:\/\/www.berthonspain.com\/es\/refit-servicios-para-yates\/custodia\/mantenimiento-de-yates\/\" \/>\n<meta property=\"og:locale\" content=\"es_ES\" \/>\n<meta property=\"og:type\" content=\"article\" \/>\n<meta property=\"og:title\" content=\"Mantenimiento de Yates - Berthon Spain\" \/>\n<meta property=\"og:description\" content=\"Berthon Spain offer a complete yacht service in Palma de Mallorca - we are a one-stop shop for yacht service.\" \/>\n<meta property=\"og:url\" content=\"https:\/\/www.berthonspain.com\/es\/refit-servicios-para-yates\/custodia\/mantenimiento-de-yates\/\" \/>\n<meta property=\"og:site_name\" content=\"Berthon Spain\" \/>\n<meta property=\"article:publisher\" content=\"https:\/\/www.facebook.com\/berthonspain\/\" \/>\n<meta property=\"article:modified_time\" content=\"2024-02-19T12:59:19+00:00\" \/>\n<meta property=\"og:image\" content=\"https:\/\/www.berthonspain.com\/wp-content\/uploads\/2022\/09\/yacht-servicing-1200x600-1.jpg\" \/>\n\t<meta property=\"og:image:width\" content=\"1200\" \/>\n\t<meta property=\"og:image:height\" content=\"600\" \/>\n\t<meta property=\"og:image:type\" content=\"image\/jpeg\" \/>\n<meta name=\"twitter:card\" content=\"summary_large_image\" \/>\n<meta name=\"twitter:label1\" content=\"Tiempo de lectura\" \/>\n\t<meta name=\"twitter:data1\" content=\"4 minutos\" \/>\n<script type=\"application\/ld+json\" class=\"yoast-schema-graph\">{\"@context\":\"https:\/\/schema.org\",\"@graph\":[{\"@type\":\"WebPage\",\"@id\":\"https:\/\/www.berthonspain.com\/es\/refit-servicios-para-yates\/custodia\/mantenimiento-de-yates\/\",\"url\":\"https:\/\/www.berthonspain.com\/es\/refit-servicios-para-yates\/custodia\/mantenimiento-de-yates\/\",\"name\":\"Mantenimiento de Yates - Berthon Spain\",\"isPartOf\":{\"@id\":\"https:\/\/www.berthonspain.com\/es\/#website\"},\"primaryImageOfPage\":{\"@id\":\"https:\/\/www.berthonspain.com\/es\/refit-servicios-para-yates\/custodia\/mantenimiento-de-yates\/#primaryimage\"},\"image\":{\"@id\":\"https:\/\/www.berthonspain.com\/es\/refit-servicios-para-yates\/custodia\/mantenimiento-de-yates\/#primaryimage\"},\"thumbnailUrl\":\"https:\/\/www.berthonspain.com\/wp-content\/uploads\/2022\/09\/yacht-servicing-featured.jpg\",\"datePublished\":\"2022-09-30T10:36:47+00:00\",\"dateModified\":\"2024-02-19T12:59:19+00:00\",\"description\":\"Berthon Spain offer a complete yacht service in Palma de Mallorca - we are a one-stop shop for yacht service.\",\"breadcrumb\":{\"@id\":\"https:\/\/www.berthonspain.com\/es\/refit-servicios-para-yates\/custodia\/mantenimiento-de-yates\/#breadcrumb\"},\"inLanguage\":\"es\",\"potentialAction\":[{\"@type\":\"ReadAction\",\"target\":[\"https:\/\/www.berthonspain.com\/es\/refit-servicios-para-yates\/custodia\/mantenimiento-de-yates\/\"]}]},{\"@type\":\"ImageObject\",\"inLanguage\":\"es\",\"@id\":\"https:\/\/www.berthonspain.com\/es\/refit-servicios-para-yates\/custodia\/mantenimiento-de-yates\/#primaryimage\",\"url\":\"https:\/\/www.berthonspain.com\/wp-content\/uploads\/2022\/09\/yacht-servicing-featured.jpg\",\"contentUrl\":\"https:\/\/www.berthonspain.com\/wp-content\/uploads\/2022\/09\/yacht-servicing-featured.jpg\",\"width\":350,\"height\":250},{\"@type\":\"BreadcrumbList\",\"@id\":\"https:\/\/www.berthonspain.com\/es\/refit-servicios-para-yates\/custodia\/mantenimiento-de-yates\/#breadcrumb\",\"itemListElement\":[{\"@type\":\"ListItem\",\"position\":1,\"name\":\"Home\",\"item\":\"https:\/\/www.berthonspain.com\/es\/\"},{\"@type\":\"ListItem\",\"position\":2,\"name\":\"Refit Servicios para Yates\",\"item\":\"https:\/\/www.berthonspain.com\/es\/refit-servicios-para-yates\/\"},{\"@type\":\"ListItem\",\"position\":3,\"name\":\"Custodia\",\"item\":\"https:\/\/www.berthonspain.com\/es\/refit-servicios-para-yates\/custodia\/\"},{\"@type\":\"ListItem\",\"position\":4,\"name\":\"Mantenimiento de Yates\"}]},{\"@type\":\"WebSite\",\"@id\":\"https:\/\/www.berthonspain.com\/es\/#website\",\"url\":\"https:\/\/www.berthonspain.com\/es\/\",\"name\":\"Berthon Spain\",\"description\":\"Refit - Guardiennage - Engineering - Fabrication - Winch &amp; Windlass Servicing\",\"publisher\":{\"@id\":\"https:\/\/www.berthonspain.com\/es\/#organization\"},\"potentialAction\":[{\"@type\":\"SearchAction\",\"target\":{\"@type\":\"EntryPoint\",\"urlTemplate\":\"https:\/\/www.berthonspain.com\/es\/?s={search_term_string}\"},\"query-input\":{\"@type\":\"PropertyValueSpecification\",\"valueRequired\":true,\"valueName\":\"search_term_string\"}}],\"inLanguage\":\"es\"},{\"@type\":\"Organization\",\"@id\":\"https:\/\/www.berthonspain.com\/es\/#organization\",\"name\":\"Berthon Spain\",\"url\":\"https:\/\/www.berthonspain.com\/es\/\",\"logo\":{\"@type\":\"ImageObject\",\"inLanguage\":\"es\",\"@id\":\"https:\/\/www.berthonspain.com\/es\/#\/schema\/logo\/image\/\",\"url\":\"https:\/\/www.berthonspain.com\/wp-content\/uploads\/2019\/05\/logo.png\",\"contentUrl\":\"https:\/\/www.berthonspain.com\/wp-content\/uploads\/2019\/05\/logo.png\",\"width\":186,\"height\":66,\"caption\":\"Berthon Spain\"},\"image\":{\"@id\":\"https:\/\/www.berthonspain.com\/es\/#\/schema\/logo\/image\/\"},\"sameAs\":[\"https:\/\/www.facebook.com\/berthonspain\/\"]}]}<\/script>\n<!-- \/ Yoast SEO plugin. -->","yoast_head_json":{"title":"Mantenimiento de Yates - Berthon Spain","description":"Berthon Spain offer a complete yacht service in Palma de Mallorca - we are a one-stop shop for yacht service.","robots":{"index":"index","follow":"follow","max-snippet":"max-snippet:-1","max-image-preview":"max-image-preview:large","max-video-preview":"max-video-preview:-1"},"canonical":"https:\/\/www.berthonspain.com\/es\/refit-servicios-para-yates\/custodia\/mantenimiento-de-yates\/","og_locale":"es_ES","og_type":"article","og_title":"Mantenimiento de Yates - Berthon Spain","og_description":"Berthon Spain offer a complete yacht service in Palma de Mallorca - we are a one-stop shop for yacht service.","og_url":"https:\/\/www.berthonspain.com\/es\/refit-servicios-para-yates\/custodia\/mantenimiento-de-yates\/","og_site_name":"Berthon Spain","article_publisher":"https:\/\/www.facebook.com\/berthonspain\/","article_modified_time":"2024-02-19T12:59:19+00:00","og_image":[{"width":1200,"height":600,"url":"https:\/\/www.berthonspain.com\/wp-content\/uploads\/2022\/09\/yacht-servicing-1200x600-1.jpg","type":"image\/jpeg"}],"twitter_card":"summary_large_image","twitter_misc":{"Tiempo de lectura":"4 minutos"},"schema":{"@context":"https:\/\/schema.org","@graph":[{"@type":"WebPage","@id":"https:\/\/www.berthonspain.com\/es\/refit-servicios-para-yates\/custodia\/mantenimiento-de-yates\/","url":"https:\/\/www.berthonspain.com\/es\/refit-servicios-para-yates\/custodia\/mantenimiento-de-yates\/","name":"Mantenimiento de Yates - Berthon Spain","isPartOf":{"@id":"https:\/\/www.berthonspain.com\/es\/#website"},"primaryImageOfPage":{"@id":"https:\/\/www.berthonspain.com\/es\/refit-servicios-para-yates\/custodia\/mantenimiento-de-yates\/#primaryimage"},"image":{"@id":"https:\/\/www.berthonspain.com\/es\/refit-servicios-para-yates\/custodia\/mantenimiento-de-yates\/#primaryimage"},"thumbnailUrl":"https:\/\/www.berthonspain.com\/wp-content\/uploads\/2022\/09\/yacht-servicing-featured.jpg","datePublished":"2022-09-30T10:36:47+00:00","dateModified":"2024-02-19T12:59:19+00:00","description":"Berthon Spain offer a complete yacht service in Palma de Mallorca - we are a one-stop shop for yacht service.","breadcrumb":{"@id":"https:\/\/www.berthonspain.com\/es\/refit-servicios-para-yates\/custodia\/mantenimiento-de-yates\/#breadcrumb"},"inLanguage":"es","potentialAction":[{"@type":"ReadAction","target":["https:\/\/www.berthonspain.com\/es\/refit-servicios-para-yates\/custodia\/mantenimiento-de-yates\/"]}]},{"@type":"ImageObject","inLanguage":"es","@id":"https:\/\/www.berthonspain.com\/es\/refit-servicios-para-yates\/custodia\/mantenimiento-de-yates\/#primaryimage","url":"https:\/\/www.berthonspain.com\/wp-content\/uploads\/2022\/09\/yacht-servicing-featured.jpg","contentUrl":"https:\/\/www.berthonspain.com\/wp-content\/uploads\/2022\/09\/yacht-servicing-featured.jpg","width":350,"height":250},{"@type":"BreadcrumbList","@id":"https:\/\/www.berthonspain.com\/es\/refit-servicios-para-yates\/custodia\/mantenimiento-de-yates\/#breadcrumb","itemListElement":[{"@type":"ListItem","position":1,"name":"Home","item":"https:\/\/www.berthonspain.com\/es\/"},{"@type":"ListItem","position":2,"name":"Refit Servicios para Yates","item":"https:\/\/www.berthonspain.com\/es\/refit-servicios-para-yates\/"},{"@type":"ListItem","position":3,"name":"Custodia","item":"https:\/\/www.berthonspain.com\/es\/refit-servicios-para-yates\/custodia\/"},{"@type":"ListItem","position":4,"name":"Mantenimiento de Yates"}]},{"@type":"WebSite","@id":"https:\/\/www.berthonspain.com\/es\/#website","url":"https:\/\/www.berthonspain.com\/es\/","name":"Berthon Spain","description":"Refit - Guardiennage - Engineering - Fabrication - Winch &amp; Windlass Servicing","publisher":{"@id":"https:\/\/www.berthonspain.com\/es\/#organization"},"potentialAction":[{"@type":"SearchAction","target":{"@type":"EntryPoint","urlTemplate":"https:\/\/www.berthonspain.com\/es\/?s={search_term_string}"},"query-input":{"@type":"PropertyValueSpecification","valueRequired":true,"valueName":"search_term_string"}}],"inLanguage":"es"},{"@type":"Organization","@id":"https:\/\/www.berthonspain.com\/es\/#organization","name":"Berthon Spain","url":"https:\/\/www.berthonspain.com\/es\/","logo":{"@type":"ImageObject","inLanguage":"es","@id":"https:\/\/www.berthonspain.com\/es\/#\/schema\/logo\/image\/","url":"https:\/\/www.berthonspain.com\/wp-content\/uploads\/2019\/05\/logo.png","contentUrl":"https:\/\/www.berthonspain.com\/wp-content\/uploads\/2019\/05\/logo.png","width":186,"height":66,"caption":"Berthon Spain"},"image":{"@id":"https:\/\/www.berthonspain.com\/es\/#\/schema\/logo\/image\/"},"sameAs":["https:\/\/www.facebook.com\/berthonspain\/"]}]}},"_links":{"self":[{"href":"https:\/\/www.berthonspain.com\/es\/wp-json\/wp\/v2\/pages\/4808","targetHints":{"allow":["GET"]}}],"collection":[{"href":"https:\/\/www.berthonspain.com\/es\/wp-json\/wp\/v2\/pages"}],"about":[{"href":"https:\/\/www.berthonspain.com\/es\/wp-json\/wp\/v2\/types\/page"}],"author":[{"embeddable":true,"href":"https:\/\/www.berthonspain.com\/es\/wp-json\/wp\/v2\/users\/3"}],"replies":[{"embeddable":true,"href":"https:\/\/www.berthonspain.com\/es\/wp-json\/wp\/v2\/comments?post=4808"}],"version-history":[{"count":2,"href":"https:\/\/www.berthonspain.com\/es\/wp-json\/wp\/v2\/pages\/4808\/revisions"}],"predecessor-version":[{"id":4812,"href":"https:\/\/www.berthonspain.com\/es\/wp-json\/wp\/v2\/pages\/4808\/revisions\/4812"}],"up":[{"embeddable":true,"href":"https:\/\/www.berthonspain.com\/es\/wp-json\/wp\/v2\/pages\/4785"}],"wp:featuredmedia":[{"embeddable":true,"href":"https:\/\/www.berthonspain.com\/es\/wp-json\/wp\/v2\/media\/3739"}],"wp:attachment":[{"href":"https:\/\/www.berthonspain.com\/es\/wp-json\/wp\/v2\/media?parent=4808"}],"curies":[{"name":"wp","href":"https:\/\/api.w.org\/{rel}","templated":true}]}}