{"id":4760,"date":"2023-04-17T16:23:38","date_gmt":"2023-04-17T15:23:38","guid":{"rendered":"https:\/\/www.berthonspain.com\/refacciones-y-servicios-para-yates\/yacht-hydraulics\/"},"modified":"2024-02-19T10:29:35","modified_gmt":"2024-02-19T10:29:35","slug":"hidraulica","status":"publish","type":"page","link":"https:\/\/www.berthonspain.com\/es\/refit-servicios-para-yates\/hidraulica\/","title":{"rendered":"Hidr\u00e1ulica"},"content":{"rendered":"<p>Los sistemas hidr\u00e1ulicos se est\u00e1n convirtiendo en elementos vitales para el funcionamiento tanto de veleros como de embarcaciones a motor de todos los tama\u00f1os; el elemento clave y valioso de la hidr\u00e1ulica es su resistencia y su capacidad para soportar cargas masivas bajo presi\u00f3n. Estamos incorporando una gran variedad de sistemas hidr\u00e1ulicos en muchos de nuestros recientes proyectos de refacci\u00f3n de yates. Nuestro departamento hidr\u00e1ulico est\u00e1 interconectado con los departamentos el\u00e9ctrico y de ingenier\u00eda, adem\u00e1s de beneficiarse de nuestra fabricaci\u00f3n interna de piezas a medida. Este paquete completo nos permite controlar los trabajos de principio a fin sin necesidad de subcontratar mano de obra o piezas.<\/p>\n","protected":false},"excerpt":{"rendered":"<p>Los sistemas hidr\u00e1ulicos se est\u00e1n convirtiendo en elementos vitales para el funcionamiento tanto de veleros como de embarcaciones a motor de todos los tama\u00f1os; el elemento clave y valioso de&#8230;<\/p>\n","protected":false},"author":3,"featured_media":3787,"parent":4656,"menu_order":0,"comment_status":"closed","ping_status":"closed","template":"","meta":{"_acf_changed":false,"footnotes":""},"class_list":["post-4760","page","type-page","status-publish","has-post-thumbnail","hentry"],"acf":[],"yoast_head":"<!-- This site is optimized with the Yoast SEO plugin v26.8 - https:\/\/yoast.com\/product\/yoast-seo-wordpress\/ -->\n<title>Hidr\u00e1ulica - Berthon Spain<\/title>\n<meta name=\"description\" content=\"Berthon Spain&#039;s skilled technicians are capable of servicing and making repairs to all kinds of yacht hydraulics\/hydraulic systems.\" \/>\n<meta name=\"robots\" content=\"index, follow, max-snippet:-1, max-image-preview:large, max-video-preview:-1\" \/>\n<link rel=\"canonical\" href=\"https:\/\/www.berthonspain.com\/es\/refit-servicios-para-yates\/hidraulica\/\" \/>\n<meta property=\"og:locale\" content=\"es_ES\" \/>\n<meta property=\"og:type\" content=\"article\" \/>\n<meta property=\"og:title\" content=\"Hidr\u00e1ulica - Berthon Spain\" \/>\n<meta property=\"og:description\" content=\"Berthon Spain&#039;s skilled technicians are capable of servicing and making repairs to all kinds of yacht hydraulics\/hydraulic systems.\" \/>\n<meta property=\"og:url\" content=\"https:\/\/www.berthonspain.com\/es\/refit-servicios-para-yates\/hidraulica\/\" \/>\n<meta property=\"og:site_name\" content=\"Berthon Spain\" \/>\n<meta property=\"article:publisher\" content=\"https:\/\/www.facebook.com\/berthonspain\/\" \/>\n<meta property=\"article:modified_time\" content=\"2024-02-19T10:29:35+00:00\" \/>\n<meta property=\"og:image\" content=\"https:\/\/www.berthonspain.com\/wp-content\/uploads\/2023\/04\/yacht-hydraulics-1200x600-1.jpg\" \/>\n\t<meta property=\"og:image:width\" content=\"1200\" \/>\n\t<meta property=\"og:image:height\" content=\"600\" \/>\n\t<meta property=\"og:image:type\" content=\"image\/jpeg\" \/>\n<meta name=\"twitter:card\" content=\"summary_large_image\" \/>\n<meta name=\"twitter:label1\" content=\"Tiempo de lectura\" \/>\n\t<meta name=\"twitter:data1\" content=\"4 minutos\" \/>\n<script type=\"application\/ld+json\" class=\"yoast-schema-graph\">{\"@context\":\"https:\/\/schema.org\",\"@graph\":[{\"@type\":\"WebPage\",\"@id\":\"https:\/\/www.berthonspain.com\/es\/refit-servicios-para-yates\/hidraulica\/\",\"url\":\"https:\/\/www.berthonspain.com\/es\/refit-servicios-para-yates\/hidraulica\/\",\"name\":\"Hidr\u00e1ulica - Berthon Spain\",\"isPartOf\":{\"@id\":\"https:\/\/www.berthonspain.com\/es\/#website\"},\"primaryImageOfPage\":{\"@id\":\"https:\/\/www.berthonspain.com\/es\/refit-servicios-para-yates\/hidraulica\/#primaryimage\"},\"image\":{\"@id\":\"https:\/\/www.berthonspain.com\/es\/refit-servicios-para-yates\/hidraulica\/#primaryimage\"},\"thumbnailUrl\":\"https:\/\/www.berthonspain.com\/wp-content\/uploads\/2023\/04\/yacht-hydraulics-featured.jpg\",\"datePublished\":\"2023-04-17T15:23:38+00:00\",\"dateModified\":\"2024-02-19T10:29:35+00:00\",\"description\":\"Berthon Spain's skilled technicians are capable of servicing and making repairs to all kinds of yacht hydraulics\/hydraulic systems.\",\"breadcrumb\":{\"@id\":\"https:\/\/www.berthonspain.com\/es\/refit-servicios-para-yates\/hidraulica\/#breadcrumb\"},\"inLanguage\":\"es\",\"potentialAction\":[{\"@type\":\"ReadAction\",\"target\":[\"https:\/\/www.berthonspain.com\/es\/refit-servicios-para-yates\/hidraulica\/\"]}]},{\"@type\":\"ImageObject\",\"inLanguage\":\"es\",\"@id\":\"https:\/\/www.berthonspain.com\/es\/refit-servicios-para-yates\/hidraulica\/#primaryimage\",\"url\":\"https:\/\/www.berthonspain.com\/wp-content\/uploads\/2023\/04\/yacht-hydraulics-featured.jpg\",\"contentUrl\":\"https:\/\/www.berthonspain.com\/wp-content\/uploads\/2023\/04\/yacht-hydraulics-featured.jpg\",\"width\":350,\"height\":250},{\"@type\":\"BreadcrumbList\",\"@id\":\"https:\/\/www.berthonspain.com\/es\/refit-servicios-para-yates\/hidraulica\/#breadcrumb\",\"itemListElement\":[{\"@type\":\"ListItem\",\"position\":1,\"name\":\"Home\",\"item\":\"https:\/\/www.berthonspain.com\/es\/\"},{\"@type\":\"ListItem\",\"position\":2,\"name\":\"Refit Servicios para Yates\",\"item\":\"https:\/\/www.berthonspain.com\/es\/refit-servicios-para-yates\/\"},{\"@type\":\"ListItem\",\"position\":3,\"name\":\"Hidr\u00e1ulica\"}]},{\"@type\":\"WebSite\",\"@id\":\"https:\/\/www.berthonspain.com\/es\/#website\",\"url\":\"https:\/\/www.berthonspain.com\/es\/\",\"name\":\"Berthon Spain\",\"description\":\"Refit - Guardiennage - Engineering - Fabrication - Winch &amp; Windlass Servicing\",\"publisher\":{\"@id\":\"https:\/\/www.berthonspain.com\/es\/#organization\"},\"potentialAction\":[{\"@type\":\"SearchAction\",\"target\":{\"@type\":\"EntryPoint\",\"urlTemplate\":\"https:\/\/www.berthonspain.com\/es\/?s={search_term_string}\"},\"query-input\":{\"@type\":\"PropertyValueSpecification\",\"valueRequired\":true,\"valueName\":\"search_term_string\"}}],\"inLanguage\":\"es\"},{\"@type\":\"Organization\",\"@id\":\"https:\/\/www.berthonspain.com\/es\/#organization\",\"name\":\"Berthon Spain\",\"url\":\"https:\/\/www.berthonspain.com\/es\/\",\"logo\":{\"@type\":\"ImageObject\",\"inLanguage\":\"es\",\"@id\":\"https:\/\/www.berthonspain.com\/es\/#\/schema\/logo\/image\/\",\"url\":\"https:\/\/www.berthonspain.com\/wp-content\/uploads\/2019\/05\/logo.png\",\"contentUrl\":\"https:\/\/www.berthonspain.com\/wp-content\/uploads\/2019\/05\/logo.png\",\"width\":186,\"height\":66,\"caption\":\"Berthon Spain\"},\"image\":{\"@id\":\"https:\/\/www.berthonspain.com\/es\/#\/schema\/logo\/image\/\"},\"sameAs\":[\"https:\/\/www.facebook.com\/berthonspain\/\"]}]}<\/script>\n<!-- \/ Yoast SEO plugin. -->","yoast_head_json":{"title":"Hidr\u00e1ulica - Berthon Spain","description":"Berthon Spain's skilled technicians are capable of servicing and making repairs to all kinds of yacht hydraulics\/hydraulic systems.","robots":{"index":"index","follow":"follow","max-snippet":"max-snippet:-1","max-image-preview":"max-image-preview:large","max-video-preview":"max-video-preview:-1"},"canonical":"https:\/\/www.berthonspain.com\/es\/refit-servicios-para-yates\/hidraulica\/","og_locale":"es_ES","og_type":"article","og_title":"Hidr\u00e1ulica - Berthon Spain","og_description":"Berthon Spain's skilled technicians are capable of servicing and making repairs to all kinds of yacht hydraulics\/hydraulic systems.","og_url":"https:\/\/www.berthonspain.com\/es\/refit-servicios-para-yates\/hidraulica\/","og_site_name":"Berthon Spain","article_publisher":"https:\/\/www.facebook.com\/berthonspain\/","article_modified_time":"2024-02-19T10:29:35+00:00","og_image":[{"width":1200,"height":600,"url":"https:\/\/www.berthonspain.com\/wp-content\/uploads\/2023\/04\/yacht-hydraulics-1200x600-1.jpg","type":"image\/jpeg"}],"twitter_card":"summary_large_image","twitter_misc":{"Tiempo de lectura":"4 minutos"},"schema":{"@context":"https:\/\/schema.org","@graph":[{"@type":"WebPage","@id":"https:\/\/www.berthonspain.com\/es\/refit-servicios-para-yates\/hidraulica\/","url":"https:\/\/www.berthonspain.com\/es\/refit-servicios-para-yates\/hidraulica\/","name":"Hidr\u00e1ulica - Berthon Spain","isPartOf":{"@id":"https:\/\/www.berthonspain.com\/es\/#website"},"primaryImageOfPage":{"@id":"https:\/\/www.berthonspain.com\/es\/refit-servicios-para-yates\/hidraulica\/#primaryimage"},"image":{"@id":"https:\/\/www.berthonspain.com\/es\/refit-servicios-para-yates\/hidraulica\/#primaryimage"},"thumbnailUrl":"https:\/\/www.berthonspain.com\/wp-content\/uploads\/2023\/04\/yacht-hydraulics-featured.jpg","datePublished":"2023-04-17T15:23:38+00:00","dateModified":"2024-02-19T10:29:35+00:00","description":"Berthon Spain's skilled technicians are capable of servicing and making repairs to all kinds of yacht hydraulics\/hydraulic systems.","breadcrumb":{"@id":"https:\/\/www.berthonspain.com\/es\/refit-servicios-para-yates\/hidraulica\/#breadcrumb"},"inLanguage":"es","potentialAction":[{"@type":"ReadAction","target":["https:\/\/www.berthonspain.com\/es\/refit-servicios-para-yates\/hidraulica\/"]}]},{"@type":"ImageObject","inLanguage":"es","@id":"https:\/\/www.berthonspain.com\/es\/refit-servicios-para-yates\/hidraulica\/#primaryimage","url":"https:\/\/www.berthonspain.com\/wp-content\/uploads\/2023\/04\/yacht-hydraulics-featured.jpg","contentUrl":"https:\/\/www.berthonspain.com\/wp-content\/uploads\/2023\/04\/yacht-hydraulics-featured.jpg","width":350,"height":250},{"@type":"BreadcrumbList","@id":"https:\/\/www.berthonspain.com\/es\/refit-servicios-para-yates\/hidraulica\/#breadcrumb","itemListElement":[{"@type":"ListItem","position":1,"name":"Home","item":"https:\/\/www.berthonspain.com\/es\/"},{"@type":"ListItem","position":2,"name":"Refit Servicios para Yates","item":"https:\/\/www.berthonspain.com\/es\/refit-servicios-para-yates\/"},{"@type":"ListItem","position":3,"name":"Hidr\u00e1ulica"}]},{"@type":"WebSite","@id":"https:\/\/www.berthonspain.com\/es\/#website","url":"https:\/\/www.berthonspain.com\/es\/","name":"Berthon Spain","description":"Refit - Guardiennage - Engineering - Fabrication - Winch &amp; Windlass Servicing","publisher":{"@id":"https:\/\/www.berthonspain.com\/es\/#organization"},"potentialAction":[{"@type":"SearchAction","target":{"@type":"EntryPoint","urlTemplate":"https:\/\/www.berthonspain.com\/es\/?s={search_term_string}"},"query-input":{"@type":"PropertyValueSpecification","valueRequired":true,"valueName":"search_term_string"}}],"inLanguage":"es"},{"@type":"Organization","@id":"https:\/\/www.berthonspain.com\/es\/#organization","name":"Berthon Spain","url":"https:\/\/www.berthonspain.com\/es\/","logo":{"@type":"ImageObject","inLanguage":"es","@id":"https:\/\/www.berthonspain.com\/es\/#\/schema\/logo\/image\/","url":"https:\/\/www.berthonspain.com\/wp-content\/uploads\/2019\/05\/logo.png","contentUrl":"https:\/\/www.berthonspain.com\/wp-content\/uploads\/2019\/05\/logo.png","width":186,"height":66,"caption":"Berthon Spain"},"image":{"@id":"https:\/\/www.berthonspain.com\/es\/#\/schema\/logo\/image\/"},"sameAs":["https:\/\/www.facebook.com\/berthonspain\/"]}]}},"_links":{"self":[{"href":"https:\/\/www.berthonspain.com\/es\/wp-json\/wp\/v2\/pages\/4760","targetHints":{"allow":["GET"]}}],"collection":[{"href":"https:\/\/www.berthonspain.com\/es\/wp-json\/wp\/v2\/pages"}],"about":[{"href":"https:\/\/www.berthonspain.com\/es\/wp-json\/wp\/v2\/types\/page"}],"author":[{"embeddable":true,"href":"https:\/\/www.berthonspain.com\/es\/wp-json\/wp\/v2\/users\/3"}],"replies":[{"embeddable":true,"href":"https:\/\/www.berthonspain.com\/es\/wp-json\/wp\/v2\/comments?post=4760"}],"version-history":[{"count":2,"href":"https:\/\/www.berthonspain.com\/es\/wp-json\/wp\/v2\/pages\/4760\/revisions"}],"predecessor-version":[{"id":4767,"href":"https:\/\/www.berthonspain.com\/es\/wp-json\/wp\/v2\/pages\/4760\/revisions\/4767"}],"up":[{"embeddable":true,"href":"https:\/\/www.berthonspain.com\/es\/wp-json\/wp\/v2\/pages\/4656"}],"wp:featuredmedia":[{"embeddable":true,"href":"https:\/\/www.berthonspain.com\/es\/wp-json\/wp\/v2\/media\/3787"}],"wp:attachment":[{"href":"https:\/\/www.berthonspain.com\/es\/wp-json\/wp\/v2\/media?parent=4760"}],"curies":[{"name":"wp","href":"https:\/\/api.w.org\/{rel}","templated":true}]}}