{"id":4738,"date":"2024-01-02T16:27:36","date_gmt":"2024-01-02T16:27:36","guid":{"rendered":"https:\/\/www.berthonspain.com\/refacciones-y-servicios-para-yates\/electronica-de-yates\/navigation-equipment-installation\/"},"modified":"2024-03-19T13:42:44","modified_gmt":"2024-03-19T13:42:44","slug":"actualizacion-e-instalacion-de-equipos-de-navegacion","status":"publish","type":"page","link":"https:\/\/www.berthonspain.com\/es\/electronica-de-yates\/actualizacion-e-instalacion-de-equipos-de-navegacion\/","title":{"rendered":"Actualizaci\u00f3n e Instalaci\u00f3n de Equipos de Navegaci\u00f3n"},"content":{"rendered":"<p>La tecnolog\u00eda cambia r\u00e1pidamente en todos los \u00e1mbitos de la vida, y el sector n\u00e1utico no es diferente. Las tecnolog\u00edas disponibles hoy en d\u00eda son muy superiores a las de hace 10 a\u00f1os, y las capacidades de los equipos de navegaci\u00f3n y comunicaci\u00f3n de tu yate pueden mejorar enormemente con una renovaci\u00f3n del sistema. Esto puede incluir cualquier aspecto, desde cambiar al chartplotter m\u00e1s reciente, a\u00f1adir nuevos equipos como un radar o realizar un reacondicionamiento el\u00e9ctrico completo de tu equipo de navegaci\u00f3n y actualizar todos y cada uno de los dispositivos.<\/p>\n","protected":false},"excerpt":{"rendered":"<p>La tecnolog\u00eda cambia r\u00e1pidamente en todos los \u00e1mbitos de la vida, y el sector n\u00e1utico no es diferente. Las tecnolog\u00edas disponibles hoy en d\u00eda son muy superiores a las de&#8230;<\/p>\n","protected":false},"author":1,"featured_media":0,"parent":4714,"menu_order":0,"comment_status":"closed","ping_status":"closed","template":"","meta":{"_acf_changed":false,"footnotes":""},"class_list":["post-4738","page","type-page","status-publish","hentry"],"acf":[],"yoast_head":"<!-- This site is optimized with the Yoast SEO plugin v26.8 - https:\/\/yoast.com\/product\/yoast-seo-wordpress\/ -->\n<title>Actualizaci\u00f3n e Instalaci\u00f3n de Equipos de Navegaci\u00f3n - Berthon Spain<\/title>\n<meta name=\"description\" content=\"Actualizaci\u00f3n e Instalaci\u00f3n de Equipos de Navegaci\u00f3n - La tecnolog\u00eda cambia r\u00e1pidamente en todos los \u00e1mbitos de la vida, y el sector n\u00e1utico no es diferente. Las tecnolog\u00edas disponibles hoy en d\u00eda son muy\" \/>\n<meta name=\"robots\" content=\"index, follow, max-snippet:-1, max-image-preview:large, max-video-preview:-1\" \/>\n<link rel=\"canonical\" href=\"https:\/\/www.berthonspain.com\/es\/electronica-de-yates\/actualizacion-e-instalacion-de-equipos-de-navegacion\/\" \/>\n<meta property=\"og:locale\" content=\"es_ES\" \/>\n<meta property=\"og:type\" content=\"article\" \/>\n<meta property=\"og:title\" content=\"Actualizaci\u00f3n e Instalaci\u00f3n de Equipos de Navegaci\u00f3n - Berthon Spain\" \/>\n<meta property=\"og:description\" content=\"Actualizaci\u00f3n e Instalaci\u00f3n de Equipos de Navegaci\u00f3n - La tecnolog\u00eda cambia r\u00e1pidamente en todos los \u00e1mbitos de la vida, y el sector n\u00e1utico no es diferente. Las tecnolog\u00edas disponibles hoy en d\u00eda son muy\" \/>\n<meta property=\"og:url\" content=\"https:\/\/www.berthonspain.com\/es\/electronica-de-yates\/actualizacion-e-instalacion-de-equipos-de-navegacion\/\" \/>\n<meta property=\"og:site_name\" content=\"Berthon Spain\" \/>\n<meta property=\"article:publisher\" content=\"https:\/\/www.facebook.com\/berthonspain\/\" \/>\n<meta property=\"article:modified_time\" content=\"2024-03-19T13:42:44+00:00\" \/>\n<meta name=\"twitter:card\" content=\"summary_large_image\" \/>\n<meta name=\"twitter:label1\" content=\"Tiempo de lectura\" \/>\n\t<meta name=\"twitter:data1\" content=\"1 minuto\" \/>\n<script type=\"application\/ld+json\" class=\"yoast-schema-graph\">{\"@context\":\"https:\/\/schema.org\",\"@graph\":[{\"@type\":\"WebPage\",\"@id\":\"https:\/\/www.berthonspain.com\/es\/electronica-de-yates\/actualizacion-e-instalacion-de-equipos-de-navegacion\/\",\"url\":\"https:\/\/www.berthonspain.com\/es\/electronica-de-yates\/actualizacion-e-instalacion-de-equipos-de-navegacion\/\",\"name\":\"Actualizaci\u00f3n e Instalaci\u00f3n de Equipos de Navegaci\u00f3n - Berthon Spain\",\"isPartOf\":{\"@id\":\"https:\/\/www.berthonspain.com\/es\/#website\"},\"datePublished\":\"2024-01-02T16:27:36+00:00\",\"dateModified\":\"2024-03-19T13:42:44+00:00\",\"description\":\"Actualizaci\u00f3n e Instalaci\u00f3n de Equipos de Navegaci\u00f3n - La tecnolog\u00eda cambia r\u00e1pidamente en todos los \u00e1mbitos de la vida, y el sector n\u00e1utico no es diferente. Las tecnolog\u00edas disponibles hoy en d\u00eda son muy\",\"breadcrumb\":{\"@id\":\"https:\/\/www.berthonspain.com\/es\/electronica-de-yates\/actualizacion-e-instalacion-de-equipos-de-navegacion\/#breadcrumb\"},\"inLanguage\":\"es\",\"potentialAction\":[{\"@type\":\"ReadAction\",\"target\":[\"https:\/\/www.berthonspain.com\/es\/electronica-de-yates\/actualizacion-e-instalacion-de-equipos-de-navegacion\/\"]}]},{\"@type\":\"BreadcrumbList\",\"@id\":\"https:\/\/www.berthonspain.com\/es\/electronica-de-yates\/actualizacion-e-instalacion-de-equipos-de-navegacion\/#breadcrumb\",\"itemListElement\":[{\"@type\":\"ListItem\",\"position\":1,\"name\":\"Home\",\"item\":\"https:\/\/www.berthonspain.com\/es\/\"},{\"@type\":\"ListItem\",\"position\":2,\"name\":\"Electr\u00f3nica de Yates\",\"item\":\"https:\/\/www.berthonspain.com\/es\/electronica-de-yates\/\"},{\"@type\":\"ListItem\",\"position\":3,\"name\":\"Actualizaci\u00f3n e Instalaci\u00f3n de Equipos de Navegaci\u00f3n\"}]},{\"@type\":\"WebSite\",\"@id\":\"https:\/\/www.berthonspain.com\/es\/#website\",\"url\":\"https:\/\/www.berthonspain.com\/es\/\",\"name\":\"Berthon Spain\",\"description\":\"Refit - Guardiennage - Engineering - Fabrication - Winch &amp; Windlass Servicing\",\"publisher\":{\"@id\":\"https:\/\/www.berthonspain.com\/es\/#organization\"},\"potentialAction\":[{\"@type\":\"SearchAction\",\"target\":{\"@type\":\"EntryPoint\",\"urlTemplate\":\"https:\/\/www.berthonspain.com\/es\/?s={search_term_string}\"},\"query-input\":{\"@type\":\"PropertyValueSpecification\",\"valueRequired\":true,\"valueName\":\"search_term_string\"}}],\"inLanguage\":\"es\"},{\"@type\":\"Organization\",\"@id\":\"https:\/\/www.berthonspain.com\/es\/#organization\",\"name\":\"Berthon Spain\",\"url\":\"https:\/\/www.berthonspain.com\/es\/\",\"logo\":{\"@type\":\"ImageObject\",\"inLanguage\":\"es\",\"@id\":\"https:\/\/www.berthonspain.com\/es\/#\/schema\/logo\/image\/\",\"url\":\"https:\/\/www.berthonspain.com\/wp-content\/uploads\/2019\/05\/logo.png\",\"contentUrl\":\"https:\/\/www.berthonspain.com\/wp-content\/uploads\/2019\/05\/logo.png\",\"width\":186,\"height\":66,\"caption\":\"Berthon Spain\"},\"image\":{\"@id\":\"https:\/\/www.berthonspain.com\/es\/#\/schema\/logo\/image\/\"},\"sameAs\":[\"https:\/\/www.facebook.com\/berthonspain\/\"]}]}<\/script>\n<!-- \/ Yoast SEO plugin. -->","yoast_head_json":{"title":"Actualizaci\u00f3n e Instalaci\u00f3n de Equipos de Navegaci\u00f3n - Berthon Spain","description":"Actualizaci\u00f3n e Instalaci\u00f3n de Equipos de Navegaci\u00f3n - La tecnolog\u00eda cambia r\u00e1pidamente en todos los \u00e1mbitos de la vida, y el sector n\u00e1utico no es diferente. Las tecnolog\u00edas disponibles hoy en d\u00eda son muy","robots":{"index":"index","follow":"follow","max-snippet":"max-snippet:-1","max-image-preview":"max-image-preview:large","max-video-preview":"max-video-preview:-1"},"canonical":"https:\/\/www.berthonspain.com\/es\/electronica-de-yates\/actualizacion-e-instalacion-de-equipos-de-navegacion\/","og_locale":"es_ES","og_type":"article","og_title":"Actualizaci\u00f3n e Instalaci\u00f3n de Equipos de Navegaci\u00f3n - Berthon Spain","og_description":"Actualizaci\u00f3n e Instalaci\u00f3n de Equipos de Navegaci\u00f3n - La tecnolog\u00eda cambia r\u00e1pidamente en todos los \u00e1mbitos de la vida, y el sector n\u00e1utico no es diferente. Las tecnolog\u00edas disponibles hoy en d\u00eda son muy","og_url":"https:\/\/www.berthonspain.com\/es\/electronica-de-yates\/actualizacion-e-instalacion-de-equipos-de-navegacion\/","og_site_name":"Berthon Spain","article_publisher":"https:\/\/www.facebook.com\/berthonspain\/","article_modified_time":"2024-03-19T13:42:44+00:00","twitter_card":"summary_large_image","twitter_misc":{"Tiempo de lectura":"1 minuto"},"schema":{"@context":"https:\/\/schema.org","@graph":[{"@type":"WebPage","@id":"https:\/\/www.berthonspain.com\/es\/electronica-de-yates\/actualizacion-e-instalacion-de-equipos-de-navegacion\/","url":"https:\/\/www.berthonspain.com\/es\/electronica-de-yates\/actualizacion-e-instalacion-de-equipos-de-navegacion\/","name":"Actualizaci\u00f3n e Instalaci\u00f3n de Equipos de Navegaci\u00f3n - Berthon Spain","isPartOf":{"@id":"https:\/\/www.berthonspain.com\/es\/#website"},"datePublished":"2024-01-02T16:27:36+00:00","dateModified":"2024-03-19T13:42:44+00:00","description":"Actualizaci\u00f3n e Instalaci\u00f3n de Equipos de Navegaci\u00f3n - La tecnolog\u00eda cambia r\u00e1pidamente en todos los \u00e1mbitos de la vida, y el sector n\u00e1utico no es diferente. Las tecnolog\u00edas disponibles hoy en d\u00eda son muy","breadcrumb":{"@id":"https:\/\/www.berthonspain.com\/es\/electronica-de-yates\/actualizacion-e-instalacion-de-equipos-de-navegacion\/#breadcrumb"},"inLanguage":"es","potentialAction":[{"@type":"ReadAction","target":["https:\/\/www.berthonspain.com\/es\/electronica-de-yates\/actualizacion-e-instalacion-de-equipos-de-navegacion\/"]}]},{"@type":"BreadcrumbList","@id":"https:\/\/www.berthonspain.com\/es\/electronica-de-yates\/actualizacion-e-instalacion-de-equipos-de-navegacion\/#breadcrumb","itemListElement":[{"@type":"ListItem","position":1,"name":"Home","item":"https:\/\/www.berthonspain.com\/es\/"},{"@type":"ListItem","position":2,"name":"Electr\u00f3nica de Yates","item":"https:\/\/www.berthonspain.com\/es\/electronica-de-yates\/"},{"@type":"ListItem","position":3,"name":"Actualizaci\u00f3n e Instalaci\u00f3n de Equipos de Navegaci\u00f3n"}]},{"@type":"WebSite","@id":"https:\/\/www.berthonspain.com\/es\/#website","url":"https:\/\/www.berthonspain.com\/es\/","name":"Berthon Spain","description":"Refit - Guardiennage - Engineering - Fabrication - Winch &amp; Windlass Servicing","publisher":{"@id":"https:\/\/www.berthonspain.com\/es\/#organization"},"potentialAction":[{"@type":"SearchAction","target":{"@type":"EntryPoint","urlTemplate":"https:\/\/www.berthonspain.com\/es\/?s={search_term_string}"},"query-input":{"@type":"PropertyValueSpecification","valueRequired":true,"valueName":"search_term_string"}}],"inLanguage":"es"},{"@type":"Organization","@id":"https:\/\/www.berthonspain.com\/es\/#organization","name":"Berthon Spain","url":"https:\/\/www.berthonspain.com\/es\/","logo":{"@type":"ImageObject","inLanguage":"es","@id":"https:\/\/www.berthonspain.com\/es\/#\/schema\/logo\/image\/","url":"https:\/\/www.berthonspain.com\/wp-content\/uploads\/2019\/05\/logo.png","contentUrl":"https:\/\/www.berthonspain.com\/wp-content\/uploads\/2019\/05\/logo.png","width":186,"height":66,"caption":"Berthon Spain"},"image":{"@id":"https:\/\/www.berthonspain.com\/es\/#\/schema\/logo\/image\/"},"sameAs":["https:\/\/www.facebook.com\/berthonspain\/"]}]}},"_links":{"self":[{"href":"https:\/\/www.berthonspain.com\/es\/wp-json\/wp\/v2\/pages\/4738","targetHints":{"allow":["GET"]}}],"collection":[{"href":"https:\/\/www.berthonspain.com\/es\/wp-json\/wp\/v2\/pages"}],"about":[{"href":"https:\/\/www.berthonspain.com\/es\/wp-json\/wp\/v2\/types\/page"}],"author":[{"embeddable":true,"href":"https:\/\/www.berthonspain.com\/es\/wp-json\/wp\/v2\/users\/1"}],"replies":[{"embeddable":true,"href":"https:\/\/www.berthonspain.com\/es\/wp-json\/wp\/v2\/comments?post=4738"}],"version-history":[{"count":8,"href":"https:\/\/www.berthonspain.com\/es\/wp-json\/wp\/v2\/pages\/4738\/revisions"}],"predecessor-version":[{"id":5405,"href":"https:\/\/www.berthonspain.com\/es\/wp-json\/wp\/v2\/pages\/4738\/revisions\/5405"}],"up":[{"embeddable":true,"href":"https:\/\/www.berthonspain.com\/es\/wp-json\/wp\/v2\/pages\/4714"}],"wp:attachment":[{"href":"https:\/\/www.berthonspain.com\/es\/wp-json\/wp\/v2\/media?parent=4738"}],"curies":[{"name":"wp","href":"https:\/\/api.w.org\/{rel}","templated":true}]}}