{"id":4731,"date":"2024-01-02T16:27:12","date_gmt":"2024-01-02T16:27:12","guid":{"rendered":"https:\/\/www.berthonspain.com\/refacciones-y-servicios-para-yates\/electronica-de-yates\/plc-systems\/"},"modified":"2024-03-19T13:36:16","modified_gmt":"2024-03-19T13:36:16","slug":"sistemas-de-control-logico-programable","status":"publish","type":"page","link":"https:\/\/www.berthonspain.com\/es\/electronica-de-yates\/sistemas-de-control-logico-programable\/","title":{"rendered":"Sistemas de Control L\u00f3gico Programable"},"content":{"rendered":"<p>La instalaci\u00f3n de un sistema de aut\u00f3mata programable (PLC) te permite supervisar y controlar todos los aspectos del funcionamiento, la seguridad y la climatizaci\u00f3n a bordo del yate desde una interfaz centralizada. Tal vez suene demasiado bueno para ser verdad, pero con un PLC es posible. El equipo de electricistas n\u00e1uticos de Berthon Spain est\u00e1 preparado para realizar una instalaci\u00f3n completa desde cero, as\u00ed como localizar fallos en los sistemas existentes y ampliarlos como parte de un reacondicionamiento el\u00e9ctrico.<\/p>\n","protected":false},"excerpt":{"rendered":"<p>La instalaci\u00f3n de un sistema de aut\u00f3mata programable (PLC) te permite supervisar y controlar todos los aspectos del funcionamiento, la seguridad y la climatizaci\u00f3n a bordo del yate desde una&#8230;<\/p>\n","protected":false},"author":1,"featured_media":0,"parent":4714,"menu_order":0,"comment_status":"closed","ping_status":"closed","template":"","meta":{"_acf_changed":false,"footnotes":""},"class_list":["post-4731","page","type-page","status-publish","hentry"],"acf":[],"yoast_head":"<!-- This site is optimized with the Yoast SEO plugin v26.8 - https:\/\/yoast.com\/product\/yoast-seo-wordpress\/ -->\n<title>Sistemas de Control L\u00f3gico Programable - Berthon Spain<\/title>\n<meta name=\"description\" content=\"Sistemas de Control L\u00f3gico Programable - La instalaci\u00f3n de un sistema de aut\u00f3mata programable (PLC) te permite supervisar y controlar todos los aspectos del funcionamiento, la seguridad y la\" \/>\n<meta name=\"robots\" content=\"index, follow, max-snippet:-1, max-image-preview:large, max-video-preview:-1\" \/>\n<link rel=\"canonical\" href=\"https:\/\/www.berthonspain.com\/es\/electronica-de-yates\/sistemas-de-control-logico-programable\/\" \/>\n<meta property=\"og:locale\" content=\"es_ES\" \/>\n<meta property=\"og:type\" content=\"article\" \/>\n<meta property=\"og:title\" content=\"Sistemas de Control L\u00f3gico Programable - Berthon Spain\" \/>\n<meta property=\"og:description\" content=\"Sistemas de Control L\u00f3gico Programable - La instalaci\u00f3n de un sistema de aut\u00f3mata programable (PLC) te permite supervisar y controlar todos los aspectos del funcionamiento, la seguridad y la\" \/>\n<meta property=\"og:url\" content=\"https:\/\/www.berthonspain.com\/es\/electronica-de-yates\/sistemas-de-control-logico-programable\/\" \/>\n<meta property=\"og:site_name\" content=\"Berthon Spain\" \/>\n<meta property=\"article:publisher\" content=\"https:\/\/www.facebook.com\/berthonspain\/\" \/>\n<meta property=\"article:modified_time\" content=\"2024-03-19T13:36:16+00:00\" \/>\n<meta name=\"twitter:card\" content=\"summary_large_image\" \/>\n<meta name=\"twitter:label1\" content=\"Tiempo de lectura\" \/>\n\t<meta name=\"twitter:data1\" content=\"1 minuto\" \/>\n<script type=\"application\/ld+json\" class=\"yoast-schema-graph\">{\"@context\":\"https:\/\/schema.org\",\"@graph\":[{\"@type\":\"WebPage\",\"@id\":\"https:\/\/www.berthonspain.com\/es\/electronica-de-yates\/sistemas-de-control-logico-programable\/\",\"url\":\"https:\/\/www.berthonspain.com\/es\/electronica-de-yates\/sistemas-de-control-logico-programable\/\",\"name\":\"Sistemas de Control L\u00f3gico Programable - Berthon Spain\",\"isPartOf\":{\"@id\":\"https:\/\/www.berthonspain.com\/es\/#website\"},\"datePublished\":\"2024-01-02T16:27:12+00:00\",\"dateModified\":\"2024-03-19T13:36:16+00:00\",\"description\":\"Sistemas de Control L\u00f3gico Programable - La instalaci\u00f3n de un sistema de aut\u00f3mata programable (PLC) te permite supervisar y controlar todos los aspectos del funcionamiento, la seguridad y la\",\"breadcrumb\":{\"@id\":\"https:\/\/www.berthonspain.com\/es\/electronica-de-yates\/sistemas-de-control-logico-programable\/#breadcrumb\"},\"inLanguage\":\"es\",\"potentialAction\":[{\"@type\":\"ReadAction\",\"target\":[\"https:\/\/www.berthonspain.com\/es\/electronica-de-yates\/sistemas-de-control-logico-programable\/\"]}]},{\"@type\":\"BreadcrumbList\",\"@id\":\"https:\/\/www.berthonspain.com\/es\/electronica-de-yates\/sistemas-de-control-logico-programable\/#breadcrumb\",\"itemListElement\":[{\"@type\":\"ListItem\",\"position\":1,\"name\":\"Home\",\"item\":\"https:\/\/www.berthonspain.com\/es\/\"},{\"@type\":\"ListItem\",\"position\":2,\"name\":\"Electr\u00f3nica de Yates\",\"item\":\"https:\/\/www.berthonspain.com\/es\/electronica-de-yates\/\"},{\"@type\":\"ListItem\",\"position\":3,\"name\":\"Sistemas de Control L\u00f3gico Programable\"}]},{\"@type\":\"WebSite\",\"@id\":\"https:\/\/www.berthonspain.com\/es\/#website\",\"url\":\"https:\/\/www.berthonspain.com\/es\/\",\"name\":\"Berthon Spain\",\"description\":\"Refit - Guardiennage - Engineering - Fabrication - Winch &amp; Windlass Servicing\",\"publisher\":{\"@id\":\"https:\/\/www.berthonspain.com\/es\/#organization\"},\"potentialAction\":[{\"@type\":\"SearchAction\",\"target\":{\"@type\":\"EntryPoint\",\"urlTemplate\":\"https:\/\/www.berthonspain.com\/es\/?s={search_term_string}\"},\"query-input\":{\"@type\":\"PropertyValueSpecification\",\"valueRequired\":true,\"valueName\":\"search_term_string\"}}],\"inLanguage\":\"es\"},{\"@type\":\"Organization\",\"@id\":\"https:\/\/www.berthonspain.com\/es\/#organization\",\"name\":\"Berthon Spain\",\"url\":\"https:\/\/www.berthonspain.com\/es\/\",\"logo\":{\"@type\":\"ImageObject\",\"inLanguage\":\"es\",\"@id\":\"https:\/\/www.berthonspain.com\/es\/#\/schema\/logo\/image\/\",\"url\":\"https:\/\/www.berthonspain.com\/wp-content\/uploads\/2019\/05\/logo.png\",\"contentUrl\":\"https:\/\/www.berthonspain.com\/wp-content\/uploads\/2019\/05\/logo.png\",\"width\":186,\"height\":66,\"caption\":\"Berthon Spain\"},\"image\":{\"@id\":\"https:\/\/www.berthonspain.com\/es\/#\/schema\/logo\/image\/\"},\"sameAs\":[\"https:\/\/www.facebook.com\/berthonspain\/\"]}]}<\/script>\n<!-- \/ Yoast SEO plugin. -->","yoast_head_json":{"title":"Sistemas de Control L\u00f3gico Programable - Berthon Spain","description":"Sistemas de Control L\u00f3gico Programable - La instalaci\u00f3n de un sistema de aut\u00f3mata programable (PLC) te permite supervisar y controlar todos los aspectos del funcionamiento, la seguridad y la","robots":{"index":"index","follow":"follow","max-snippet":"max-snippet:-1","max-image-preview":"max-image-preview:large","max-video-preview":"max-video-preview:-1"},"canonical":"https:\/\/www.berthonspain.com\/es\/electronica-de-yates\/sistemas-de-control-logico-programable\/","og_locale":"es_ES","og_type":"article","og_title":"Sistemas de Control L\u00f3gico Programable - Berthon Spain","og_description":"Sistemas de Control L\u00f3gico Programable - La instalaci\u00f3n de un sistema de aut\u00f3mata programable (PLC) te permite supervisar y controlar todos los aspectos del funcionamiento, la seguridad y la","og_url":"https:\/\/www.berthonspain.com\/es\/electronica-de-yates\/sistemas-de-control-logico-programable\/","og_site_name":"Berthon Spain","article_publisher":"https:\/\/www.facebook.com\/berthonspain\/","article_modified_time":"2024-03-19T13:36:16+00:00","twitter_card":"summary_large_image","twitter_misc":{"Tiempo de lectura":"1 minuto"},"schema":{"@context":"https:\/\/schema.org","@graph":[{"@type":"WebPage","@id":"https:\/\/www.berthonspain.com\/es\/electronica-de-yates\/sistemas-de-control-logico-programable\/","url":"https:\/\/www.berthonspain.com\/es\/electronica-de-yates\/sistemas-de-control-logico-programable\/","name":"Sistemas de Control L\u00f3gico Programable - Berthon Spain","isPartOf":{"@id":"https:\/\/www.berthonspain.com\/es\/#website"},"datePublished":"2024-01-02T16:27:12+00:00","dateModified":"2024-03-19T13:36:16+00:00","description":"Sistemas de Control L\u00f3gico Programable - La instalaci\u00f3n de un sistema de aut\u00f3mata programable (PLC) te permite supervisar y controlar todos los aspectos del funcionamiento, la seguridad y la","breadcrumb":{"@id":"https:\/\/www.berthonspain.com\/es\/electronica-de-yates\/sistemas-de-control-logico-programable\/#breadcrumb"},"inLanguage":"es","potentialAction":[{"@type":"ReadAction","target":["https:\/\/www.berthonspain.com\/es\/electronica-de-yates\/sistemas-de-control-logico-programable\/"]}]},{"@type":"BreadcrumbList","@id":"https:\/\/www.berthonspain.com\/es\/electronica-de-yates\/sistemas-de-control-logico-programable\/#breadcrumb","itemListElement":[{"@type":"ListItem","position":1,"name":"Home","item":"https:\/\/www.berthonspain.com\/es\/"},{"@type":"ListItem","position":2,"name":"Electr\u00f3nica de Yates","item":"https:\/\/www.berthonspain.com\/es\/electronica-de-yates\/"},{"@type":"ListItem","position":3,"name":"Sistemas de Control L\u00f3gico Programable"}]},{"@type":"WebSite","@id":"https:\/\/www.berthonspain.com\/es\/#website","url":"https:\/\/www.berthonspain.com\/es\/","name":"Berthon Spain","description":"Refit - Guardiennage - Engineering - Fabrication - Winch &amp; Windlass Servicing","publisher":{"@id":"https:\/\/www.berthonspain.com\/es\/#organization"},"potentialAction":[{"@type":"SearchAction","target":{"@type":"EntryPoint","urlTemplate":"https:\/\/www.berthonspain.com\/es\/?s={search_term_string}"},"query-input":{"@type":"PropertyValueSpecification","valueRequired":true,"valueName":"search_term_string"}}],"inLanguage":"es"},{"@type":"Organization","@id":"https:\/\/www.berthonspain.com\/es\/#organization","name":"Berthon Spain","url":"https:\/\/www.berthonspain.com\/es\/","logo":{"@type":"ImageObject","inLanguage":"es","@id":"https:\/\/www.berthonspain.com\/es\/#\/schema\/logo\/image\/","url":"https:\/\/www.berthonspain.com\/wp-content\/uploads\/2019\/05\/logo.png","contentUrl":"https:\/\/www.berthonspain.com\/wp-content\/uploads\/2019\/05\/logo.png","width":186,"height":66,"caption":"Berthon Spain"},"image":{"@id":"https:\/\/www.berthonspain.com\/es\/#\/schema\/logo\/image\/"},"sameAs":["https:\/\/www.facebook.com\/berthonspain\/"]}]}},"_links":{"self":[{"href":"https:\/\/www.berthonspain.com\/es\/wp-json\/wp\/v2\/pages\/4731","targetHints":{"allow":["GET"]}}],"collection":[{"href":"https:\/\/www.berthonspain.com\/es\/wp-json\/wp\/v2\/pages"}],"about":[{"href":"https:\/\/www.berthonspain.com\/es\/wp-json\/wp\/v2\/types\/page"}],"author":[{"embeddable":true,"href":"https:\/\/www.berthonspain.com\/es\/wp-json\/wp\/v2\/users\/1"}],"replies":[{"embeddable":true,"href":"https:\/\/www.berthonspain.com\/es\/wp-json\/wp\/v2\/comments?post=4731"}],"version-history":[{"count":4,"href":"https:\/\/www.berthonspain.com\/es\/wp-json\/wp\/v2\/pages\/4731\/revisions"}],"predecessor-version":[{"id":5209,"href":"https:\/\/www.berthonspain.com\/es\/wp-json\/wp\/v2\/pages\/4731\/revisions\/5209"}],"up":[{"embeddable":true,"href":"https:\/\/www.berthonspain.com\/es\/wp-json\/wp\/v2\/pages\/4714"}],"wp:attachment":[{"href":"https:\/\/www.berthonspain.com\/es\/wp-json\/wp\/v2\/media?parent=4731"}],"curies":[{"name":"wp","href":"https:\/\/api.w.org\/{rel}","templated":true}]}}