{"id":4725,"date":"2024-01-02T16:26:55","date_gmt":"2024-01-02T16:26:55","guid":{"rendered":"https:\/\/www.berthonspain.com\/refacciones-y-servicios-para-yates\/electronica-de-yates\/battery-installations-and-lithium-ions\/"},"modified":"2024-03-19T13:45:43","modified_gmt":"2024-03-19T13:45:43","slug":"instalaciones-de-baterias-e-iones-de-litio","status":"publish","type":"page","link":"https:\/\/www.berthonspain.com\/es\/electronica-de-yates\/instalaciones-de-baterias-e-iones-de-litio\/","title":{"rendered":"Instalaciones de Bater\u00edas e Iones de Litio"},"content":{"rendered":"<p>Mantener tus bater\u00edas en perfecto estado es nuestra prioridad en Berthon Spain. Las comprobaciones y el mantenimiento regulares son absolutamente clave si deseas obtener resultados \u00f3ptimos de tus bater\u00edas a bordo. Realizar un seguimiento del estado de las bater\u00edas implica asegurarse de que se cargan con regularidad, de que no se descargan hasta un nivel que pueda resultar perjudicial, observar la rapidez con la que se descargan despu\u00e9s de la carga y, en ocasiones, una comprobaci\u00f3n visual para asegurarse de que no hay ning\u00fan problema. Nuestros electricistas n\u00e1uticos pueden acudir a tu velero o embarcaci\u00f3n a motor para comprobar la bater\u00eda y asesorarte sobre cuestiones de mantenimiento o resolver cualquier problema de suministro el\u00e9ctrico que puedas tener.<\/p>\n","protected":false},"excerpt":{"rendered":"<p>Mantener tus bater\u00edas en perfecto estado es nuestra prioridad en Berthon Spain. Las comprobaciones y el mantenimiento regulares son absolutamente clave si deseas obtener resultados \u00f3ptimos de tus bater\u00edas a&#8230;<\/p>\n","protected":false},"author":1,"featured_media":0,"parent":4714,"menu_order":0,"comment_status":"closed","ping_status":"closed","template":"","meta":{"_acf_changed":false,"footnotes":""},"class_list":["post-4725","page","type-page","status-publish","hentry"],"acf":[],"yoast_head":"<!-- This site is optimized with the Yoast SEO plugin v26.8 - https:\/\/yoast.com\/product\/yoast-seo-wordpress\/ -->\n<title>Instalaciones de Bater\u00edas e Iones de Litio - Berthon Spain<\/title>\n<meta name=\"description\" content=\"Instalaciones de Bater\u00edas e Iones de Litio - Mantener tus bater\u00edas en perfecto estado es nuestra prioridad en Berthon Spain. Las comprobaciones y el mantenimiento regulares son absolutamente clave si\" \/>\n<meta name=\"robots\" content=\"index, follow, max-snippet:-1, max-image-preview:large, max-video-preview:-1\" \/>\n<link rel=\"canonical\" href=\"https:\/\/www.berthonspain.com\/es\/electronica-de-yates\/instalaciones-de-baterias-e-iones-de-litio\/\" \/>\n<meta property=\"og:locale\" content=\"es_ES\" \/>\n<meta property=\"og:type\" content=\"article\" \/>\n<meta property=\"og:title\" content=\"Instalaciones de Bater\u00edas e Iones de Litio - Berthon Spain\" \/>\n<meta property=\"og:description\" content=\"Instalaciones de Bater\u00edas e Iones de Litio - Mantener tus bater\u00edas en perfecto estado es nuestra prioridad en Berthon Spain. Las comprobaciones y el mantenimiento regulares son absolutamente clave si\" \/>\n<meta property=\"og:url\" content=\"https:\/\/www.berthonspain.com\/es\/electronica-de-yates\/instalaciones-de-baterias-e-iones-de-litio\/\" \/>\n<meta property=\"og:site_name\" content=\"Berthon Spain\" \/>\n<meta property=\"article:publisher\" content=\"https:\/\/www.facebook.com\/berthonspain\/\" \/>\n<meta property=\"article:modified_time\" content=\"2024-03-19T13:45:43+00:00\" \/>\n<meta name=\"twitter:card\" content=\"summary_large_image\" \/>\n<meta name=\"twitter:label1\" content=\"Tiempo de lectura\" \/>\n\t<meta name=\"twitter:data1\" content=\"1 minuto\" \/>\n<script type=\"application\/ld+json\" class=\"yoast-schema-graph\">{\"@context\":\"https:\/\/schema.org\",\"@graph\":[{\"@type\":\"WebPage\",\"@id\":\"https:\/\/www.berthonspain.com\/es\/electronica-de-yates\/instalaciones-de-baterias-e-iones-de-litio\/\",\"url\":\"https:\/\/www.berthonspain.com\/es\/electronica-de-yates\/instalaciones-de-baterias-e-iones-de-litio\/\",\"name\":\"Instalaciones de Bater\u00edas e Iones de Litio - Berthon Spain\",\"isPartOf\":{\"@id\":\"https:\/\/www.berthonspain.com\/es\/#website\"},\"datePublished\":\"2024-01-02T16:26:55+00:00\",\"dateModified\":\"2024-03-19T13:45:43+00:00\",\"description\":\"Instalaciones de Bater\u00edas e Iones de Litio - Mantener tus bater\u00edas en perfecto estado es nuestra prioridad en Berthon Spain. Las comprobaciones y el mantenimiento regulares son absolutamente clave si\",\"breadcrumb\":{\"@id\":\"https:\/\/www.berthonspain.com\/es\/electronica-de-yates\/instalaciones-de-baterias-e-iones-de-litio\/#breadcrumb\"},\"inLanguage\":\"es\",\"potentialAction\":[{\"@type\":\"ReadAction\",\"target\":[\"https:\/\/www.berthonspain.com\/es\/electronica-de-yates\/instalaciones-de-baterias-e-iones-de-litio\/\"]}]},{\"@type\":\"BreadcrumbList\",\"@id\":\"https:\/\/www.berthonspain.com\/es\/electronica-de-yates\/instalaciones-de-baterias-e-iones-de-litio\/#breadcrumb\",\"itemListElement\":[{\"@type\":\"ListItem\",\"position\":1,\"name\":\"Home\",\"item\":\"https:\/\/www.berthonspain.com\/es\/\"},{\"@type\":\"ListItem\",\"position\":2,\"name\":\"Electr\u00f3nica de Yates\",\"item\":\"https:\/\/www.berthonspain.com\/es\/electronica-de-yates\/\"},{\"@type\":\"ListItem\",\"position\":3,\"name\":\"Instalaciones de Bater\u00edas e Iones de Litio\"}]},{\"@type\":\"WebSite\",\"@id\":\"https:\/\/www.berthonspain.com\/es\/#website\",\"url\":\"https:\/\/www.berthonspain.com\/es\/\",\"name\":\"Berthon Spain\",\"description\":\"Refit - Guardiennage - Engineering - Fabrication - Winch &amp; Windlass Servicing\",\"publisher\":{\"@id\":\"https:\/\/www.berthonspain.com\/es\/#organization\"},\"potentialAction\":[{\"@type\":\"SearchAction\",\"target\":{\"@type\":\"EntryPoint\",\"urlTemplate\":\"https:\/\/www.berthonspain.com\/es\/?s={search_term_string}\"},\"query-input\":{\"@type\":\"PropertyValueSpecification\",\"valueRequired\":true,\"valueName\":\"search_term_string\"}}],\"inLanguage\":\"es\"},{\"@type\":\"Organization\",\"@id\":\"https:\/\/www.berthonspain.com\/es\/#organization\",\"name\":\"Berthon Spain\",\"url\":\"https:\/\/www.berthonspain.com\/es\/\",\"logo\":{\"@type\":\"ImageObject\",\"inLanguage\":\"es\",\"@id\":\"https:\/\/www.berthonspain.com\/es\/#\/schema\/logo\/image\/\",\"url\":\"https:\/\/www.berthonspain.com\/wp-content\/uploads\/2019\/05\/logo.png\",\"contentUrl\":\"https:\/\/www.berthonspain.com\/wp-content\/uploads\/2019\/05\/logo.png\",\"width\":186,\"height\":66,\"caption\":\"Berthon Spain\"},\"image\":{\"@id\":\"https:\/\/www.berthonspain.com\/es\/#\/schema\/logo\/image\/\"},\"sameAs\":[\"https:\/\/www.facebook.com\/berthonspain\/\"]}]}<\/script>\n<!-- \/ Yoast SEO plugin. -->","yoast_head_json":{"title":"Instalaciones de Bater\u00edas e Iones de Litio - Berthon Spain","description":"Instalaciones de Bater\u00edas e Iones de Litio - Mantener tus bater\u00edas en perfecto estado es nuestra prioridad en Berthon Spain. Las comprobaciones y el mantenimiento regulares son absolutamente clave si","robots":{"index":"index","follow":"follow","max-snippet":"max-snippet:-1","max-image-preview":"max-image-preview:large","max-video-preview":"max-video-preview:-1"},"canonical":"https:\/\/www.berthonspain.com\/es\/electronica-de-yates\/instalaciones-de-baterias-e-iones-de-litio\/","og_locale":"es_ES","og_type":"article","og_title":"Instalaciones de Bater\u00edas e Iones de Litio - Berthon Spain","og_description":"Instalaciones de Bater\u00edas e Iones de Litio - Mantener tus bater\u00edas en perfecto estado es nuestra prioridad en Berthon Spain. Las comprobaciones y el mantenimiento regulares son absolutamente clave si","og_url":"https:\/\/www.berthonspain.com\/es\/electronica-de-yates\/instalaciones-de-baterias-e-iones-de-litio\/","og_site_name":"Berthon Spain","article_publisher":"https:\/\/www.facebook.com\/berthonspain\/","article_modified_time":"2024-03-19T13:45:43+00:00","twitter_card":"summary_large_image","twitter_misc":{"Tiempo de lectura":"1 minuto"},"schema":{"@context":"https:\/\/schema.org","@graph":[{"@type":"WebPage","@id":"https:\/\/www.berthonspain.com\/es\/electronica-de-yates\/instalaciones-de-baterias-e-iones-de-litio\/","url":"https:\/\/www.berthonspain.com\/es\/electronica-de-yates\/instalaciones-de-baterias-e-iones-de-litio\/","name":"Instalaciones de Bater\u00edas e Iones de Litio - Berthon Spain","isPartOf":{"@id":"https:\/\/www.berthonspain.com\/es\/#website"},"datePublished":"2024-01-02T16:26:55+00:00","dateModified":"2024-03-19T13:45:43+00:00","description":"Instalaciones de Bater\u00edas e Iones de Litio - Mantener tus bater\u00edas en perfecto estado es nuestra prioridad en Berthon Spain. Las comprobaciones y el mantenimiento regulares son absolutamente clave si","breadcrumb":{"@id":"https:\/\/www.berthonspain.com\/es\/electronica-de-yates\/instalaciones-de-baterias-e-iones-de-litio\/#breadcrumb"},"inLanguage":"es","potentialAction":[{"@type":"ReadAction","target":["https:\/\/www.berthonspain.com\/es\/electronica-de-yates\/instalaciones-de-baterias-e-iones-de-litio\/"]}]},{"@type":"BreadcrumbList","@id":"https:\/\/www.berthonspain.com\/es\/electronica-de-yates\/instalaciones-de-baterias-e-iones-de-litio\/#breadcrumb","itemListElement":[{"@type":"ListItem","position":1,"name":"Home","item":"https:\/\/www.berthonspain.com\/es\/"},{"@type":"ListItem","position":2,"name":"Electr\u00f3nica de Yates","item":"https:\/\/www.berthonspain.com\/es\/electronica-de-yates\/"},{"@type":"ListItem","position":3,"name":"Instalaciones de Bater\u00edas e Iones de Litio"}]},{"@type":"WebSite","@id":"https:\/\/www.berthonspain.com\/es\/#website","url":"https:\/\/www.berthonspain.com\/es\/","name":"Berthon Spain","description":"Refit - Guardiennage - Engineering - Fabrication - Winch &amp; Windlass Servicing","publisher":{"@id":"https:\/\/www.berthonspain.com\/es\/#organization"},"potentialAction":[{"@type":"SearchAction","target":{"@type":"EntryPoint","urlTemplate":"https:\/\/www.berthonspain.com\/es\/?s={search_term_string}"},"query-input":{"@type":"PropertyValueSpecification","valueRequired":true,"valueName":"search_term_string"}}],"inLanguage":"es"},{"@type":"Organization","@id":"https:\/\/www.berthonspain.com\/es\/#organization","name":"Berthon Spain","url":"https:\/\/www.berthonspain.com\/es\/","logo":{"@type":"ImageObject","inLanguage":"es","@id":"https:\/\/www.berthonspain.com\/es\/#\/schema\/logo\/image\/","url":"https:\/\/www.berthonspain.com\/wp-content\/uploads\/2019\/05\/logo.png","contentUrl":"https:\/\/www.berthonspain.com\/wp-content\/uploads\/2019\/05\/logo.png","width":186,"height":66,"caption":"Berthon Spain"},"image":{"@id":"https:\/\/www.berthonspain.com\/es\/#\/schema\/logo\/image\/"},"sameAs":["https:\/\/www.facebook.com\/berthonspain\/"]}]}},"_links":{"self":[{"href":"https:\/\/www.berthonspain.com\/es\/wp-json\/wp\/v2\/pages\/4725","targetHints":{"allow":["GET"]}}],"collection":[{"href":"https:\/\/www.berthonspain.com\/es\/wp-json\/wp\/v2\/pages"}],"about":[{"href":"https:\/\/www.berthonspain.com\/es\/wp-json\/wp\/v2\/types\/page"}],"author":[{"embeddable":true,"href":"https:\/\/www.berthonspain.com\/es\/wp-json\/wp\/v2\/users\/1"}],"replies":[{"embeddable":true,"href":"https:\/\/www.berthonspain.com\/es\/wp-json\/wp\/v2\/comments?post=4725"}],"version-history":[{"count":6,"href":"https:\/\/www.berthonspain.com\/es\/wp-json\/wp\/v2\/pages\/4725\/revisions"}],"predecessor-version":[{"id":5404,"href":"https:\/\/www.berthonspain.com\/es\/wp-json\/wp\/v2\/pages\/4725\/revisions\/5404"}],"up":[{"embeddable":true,"href":"https:\/\/www.berthonspain.com\/es\/wp-json\/wp\/v2\/pages\/4714"}],"wp:attachment":[{"href":"https:\/\/www.berthonspain.com\/es\/wp-json\/wp\/v2\/media?parent=4725"}],"curies":[{"name":"wp","href":"https:\/\/api.w.org\/{rel}","templated":true}]}}