{"id":4714,"date":"2021-04-15T15:46:53","date_gmt":"2021-04-15T14:46:53","guid":{"rendered":"https:\/\/www.berthonspain.com\/refacciones-y-servicios-para-yates\/our-electrical-team\/"},"modified":"2024-02-19T13:38:45","modified_gmt":"2024-02-19T13:38:45","slug":"electronica-de-yates","status":"publish","type":"page","link":"https:\/\/www.berthonspain.com\/es\/electronica-de-yates\/","title":{"rendered":"Electr\u00f3nica de Yates"},"content":{"rendered":"<p>En Berthon Spain, reconocemos la importancia de contar con electricistas marinos altamente especializados en nuestro equipo, listos para completar cualquier tipo de instalaci\u00f3n el\u00e9ctrica, as\u00ed como para complementar nuestros otros departamentos. La perfecta integraci\u00f3n de los sistemas el\u00e9ctricos en los yates modernos se ha convertido en una parte vital de las operaciones est\u00e1ndar, ya que muchos sistemas cr\u00edticos dependen de la corriente continua (CC) o de la corriente alterna (CA).<\/p>\n","protected":false},"excerpt":{"rendered":"<p>En Berthon Spain, reconocemos la importancia de contar con electricistas marinos altamente especializados en nuestro equipo, listos para completar cualquier tipo de instalaci\u00f3n el\u00e9ctrica, as\u00ed como para complementar nuestros otros&#8230;<\/p>\n","protected":false},"author":3,"featured_media":3631,"parent":0,"menu_order":0,"comment_status":"closed","ping_status":"closed","template":"","meta":{"_acf_changed":false,"footnotes":""},"class_list":["post-4714","page","type-page","status-publish","has-post-thumbnail","hentry"],"acf":[],"yoast_head":"<!-- This site is optimized with the Yoast SEO plugin v26.8 - https:\/\/yoast.com\/product\/yoast-seo-wordpress\/ -->\n<title>Electr\u00f3nica de Yates - Berthon Spain<\/title>\n<meta name=\"description\" content=\"En Berthon Spain, reconocemos la importancia de contar con electricistas marinos altamente especializados en nuestro equipo, listos para completar\" \/>\n<meta name=\"robots\" content=\"index, follow, max-snippet:-1, max-image-preview:large, max-video-preview:-1\" \/>\n<link rel=\"canonical\" href=\"https:\/\/www.berthonspain.com\/es\/electronica-de-yates\/\" \/>\n<meta property=\"og:locale\" content=\"es_ES\" \/>\n<meta property=\"og:type\" content=\"article\" \/>\n<meta property=\"og:title\" content=\"Electr\u00f3nica de Yates - Berthon Spain\" \/>\n<meta property=\"og:description\" content=\"En Berthon Spain, reconocemos la importancia de contar con electricistas marinos altamente especializados en nuestro equipo, listos para completar\" \/>\n<meta property=\"og:url\" content=\"https:\/\/www.berthonspain.com\/es\/electronica-de-yates\/\" \/>\n<meta property=\"og:site_name\" content=\"Berthon Spain\" \/>\n<meta property=\"article:publisher\" content=\"https:\/\/www.facebook.com\/berthonspain\/\" \/>\n<meta property=\"article:modified_time\" content=\"2024-02-19T13:38:45+00:00\" \/>\n<meta property=\"og:image\" content=\"https:\/\/www.berthonspain.com\/wp-content\/uploads\/2021\/04\/our-electrical-team-1b.jpg\" \/>\n\t<meta property=\"og:image:width\" content=\"960\" \/>\n\t<meta property=\"og:image:height\" content=\"720\" \/>\n\t<meta property=\"og:image:type\" content=\"image\/jpeg\" \/>\n<meta name=\"twitter:card\" content=\"summary_large_image\" \/>\n<meta name=\"twitter:label1\" content=\"Tiempo de lectura\" \/>\n\t<meta name=\"twitter:data1\" content=\"4 minutos\" \/>\n<script type=\"application\/ld+json\" class=\"yoast-schema-graph\">{\"@context\":\"https:\/\/schema.org\",\"@graph\":[{\"@type\":\"WebPage\",\"@id\":\"https:\/\/www.berthonspain.com\/es\/electronica-de-yates\/\",\"url\":\"https:\/\/www.berthonspain.com\/es\/electronica-de-yates\/\",\"name\":\"Electr\u00f3nica de Yates - Berthon Spain\",\"isPartOf\":{\"@id\":\"https:\/\/www.berthonspain.com\/es\/#website\"},\"primaryImageOfPage\":{\"@id\":\"https:\/\/www.berthonspain.com\/es\/electronica-de-yates\/#primaryimage\"},\"image\":{\"@id\":\"https:\/\/www.berthonspain.com\/es\/electronica-de-yates\/#primaryimage\"},\"thumbnailUrl\":\"https:\/\/www.berthonspain.com\/wp-content\/uploads\/2021\/04\/our-electrical-team-1b.jpg\",\"datePublished\":\"2021-04-15T14:46:53+00:00\",\"dateModified\":\"2024-02-19T13:38:45+00:00\",\"description\":\"En Berthon Spain, reconocemos la importancia de contar con electricistas marinos altamente especializados en nuestro equipo, listos para completar\",\"breadcrumb\":{\"@id\":\"https:\/\/www.berthonspain.com\/es\/electronica-de-yates\/#breadcrumb\"},\"inLanguage\":\"es\",\"potentialAction\":[{\"@type\":\"ReadAction\",\"target\":[\"https:\/\/www.berthonspain.com\/es\/electronica-de-yates\/\"]}]},{\"@type\":\"ImageObject\",\"inLanguage\":\"es\",\"@id\":\"https:\/\/www.berthonspain.com\/es\/electronica-de-yates\/#primaryimage\",\"url\":\"https:\/\/www.berthonspain.com\/wp-content\/uploads\/2021\/04\/our-electrical-team-1b.jpg\",\"contentUrl\":\"https:\/\/www.berthonspain.com\/wp-content\/uploads\/2021\/04\/our-electrical-team-1b.jpg\",\"width\":960,\"height\":720,\"caption\":\"Berthon Spain marine electrics\"},{\"@type\":\"BreadcrumbList\",\"@id\":\"https:\/\/www.berthonspain.com\/es\/electronica-de-yates\/#breadcrumb\",\"itemListElement\":[{\"@type\":\"ListItem\",\"position\":1,\"name\":\"Home\",\"item\":\"https:\/\/www.berthonspain.com\/es\/\"},{\"@type\":\"ListItem\",\"position\":2,\"name\":\"Electr\u00f3nica de Yates\"}]},{\"@type\":\"WebSite\",\"@id\":\"https:\/\/www.berthonspain.com\/es\/#website\",\"url\":\"https:\/\/www.berthonspain.com\/es\/\",\"name\":\"Berthon Spain\",\"description\":\"Refit - Guardiennage - Engineering - Fabrication - Winch &amp; Windlass Servicing\",\"publisher\":{\"@id\":\"https:\/\/www.berthonspain.com\/es\/#organization\"},\"potentialAction\":[{\"@type\":\"SearchAction\",\"target\":{\"@type\":\"EntryPoint\",\"urlTemplate\":\"https:\/\/www.berthonspain.com\/es\/?s={search_term_string}\"},\"query-input\":{\"@type\":\"PropertyValueSpecification\",\"valueRequired\":true,\"valueName\":\"search_term_string\"}}],\"inLanguage\":\"es\"},{\"@type\":\"Organization\",\"@id\":\"https:\/\/www.berthonspain.com\/es\/#organization\",\"name\":\"Berthon Spain\",\"url\":\"https:\/\/www.berthonspain.com\/es\/\",\"logo\":{\"@type\":\"ImageObject\",\"inLanguage\":\"es\",\"@id\":\"https:\/\/www.berthonspain.com\/es\/#\/schema\/logo\/image\/\",\"url\":\"https:\/\/www.berthonspain.com\/wp-content\/uploads\/2019\/05\/logo.png\",\"contentUrl\":\"https:\/\/www.berthonspain.com\/wp-content\/uploads\/2019\/05\/logo.png\",\"width\":186,\"height\":66,\"caption\":\"Berthon Spain\"},\"image\":{\"@id\":\"https:\/\/www.berthonspain.com\/es\/#\/schema\/logo\/image\/\"},\"sameAs\":[\"https:\/\/www.facebook.com\/berthonspain\/\"]}]}<\/script>\n<!-- \/ Yoast SEO plugin. -->","yoast_head_json":{"title":"Electr\u00f3nica de Yates - Berthon Spain","description":"En Berthon Spain, reconocemos la importancia de contar con electricistas marinos altamente especializados en nuestro equipo, listos para completar","robots":{"index":"index","follow":"follow","max-snippet":"max-snippet:-1","max-image-preview":"max-image-preview:large","max-video-preview":"max-video-preview:-1"},"canonical":"https:\/\/www.berthonspain.com\/es\/electronica-de-yates\/","og_locale":"es_ES","og_type":"article","og_title":"Electr\u00f3nica de Yates - Berthon Spain","og_description":"En Berthon Spain, reconocemos la importancia de contar con electricistas marinos altamente especializados en nuestro equipo, listos para completar","og_url":"https:\/\/www.berthonspain.com\/es\/electronica-de-yates\/","og_site_name":"Berthon Spain","article_publisher":"https:\/\/www.facebook.com\/berthonspain\/","article_modified_time":"2024-02-19T13:38:45+00:00","og_image":[{"width":960,"height":720,"url":"https:\/\/www.berthonspain.com\/wp-content\/uploads\/2021\/04\/our-electrical-team-1b.jpg","type":"image\/jpeg"}],"twitter_card":"summary_large_image","twitter_misc":{"Tiempo de lectura":"4 minutos"},"schema":{"@context":"https:\/\/schema.org","@graph":[{"@type":"WebPage","@id":"https:\/\/www.berthonspain.com\/es\/electronica-de-yates\/","url":"https:\/\/www.berthonspain.com\/es\/electronica-de-yates\/","name":"Electr\u00f3nica de Yates - Berthon Spain","isPartOf":{"@id":"https:\/\/www.berthonspain.com\/es\/#website"},"primaryImageOfPage":{"@id":"https:\/\/www.berthonspain.com\/es\/electronica-de-yates\/#primaryimage"},"image":{"@id":"https:\/\/www.berthonspain.com\/es\/electronica-de-yates\/#primaryimage"},"thumbnailUrl":"https:\/\/www.berthonspain.com\/wp-content\/uploads\/2021\/04\/our-electrical-team-1b.jpg","datePublished":"2021-04-15T14:46:53+00:00","dateModified":"2024-02-19T13:38:45+00:00","description":"En Berthon Spain, reconocemos la importancia de contar con electricistas marinos altamente especializados en nuestro equipo, listos para completar","breadcrumb":{"@id":"https:\/\/www.berthonspain.com\/es\/electronica-de-yates\/#breadcrumb"},"inLanguage":"es","potentialAction":[{"@type":"ReadAction","target":["https:\/\/www.berthonspain.com\/es\/electronica-de-yates\/"]}]},{"@type":"ImageObject","inLanguage":"es","@id":"https:\/\/www.berthonspain.com\/es\/electronica-de-yates\/#primaryimage","url":"https:\/\/www.berthonspain.com\/wp-content\/uploads\/2021\/04\/our-electrical-team-1b.jpg","contentUrl":"https:\/\/www.berthonspain.com\/wp-content\/uploads\/2021\/04\/our-electrical-team-1b.jpg","width":960,"height":720,"caption":"Berthon Spain marine electrics"},{"@type":"BreadcrumbList","@id":"https:\/\/www.berthonspain.com\/es\/electronica-de-yates\/#breadcrumb","itemListElement":[{"@type":"ListItem","position":1,"name":"Home","item":"https:\/\/www.berthonspain.com\/es\/"},{"@type":"ListItem","position":2,"name":"Electr\u00f3nica de Yates"}]},{"@type":"WebSite","@id":"https:\/\/www.berthonspain.com\/es\/#website","url":"https:\/\/www.berthonspain.com\/es\/","name":"Berthon Spain","description":"Refit - Guardiennage - Engineering - Fabrication - Winch &amp; Windlass Servicing","publisher":{"@id":"https:\/\/www.berthonspain.com\/es\/#organization"},"potentialAction":[{"@type":"SearchAction","target":{"@type":"EntryPoint","urlTemplate":"https:\/\/www.berthonspain.com\/es\/?s={search_term_string}"},"query-input":{"@type":"PropertyValueSpecification","valueRequired":true,"valueName":"search_term_string"}}],"inLanguage":"es"},{"@type":"Organization","@id":"https:\/\/www.berthonspain.com\/es\/#organization","name":"Berthon Spain","url":"https:\/\/www.berthonspain.com\/es\/","logo":{"@type":"ImageObject","inLanguage":"es","@id":"https:\/\/www.berthonspain.com\/es\/#\/schema\/logo\/image\/","url":"https:\/\/www.berthonspain.com\/wp-content\/uploads\/2019\/05\/logo.png","contentUrl":"https:\/\/www.berthonspain.com\/wp-content\/uploads\/2019\/05\/logo.png","width":186,"height":66,"caption":"Berthon Spain"},"image":{"@id":"https:\/\/www.berthonspain.com\/es\/#\/schema\/logo\/image\/"},"sameAs":["https:\/\/www.facebook.com\/berthonspain\/"]}]}},"_links":{"self":[{"href":"https:\/\/www.berthonspain.com\/es\/wp-json\/wp\/v2\/pages\/4714","targetHints":{"allow":["GET"]}}],"collection":[{"href":"https:\/\/www.berthonspain.com\/es\/wp-json\/wp\/v2\/pages"}],"about":[{"href":"https:\/\/www.berthonspain.com\/es\/wp-json\/wp\/v2\/types\/page"}],"author":[{"embeddable":true,"href":"https:\/\/www.berthonspain.com\/es\/wp-json\/wp\/v2\/users\/3"}],"replies":[{"embeddable":true,"href":"https:\/\/www.berthonspain.com\/es\/wp-json\/wp\/v2\/comments?post=4714"}],"version-history":[{"count":4,"href":"https:\/\/www.berthonspain.com\/es\/wp-json\/wp\/v2\/pages\/4714\/revisions"}],"predecessor-version":[{"id":5406,"href":"https:\/\/www.berthonspain.com\/es\/wp-json\/wp\/v2\/pages\/4714\/revisions\/5406"}],"wp:featuredmedia":[{"embeddable":true,"href":"https:\/\/www.berthonspain.com\/es\/wp-json\/wp\/v2\/media\/3631"}],"wp:attachment":[{"href":"https:\/\/www.berthonspain.com\/es\/wp-json\/wp\/v2\/media?parent=4714"}],"curies":[{"name":"wp","href":"https:\/\/api.w.org\/{rel}","templated":true}]}}