{"id":4707,"date":"2019-02-05T18:14:36","date_gmt":"2019-02-05T18:14:36","guid":{"rendered":"https:\/\/www.berthonspain.com\/refacciones-y-servicios-para-yates\/ingenieria-marina\/winches-windlasses\/"},"modified":"2024-11-25T10:39:58","modified_gmt":"2024-11-25T10:39:58","slug":"cabrestantes-y-molinetes","status":"publish","type":"page","link":"https:\/\/www.berthonspain.com\/es\/refit-servicios-para-yates\/ingenieria-marina\/cabrestantes-y-molinetes\/","title":{"rendered":"Cabrestantes y Molinetes"},"content":{"rendered":"<h3>Reparaci\u00f3n de Cabrestantes, Servicio de Cabrestantes cautivos y Servicio de Molinetes<\/h3>\n<p>Berthon Spain es especialista en la reparaci\u00f3n de cabrestantes, servicio de molinetes y servicio de cabrestantes cautivos. Hemos trabajado en una enorme variedad de estas unidades, desde las peque\u00f1as Lewmar hasta las enormes MUIR V22000 en un Feadship de 80M. La base es la misma en todas ellas, \u00a1pero las grandes se hacen muy pesadas!<\/p>\n<p>Gracias a nuestra capacidad para fabricar la mayor\u00eda de las piezas en nuestras instalaciones, a\u00fan no hemos encontrado ning\u00fan cabrestante o molinete que no hayamos podido dejar como nuevo. La capacidad de fabricar nuestras propias piezas nos permite reducir los largos plazos de entrega y, a menudo, fabricarlas a menor coste.<\/p>\n<p>&nbsp;<\/p>\n","protected":false},"excerpt":{"rendered":"<p>Reparaci\u00f3n de Cabrestantes, Servicio de Cabrestantes cautivos y Servicio de Molinetes Berthon Spain es especialista en la reparaci\u00f3n de cabrestantes, servicio de molinetes y servicio de cabrestantes cautivos. Hemos trabajado&#8230;<\/p>\n","protected":false},"author":1,"featured_media":3194,"parent":4673,"menu_order":0,"comment_status":"closed","ping_status":"closed","template":"","meta":{"_acf_changed":false,"footnotes":""},"class_list":["post-4707","page","type-page","status-publish","has-post-thumbnail","hentry"],"acf":[],"yoast_head":"<!-- This site is optimized with the Yoast SEO plugin v26.8 - https:\/\/yoast.com\/product\/yoast-seo-wordpress\/ -->\n<title>Servicio y Reparaci\u00f3n de cabrestantes, y Mantenimiento de molinetes y cabrestantes cautivos<\/title>\n<meta name=\"description\" content=\"Cabrestantes y Molinetes - Reparaci\u00f3n de Cabrestantes, Servicio de Cabrestantes cautivos y Servicio de Molinetes Berthon Spain es especialista en la reparaci\u00f3n de cabrestantes,\" \/>\n<meta name=\"robots\" content=\"index, follow, max-snippet:-1, max-image-preview:large, max-video-preview:-1\" \/>\n<link rel=\"canonical\" href=\"https:\/\/www.berthonspain.com\/es\/refit-servicios-para-yates\/ingenieria-marina\/cabrestantes-y-molinetes\/\" \/>\n<meta property=\"og:locale\" content=\"es_ES\" \/>\n<meta property=\"og:type\" content=\"article\" \/>\n<meta property=\"og:title\" content=\"Servicio y Reparaci\u00f3n de cabrestantes, y Mantenimiento de molinetes y cabrestantes cautivos\" \/>\n<meta property=\"og:description\" content=\"Cabrestantes y Molinetes - Reparaci\u00f3n de Cabrestantes, Servicio de Cabrestantes cautivos y Servicio de Molinetes Berthon Spain es especialista en la reparaci\u00f3n de cabrestantes,\" \/>\n<meta property=\"og:url\" content=\"https:\/\/www.berthonspain.com\/es\/refit-servicios-para-yates\/ingenieria-marina\/cabrestantes-y-molinetes\/\" \/>\n<meta property=\"og:site_name\" content=\"Berthon Spain\" \/>\n<meta property=\"article:publisher\" content=\"https:\/\/www.facebook.com\/berthonspain\/\" \/>\n<meta property=\"article:modified_time\" content=\"2024-11-25T10:39:58+00:00\" \/>\n<meta property=\"og:image\" content=\"https:\/\/www.berthonspain.com\/wp-content\/uploads\/2019\/02\/captive-winch-repair.jpg\" \/>\n\t<meta property=\"og:image:width\" content=\"1400\" \/>\n\t<meta property=\"og:image:height\" content=\"572\" \/>\n\t<meta property=\"og:image:type\" content=\"image\/jpeg\" \/>\n<meta name=\"twitter:card\" content=\"summary_large_image\" \/>\n<meta name=\"twitter:label1\" content=\"Tiempo de lectura\" \/>\n\t<meta name=\"twitter:data1\" content=\"3 minutos\" \/>\n<script type=\"application\/ld+json\" class=\"yoast-schema-graph\">{\"@context\":\"https:\/\/schema.org\",\"@graph\":[{\"@type\":\"WebPage\",\"@id\":\"https:\/\/www.berthonspain.com\/es\/refit-servicios-para-yates\/ingenieria-marina\/cabrestantes-y-molinetes\/\",\"url\":\"https:\/\/www.berthonspain.com\/es\/refit-servicios-para-yates\/ingenieria-marina\/cabrestantes-y-molinetes\/\",\"name\":\"Servicio y Reparaci\u00f3n de cabrestantes, y Mantenimiento de molinetes y cabrestantes cautivos\",\"isPartOf\":{\"@id\":\"https:\/\/www.berthonspain.com\/es\/#website\"},\"primaryImageOfPage\":{\"@id\":\"https:\/\/www.berthonspain.com\/es\/refit-servicios-para-yates\/ingenieria-marina\/cabrestantes-y-molinetes\/#primaryimage\"},\"image\":{\"@id\":\"https:\/\/www.berthonspain.com\/es\/refit-servicios-para-yates\/ingenieria-marina\/cabrestantes-y-molinetes\/#primaryimage\"},\"thumbnailUrl\":\"https:\/\/www.berthonspain.com\/wp-content\/uploads\/2019\/02\/captive-winch-repair.jpg\",\"datePublished\":\"2019-02-05T18:14:36+00:00\",\"dateModified\":\"2024-11-25T10:39:58+00:00\",\"description\":\"Cabrestantes y Molinetes - Reparaci\u00f3n de Cabrestantes, Servicio de Cabrestantes cautivos y Servicio de Molinetes Berthon Spain es especialista en la reparaci\u00f3n de cabrestantes,\",\"breadcrumb\":{\"@id\":\"https:\/\/www.berthonspain.com\/es\/refit-servicios-para-yates\/ingenieria-marina\/cabrestantes-y-molinetes\/#breadcrumb\"},\"inLanguage\":\"es\",\"potentialAction\":[{\"@type\":\"ReadAction\",\"target\":[\"https:\/\/www.berthonspain.com\/es\/refit-servicios-para-yates\/ingenieria-marina\/cabrestantes-y-molinetes\/\"]}]},{\"@type\":\"ImageObject\",\"inLanguage\":\"es\",\"@id\":\"https:\/\/www.berthonspain.com\/es\/refit-servicios-para-yates\/ingenieria-marina\/cabrestantes-y-molinetes\/#primaryimage\",\"url\":\"https:\/\/www.berthonspain.com\/wp-content\/uploads\/2019\/02\/captive-winch-repair.jpg\",\"contentUrl\":\"https:\/\/www.berthonspain.com\/wp-content\/uploads\/2019\/02\/captive-winch-repair.jpg\",\"width\":1400,\"height\":572},{\"@type\":\"BreadcrumbList\",\"@id\":\"https:\/\/www.berthonspain.com\/es\/refit-servicios-para-yates\/ingenieria-marina\/cabrestantes-y-molinetes\/#breadcrumb\",\"itemListElement\":[{\"@type\":\"ListItem\",\"position\":1,\"name\":\"Home\",\"item\":\"https:\/\/www.berthonspain.com\/es\/\"},{\"@type\":\"ListItem\",\"position\":2,\"name\":\"Refit Servicios para Yates\",\"item\":\"https:\/\/www.berthonspain.com\/es\/refit-servicios-para-yates\/\"},{\"@type\":\"ListItem\",\"position\":3,\"name\":\"Ingenier\u00eda Marina\",\"item\":\"https:\/\/www.berthonspain.com\/es\/refit-servicios-para-yates\/ingenieria-marina\/\"},{\"@type\":\"ListItem\",\"position\":4,\"name\":\"Cabrestantes y Molinetes\"}]},{\"@type\":\"WebSite\",\"@id\":\"https:\/\/www.berthonspain.com\/es\/#website\",\"url\":\"https:\/\/www.berthonspain.com\/es\/\",\"name\":\"Berthon Spain\",\"description\":\"Refit - Guardiennage - Engineering - Fabrication - Winch &amp; Windlass Servicing\",\"publisher\":{\"@id\":\"https:\/\/www.berthonspain.com\/es\/#organization\"},\"potentialAction\":[{\"@type\":\"SearchAction\",\"target\":{\"@type\":\"EntryPoint\",\"urlTemplate\":\"https:\/\/www.berthonspain.com\/es\/?s={search_term_string}\"},\"query-input\":{\"@type\":\"PropertyValueSpecification\",\"valueRequired\":true,\"valueName\":\"search_term_string\"}}],\"inLanguage\":\"es\"},{\"@type\":\"Organization\",\"@id\":\"https:\/\/www.berthonspain.com\/es\/#organization\",\"name\":\"Berthon Spain\",\"url\":\"https:\/\/www.berthonspain.com\/es\/\",\"logo\":{\"@type\":\"ImageObject\",\"inLanguage\":\"es\",\"@id\":\"https:\/\/www.berthonspain.com\/es\/#\/schema\/logo\/image\/\",\"url\":\"https:\/\/www.berthonspain.com\/wp-content\/uploads\/2019\/05\/logo.png\",\"contentUrl\":\"https:\/\/www.berthonspain.com\/wp-content\/uploads\/2019\/05\/logo.png\",\"width\":186,\"height\":66,\"caption\":\"Berthon Spain\"},\"image\":{\"@id\":\"https:\/\/www.berthonspain.com\/es\/#\/schema\/logo\/image\/\"},\"sameAs\":[\"https:\/\/www.facebook.com\/berthonspain\/\"]}]}<\/script>\n<!-- \/ Yoast SEO plugin. -->","yoast_head_json":{"title":"Servicio y Reparaci\u00f3n de cabrestantes, y Mantenimiento de molinetes y cabrestantes cautivos","description":"Cabrestantes y Molinetes - Reparaci\u00f3n de Cabrestantes, Servicio de Cabrestantes cautivos y Servicio de Molinetes Berthon Spain es especialista en la reparaci\u00f3n de cabrestantes,","robots":{"index":"index","follow":"follow","max-snippet":"max-snippet:-1","max-image-preview":"max-image-preview:large","max-video-preview":"max-video-preview:-1"},"canonical":"https:\/\/www.berthonspain.com\/es\/refit-servicios-para-yates\/ingenieria-marina\/cabrestantes-y-molinetes\/","og_locale":"es_ES","og_type":"article","og_title":"Servicio y Reparaci\u00f3n de cabrestantes, y Mantenimiento de molinetes y cabrestantes cautivos","og_description":"Cabrestantes y Molinetes - Reparaci\u00f3n de Cabrestantes, Servicio de Cabrestantes cautivos y Servicio de Molinetes Berthon Spain es especialista en la reparaci\u00f3n de cabrestantes,","og_url":"https:\/\/www.berthonspain.com\/es\/refit-servicios-para-yates\/ingenieria-marina\/cabrestantes-y-molinetes\/","og_site_name":"Berthon Spain","article_publisher":"https:\/\/www.facebook.com\/berthonspain\/","article_modified_time":"2024-11-25T10:39:58+00:00","og_image":[{"width":1400,"height":572,"url":"https:\/\/www.berthonspain.com\/wp-content\/uploads\/2019\/02\/captive-winch-repair.jpg","type":"image\/jpeg"}],"twitter_card":"summary_large_image","twitter_misc":{"Tiempo de lectura":"3 minutos"},"schema":{"@context":"https:\/\/schema.org","@graph":[{"@type":"WebPage","@id":"https:\/\/www.berthonspain.com\/es\/refit-servicios-para-yates\/ingenieria-marina\/cabrestantes-y-molinetes\/","url":"https:\/\/www.berthonspain.com\/es\/refit-servicios-para-yates\/ingenieria-marina\/cabrestantes-y-molinetes\/","name":"Servicio y Reparaci\u00f3n de cabrestantes, y Mantenimiento de molinetes y cabrestantes cautivos","isPartOf":{"@id":"https:\/\/www.berthonspain.com\/es\/#website"},"primaryImageOfPage":{"@id":"https:\/\/www.berthonspain.com\/es\/refit-servicios-para-yates\/ingenieria-marina\/cabrestantes-y-molinetes\/#primaryimage"},"image":{"@id":"https:\/\/www.berthonspain.com\/es\/refit-servicios-para-yates\/ingenieria-marina\/cabrestantes-y-molinetes\/#primaryimage"},"thumbnailUrl":"https:\/\/www.berthonspain.com\/wp-content\/uploads\/2019\/02\/captive-winch-repair.jpg","datePublished":"2019-02-05T18:14:36+00:00","dateModified":"2024-11-25T10:39:58+00:00","description":"Cabrestantes y Molinetes - Reparaci\u00f3n de Cabrestantes, Servicio de Cabrestantes cautivos y Servicio de Molinetes Berthon Spain es especialista en la reparaci\u00f3n de cabrestantes,","breadcrumb":{"@id":"https:\/\/www.berthonspain.com\/es\/refit-servicios-para-yates\/ingenieria-marina\/cabrestantes-y-molinetes\/#breadcrumb"},"inLanguage":"es","potentialAction":[{"@type":"ReadAction","target":["https:\/\/www.berthonspain.com\/es\/refit-servicios-para-yates\/ingenieria-marina\/cabrestantes-y-molinetes\/"]}]},{"@type":"ImageObject","inLanguage":"es","@id":"https:\/\/www.berthonspain.com\/es\/refit-servicios-para-yates\/ingenieria-marina\/cabrestantes-y-molinetes\/#primaryimage","url":"https:\/\/www.berthonspain.com\/wp-content\/uploads\/2019\/02\/captive-winch-repair.jpg","contentUrl":"https:\/\/www.berthonspain.com\/wp-content\/uploads\/2019\/02\/captive-winch-repair.jpg","width":1400,"height":572},{"@type":"BreadcrumbList","@id":"https:\/\/www.berthonspain.com\/es\/refit-servicios-para-yates\/ingenieria-marina\/cabrestantes-y-molinetes\/#breadcrumb","itemListElement":[{"@type":"ListItem","position":1,"name":"Home","item":"https:\/\/www.berthonspain.com\/es\/"},{"@type":"ListItem","position":2,"name":"Refit Servicios para Yates","item":"https:\/\/www.berthonspain.com\/es\/refit-servicios-para-yates\/"},{"@type":"ListItem","position":3,"name":"Ingenier\u00eda Marina","item":"https:\/\/www.berthonspain.com\/es\/refit-servicios-para-yates\/ingenieria-marina\/"},{"@type":"ListItem","position":4,"name":"Cabrestantes y Molinetes"}]},{"@type":"WebSite","@id":"https:\/\/www.berthonspain.com\/es\/#website","url":"https:\/\/www.berthonspain.com\/es\/","name":"Berthon Spain","description":"Refit - Guardiennage - Engineering - Fabrication - Winch &amp; Windlass Servicing","publisher":{"@id":"https:\/\/www.berthonspain.com\/es\/#organization"},"potentialAction":[{"@type":"SearchAction","target":{"@type":"EntryPoint","urlTemplate":"https:\/\/www.berthonspain.com\/es\/?s={search_term_string}"},"query-input":{"@type":"PropertyValueSpecification","valueRequired":true,"valueName":"search_term_string"}}],"inLanguage":"es"},{"@type":"Organization","@id":"https:\/\/www.berthonspain.com\/es\/#organization","name":"Berthon Spain","url":"https:\/\/www.berthonspain.com\/es\/","logo":{"@type":"ImageObject","inLanguage":"es","@id":"https:\/\/www.berthonspain.com\/es\/#\/schema\/logo\/image\/","url":"https:\/\/www.berthonspain.com\/wp-content\/uploads\/2019\/05\/logo.png","contentUrl":"https:\/\/www.berthonspain.com\/wp-content\/uploads\/2019\/05\/logo.png","width":186,"height":66,"caption":"Berthon Spain"},"image":{"@id":"https:\/\/www.berthonspain.com\/es\/#\/schema\/logo\/image\/"},"sameAs":["https:\/\/www.facebook.com\/berthonspain\/"]}]}},"_links":{"self":[{"href":"https:\/\/www.berthonspain.com\/es\/wp-json\/wp\/v2\/pages\/4707","targetHints":{"allow":["GET"]}}],"collection":[{"href":"https:\/\/www.berthonspain.com\/es\/wp-json\/wp\/v2\/pages"}],"about":[{"href":"https:\/\/www.berthonspain.com\/es\/wp-json\/wp\/v2\/types\/page"}],"author":[{"embeddable":true,"href":"https:\/\/www.berthonspain.com\/es\/wp-json\/wp\/v2\/users\/1"}],"replies":[{"embeddable":true,"href":"https:\/\/www.berthonspain.com\/es\/wp-json\/wp\/v2\/comments?post=4707"}],"version-history":[{"count":3,"href":"https:\/\/www.berthonspain.com\/es\/wp-json\/wp\/v2\/pages\/4707\/revisions"}],"predecessor-version":[{"id":4712,"href":"https:\/\/www.berthonspain.com\/es\/wp-json\/wp\/v2\/pages\/4707\/revisions\/4712"}],"up":[{"embeddable":true,"href":"https:\/\/www.berthonspain.com\/es\/wp-json\/wp\/v2\/pages\/4673"}],"wp:featuredmedia":[{"embeddable":true,"href":"https:\/\/www.berthonspain.com\/es\/wp-json\/wp\/v2\/media\/3194"}],"wp:attachment":[{"href":"https:\/\/www.berthonspain.com\/es\/wp-json\/wp\/v2\/media?parent=4707"}],"curies":[{"name":"wp","href":"https:\/\/api.w.org\/{rel}","templated":true}]}}