{"id":4700,"date":"2019-04-24T11:43:43","date_gmt":"2019-04-24T10:43:43","guid":{"rendered":"https:\/\/www.berthonspain.com\/refacciones-y-servicios-para-yates\/ingenieria-marina\/yacht-repairs\/"},"modified":"2024-11-25T10:47:47","modified_gmt":"2024-11-25T10:47:47","slug":"reparacion-de-yates","status":"publish","type":"page","link":"https:\/\/www.berthonspain.com\/es\/refit-servicios-para-yates\/ingenieria-marina\/reparacion-de-yates\/","title":{"rendered":"Reparaci\u00f3n de Yates"},"content":{"rendered":"<p>Los da\u00f1os sufridos en yate, no es un momento feliz para su propietario. El equipo de Berthon Spain se complace en poder ayudar \u2018siempre y cuando sea; consiguiendo que las cosas vuelvan a estar en orden y funcionando, en un plazo conveniente y con un alto nivel de calidad.<\/p>\n<p>Como es de esperar, es fundamental que las reparaciones en un yate, tras un accidente, se lleven a cabo en colaboraci\u00f3n con nuestros peritos marinos, para que los propietarios de las embarcaciones y las aseguradoras tengan la seguridad, de que el yate est\u00e1 en perfecto estado despu\u00e9s de cualquier reparaci\u00f3n.<\/p>\n<p>A lo largo de los a\u00f1os, hemos tenido barcos que han acudido a nosotros para reparar da\u00f1os de diferente \u00edndole; desde el impacto de un rayo, colisiones en un fondeo, da\u00f1os estructurales en la fibra de vidrio hasta delaminaci\u00f3n de fibra de vidrio.<\/p>\n","protected":false},"excerpt":{"rendered":"<p>Los da\u00f1os sufridos en yate, no es un momento feliz para su propietario. El equipo de Berthon Spain se complace en poder ayudar \u2018siempre y cuando sea; consiguiendo que las&#8230;<\/p>\n","protected":false},"author":3,"featured_media":3398,"parent":4673,"menu_order":0,"comment_status":"closed","ping_status":"closed","template":"","meta":{"_acf_changed":false,"footnotes":""},"class_list":["post-4700","page","type-page","status-publish","has-post-thumbnail","hentry"],"acf":[],"yoast_head":"<!-- This site is optimized with the Yoast SEO plugin v26.8 - https:\/\/yoast.com\/product\/yoast-seo-wordpress\/ -->\n<title>Reparaci\u00f3n y Mantenimiento de Yates - Reparaci\u00f3n de Barcos en Berthon Spain, Palma<\/title>\n<meta name=\"description\" content=\"Reparaci\u00f3n de Yates - Los da\u00f1os sufridos en yate, no es un momento feliz para su propietario. El equipo de Berthon Spain se complace en poder ayudar \u2018siempre y cuando sea;\" \/>\n<meta name=\"robots\" content=\"index, follow, max-snippet:-1, max-image-preview:large, max-video-preview:-1\" \/>\n<link rel=\"canonical\" href=\"https:\/\/www.berthonspain.com\/es\/refit-servicios-para-yates\/ingenieria-marina\/reparacion-de-yates\/\" \/>\n<meta property=\"og:locale\" content=\"es_ES\" \/>\n<meta property=\"og:type\" content=\"article\" \/>\n<meta property=\"og:title\" content=\"Reparaci\u00f3n y Mantenimiento de Yates - Reparaci\u00f3n de Barcos en Berthon Spain, Palma\" \/>\n<meta property=\"og:description\" content=\"Reparaci\u00f3n de Yates - Los da\u00f1os sufridos en yate, no es un momento feliz para su propietario. El equipo de Berthon Spain se complace en poder ayudar \u2018siempre y cuando sea;\" \/>\n<meta property=\"og:url\" content=\"https:\/\/www.berthonspain.com\/es\/refit-servicios-para-yates\/ingenieria-marina\/reparacion-de-yates\/\" \/>\n<meta property=\"og:site_name\" content=\"Berthon Spain\" \/>\n<meta property=\"article:publisher\" content=\"https:\/\/www.facebook.com\/berthonspain\/\" \/>\n<meta property=\"article:modified_time\" content=\"2024-11-25T10:47:47+00:00\" \/>\n<meta property=\"og:image\" content=\"https:\/\/www.berthonspain.com\/wp-content\/uploads\/2019\/04\/berthon-spain-yacht-repair-1-team-members.jpg\" \/>\n\t<meta property=\"og:image:width\" content=\"1000\" \/>\n\t<meta property=\"og:image:height\" content=\"659\" \/>\n\t<meta property=\"og:image:type\" content=\"image\/jpeg\" \/>\n<meta name=\"twitter:card\" content=\"summary_large_image\" \/>\n<meta name=\"twitter:label1\" content=\"Tiempo de lectura\" \/>\n\t<meta name=\"twitter:data1\" content=\"5 minutos\" \/>\n<script type=\"application\/ld+json\" class=\"yoast-schema-graph\">{\"@context\":\"https:\/\/schema.org\",\"@graph\":[{\"@type\":\"WebPage\",\"@id\":\"https:\/\/www.berthonspain.com\/es\/refit-servicios-para-yates\/ingenieria-marina\/reparacion-de-yates\/\",\"url\":\"https:\/\/www.berthonspain.com\/es\/refit-servicios-para-yates\/ingenieria-marina\/reparacion-de-yates\/\",\"name\":\"Reparaci\u00f3n y Mantenimiento de Yates - Reparaci\u00f3n de Barcos en Berthon Spain, Palma\",\"isPartOf\":{\"@id\":\"https:\/\/www.berthonspain.com\/es\/#website\"},\"primaryImageOfPage\":{\"@id\":\"https:\/\/www.berthonspain.com\/es\/refit-servicios-para-yates\/ingenieria-marina\/reparacion-de-yates\/#primaryimage\"},\"image\":{\"@id\":\"https:\/\/www.berthonspain.com\/es\/refit-servicios-para-yates\/ingenieria-marina\/reparacion-de-yates\/#primaryimage\"},\"thumbnailUrl\":\"https:\/\/www.berthonspain.com\/wp-content\/uploads\/2019\/04\/berthon-spain-yacht-repair-1-team-members.jpg\",\"datePublished\":\"2019-04-24T10:43:43+00:00\",\"dateModified\":\"2024-11-25T10:47:47+00:00\",\"description\":\"Reparaci\u00f3n de Yates - Los da\u00f1os sufridos en yate, no es un momento feliz para su propietario. El equipo de Berthon Spain se complace en poder ayudar \u2018siempre y cuando sea;\",\"breadcrumb\":{\"@id\":\"https:\/\/www.berthonspain.com\/es\/refit-servicios-para-yates\/ingenieria-marina\/reparacion-de-yates\/#breadcrumb\"},\"inLanguage\":\"es\",\"potentialAction\":[{\"@type\":\"ReadAction\",\"target\":[\"https:\/\/www.berthonspain.com\/es\/refit-servicios-para-yates\/ingenieria-marina\/reparacion-de-yates\/\"]}]},{\"@type\":\"ImageObject\",\"inLanguage\":\"es\",\"@id\":\"https:\/\/www.berthonspain.com\/es\/refit-servicios-para-yates\/ingenieria-marina\/reparacion-de-yates\/#primaryimage\",\"url\":\"https:\/\/www.berthonspain.com\/wp-content\/uploads\/2019\/04\/berthon-spain-yacht-repair-1-team-members.jpg\",\"contentUrl\":\"https:\/\/www.berthonspain.com\/wp-content\/uploads\/2019\/04\/berthon-spain-yacht-repair-1-team-members.jpg\",\"width\":1000,\"height\":659},{\"@type\":\"BreadcrumbList\",\"@id\":\"https:\/\/www.berthonspain.com\/es\/refit-servicios-para-yates\/ingenieria-marina\/reparacion-de-yates\/#breadcrumb\",\"itemListElement\":[{\"@type\":\"ListItem\",\"position\":1,\"name\":\"Home\",\"item\":\"https:\/\/www.berthonspain.com\/es\/\"},{\"@type\":\"ListItem\",\"position\":2,\"name\":\"Refit Servicios para Yates\",\"item\":\"https:\/\/www.berthonspain.com\/es\/refit-servicios-para-yates\/\"},{\"@type\":\"ListItem\",\"position\":3,\"name\":\"Ingenier\u00eda Marina\",\"item\":\"https:\/\/www.berthonspain.com\/es\/refit-servicios-para-yates\/ingenieria-marina\/\"},{\"@type\":\"ListItem\",\"position\":4,\"name\":\"Reparaci\u00f3n de Yates\"}]},{\"@type\":\"WebSite\",\"@id\":\"https:\/\/www.berthonspain.com\/es\/#website\",\"url\":\"https:\/\/www.berthonspain.com\/es\/\",\"name\":\"Berthon Spain\",\"description\":\"Refit - Guardiennage - Engineering - Fabrication - Winch &amp; Windlass Servicing\",\"publisher\":{\"@id\":\"https:\/\/www.berthonspain.com\/es\/#organization\"},\"potentialAction\":[{\"@type\":\"SearchAction\",\"target\":{\"@type\":\"EntryPoint\",\"urlTemplate\":\"https:\/\/www.berthonspain.com\/es\/?s={search_term_string}\"},\"query-input\":{\"@type\":\"PropertyValueSpecification\",\"valueRequired\":true,\"valueName\":\"search_term_string\"}}],\"inLanguage\":\"es\"},{\"@type\":\"Organization\",\"@id\":\"https:\/\/www.berthonspain.com\/es\/#organization\",\"name\":\"Berthon Spain\",\"url\":\"https:\/\/www.berthonspain.com\/es\/\",\"logo\":{\"@type\":\"ImageObject\",\"inLanguage\":\"es\",\"@id\":\"https:\/\/www.berthonspain.com\/es\/#\/schema\/logo\/image\/\",\"url\":\"https:\/\/www.berthonspain.com\/wp-content\/uploads\/2019\/05\/logo.png\",\"contentUrl\":\"https:\/\/www.berthonspain.com\/wp-content\/uploads\/2019\/05\/logo.png\",\"width\":186,\"height\":66,\"caption\":\"Berthon Spain\"},\"image\":{\"@id\":\"https:\/\/www.berthonspain.com\/es\/#\/schema\/logo\/image\/\"},\"sameAs\":[\"https:\/\/www.facebook.com\/berthonspain\/\"]}]}<\/script>\n<!-- \/ Yoast SEO plugin. -->","yoast_head_json":{"title":"Reparaci\u00f3n y Mantenimiento de Yates - Reparaci\u00f3n de Barcos en Berthon Spain, Palma","description":"Reparaci\u00f3n de Yates - Los da\u00f1os sufridos en yate, no es un momento feliz para su propietario. El equipo de Berthon Spain se complace en poder ayudar \u2018siempre y cuando sea;","robots":{"index":"index","follow":"follow","max-snippet":"max-snippet:-1","max-image-preview":"max-image-preview:large","max-video-preview":"max-video-preview:-1"},"canonical":"https:\/\/www.berthonspain.com\/es\/refit-servicios-para-yates\/ingenieria-marina\/reparacion-de-yates\/","og_locale":"es_ES","og_type":"article","og_title":"Reparaci\u00f3n y Mantenimiento de Yates - Reparaci\u00f3n de Barcos en Berthon Spain, Palma","og_description":"Reparaci\u00f3n de Yates - Los da\u00f1os sufridos en yate, no es un momento feliz para su propietario. El equipo de Berthon Spain se complace en poder ayudar \u2018siempre y cuando sea;","og_url":"https:\/\/www.berthonspain.com\/es\/refit-servicios-para-yates\/ingenieria-marina\/reparacion-de-yates\/","og_site_name":"Berthon Spain","article_publisher":"https:\/\/www.facebook.com\/berthonspain\/","article_modified_time":"2024-11-25T10:47:47+00:00","og_image":[{"width":1000,"height":659,"url":"https:\/\/www.berthonspain.com\/wp-content\/uploads\/2019\/04\/berthon-spain-yacht-repair-1-team-members.jpg","type":"image\/jpeg"}],"twitter_card":"summary_large_image","twitter_misc":{"Tiempo de lectura":"5 minutos"},"schema":{"@context":"https:\/\/schema.org","@graph":[{"@type":"WebPage","@id":"https:\/\/www.berthonspain.com\/es\/refit-servicios-para-yates\/ingenieria-marina\/reparacion-de-yates\/","url":"https:\/\/www.berthonspain.com\/es\/refit-servicios-para-yates\/ingenieria-marina\/reparacion-de-yates\/","name":"Reparaci\u00f3n y Mantenimiento de Yates - Reparaci\u00f3n de Barcos en Berthon Spain, Palma","isPartOf":{"@id":"https:\/\/www.berthonspain.com\/es\/#website"},"primaryImageOfPage":{"@id":"https:\/\/www.berthonspain.com\/es\/refit-servicios-para-yates\/ingenieria-marina\/reparacion-de-yates\/#primaryimage"},"image":{"@id":"https:\/\/www.berthonspain.com\/es\/refit-servicios-para-yates\/ingenieria-marina\/reparacion-de-yates\/#primaryimage"},"thumbnailUrl":"https:\/\/www.berthonspain.com\/wp-content\/uploads\/2019\/04\/berthon-spain-yacht-repair-1-team-members.jpg","datePublished":"2019-04-24T10:43:43+00:00","dateModified":"2024-11-25T10:47:47+00:00","description":"Reparaci\u00f3n de Yates - Los da\u00f1os sufridos en yate, no es un momento feliz para su propietario. El equipo de Berthon Spain se complace en poder ayudar \u2018siempre y cuando sea;","breadcrumb":{"@id":"https:\/\/www.berthonspain.com\/es\/refit-servicios-para-yates\/ingenieria-marina\/reparacion-de-yates\/#breadcrumb"},"inLanguage":"es","potentialAction":[{"@type":"ReadAction","target":["https:\/\/www.berthonspain.com\/es\/refit-servicios-para-yates\/ingenieria-marina\/reparacion-de-yates\/"]}]},{"@type":"ImageObject","inLanguage":"es","@id":"https:\/\/www.berthonspain.com\/es\/refit-servicios-para-yates\/ingenieria-marina\/reparacion-de-yates\/#primaryimage","url":"https:\/\/www.berthonspain.com\/wp-content\/uploads\/2019\/04\/berthon-spain-yacht-repair-1-team-members.jpg","contentUrl":"https:\/\/www.berthonspain.com\/wp-content\/uploads\/2019\/04\/berthon-spain-yacht-repair-1-team-members.jpg","width":1000,"height":659},{"@type":"BreadcrumbList","@id":"https:\/\/www.berthonspain.com\/es\/refit-servicios-para-yates\/ingenieria-marina\/reparacion-de-yates\/#breadcrumb","itemListElement":[{"@type":"ListItem","position":1,"name":"Home","item":"https:\/\/www.berthonspain.com\/es\/"},{"@type":"ListItem","position":2,"name":"Refit Servicios para Yates","item":"https:\/\/www.berthonspain.com\/es\/refit-servicios-para-yates\/"},{"@type":"ListItem","position":3,"name":"Ingenier\u00eda Marina","item":"https:\/\/www.berthonspain.com\/es\/refit-servicios-para-yates\/ingenieria-marina\/"},{"@type":"ListItem","position":4,"name":"Reparaci\u00f3n de Yates"}]},{"@type":"WebSite","@id":"https:\/\/www.berthonspain.com\/es\/#website","url":"https:\/\/www.berthonspain.com\/es\/","name":"Berthon Spain","description":"Refit - Guardiennage - Engineering - Fabrication - Winch &amp; Windlass Servicing","publisher":{"@id":"https:\/\/www.berthonspain.com\/es\/#organization"},"potentialAction":[{"@type":"SearchAction","target":{"@type":"EntryPoint","urlTemplate":"https:\/\/www.berthonspain.com\/es\/?s={search_term_string}"},"query-input":{"@type":"PropertyValueSpecification","valueRequired":true,"valueName":"search_term_string"}}],"inLanguage":"es"},{"@type":"Organization","@id":"https:\/\/www.berthonspain.com\/es\/#organization","name":"Berthon Spain","url":"https:\/\/www.berthonspain.com\/es\/","logo":{"@type":"ImageObject","inLanguage":"es","@id":"https:\/\/www.berthonspain.com\/es\/#\/schema\/logo\/image\/","url":"https:\/\/www.berthonspain.com\/wp-content\/uploads\/2019\/05\/logo.png","contentUrl":"https:\/\/www.berthonspain.com\/wp-content\/uploads\/2019\/05\/logo.png","width":186,"height":66,"caption":"Berthon Spain"},"image":{"@id":"https:\/\/www.berthonspain.com\/es\/#\/schema\/logo\/image\/"},"sameAs":["https:\/\/www.facebook.com\/berthonspain\/"]}]}},"_links":{"self":[{"href":"https:\/\/www.berthonspain.com\/es\/wp-json\/wp\/v2\/pages\/4700","targetHints":{"allow":["GET"]}}],"collection":[{"href":"https:\/\/www.berthonspain.com\/es\/wp-json\/wp\/v2\/pages"}],"about":[{"href":"https:\/\/www.berthonspain.com\/es\/wp-json\/wp\/v2\/types\/page"}],"author":[{"embeddable":true,"href":"https:\/\/www.berthonspain.com\/es\/wp-json\/wp\/v2\/users\/3"}],"replies":[{"embeddable":true,"href":"https:\/\/www.berthonspain.com\/es\/wp-json\/wp\/v2\/comments?post=4700"}],"version-history":[{"count":2,"href":"https:\/\/www.berthonspain.com\/es\/wp-json\/wp\/v2\/pages\/4700\/revisions"}],"predecessor-version":[{"id":4921,"href":"https:\/\/www.berthonspain.com\/es\/wp-json\/wp\/v2\/pages\/4700\/revisions\/4921"}],"up":[{"embeddable":true,"href":"https:\/\/www.berthonspain.com\/es\/wp-json\/wp\/v2\/pages\/4673"}],"wp:featuredmedia":[{"embeddable":true,"href":"https:\/\/www.berthonspain.com\/es\/wp-json\/wp\/v2\/media\/3398"}],"wp:attachment":[{"href":"https:\/\/www.berthonspain.com\/es\/wp-json\/wp\/v2\/media?parent=4700"}],"curies":[{"name":"wp","href":"https:\/\/api.w.org\/{rel}","templated":true}]}}