{"id":4690,"date":"2024-01-02T16:23:55","date_gmt":"2024-01-02T16:23:55","guid":{"rendered":"https:\/\/www.berthonspain.com\/refacciones-y-servicios-para-yates\/ingenieria-marina\/bow-stern-thrusters\/"},"modified":"2024-02-16T15:37:59","modified_gmt":"2024-02-16T15:37:59","slug":"propulsores-de-proa-y-popa","status":"publish","type":"page","link":"https:\/\/www.berthonspain.com\/es\/refit-servicios-para-yates\/ingenieria-marina\/propulsores-de-proa-y-popa\/","title":{"rendered":"Propulsores de Proa y Popa"},"content":{"rendered":"<p>Los propulsores de proa y popa son esenciales para la maniobrabilidad de los barcos modernos, sobre todo cuando tienen timones dobles o quillas de calado variable. Los propulsores funcionan con motores el\u00e9ctricos o hidr\u00e1ulicos, y cada sistema tiene diferentes componentes y, por tanto, diferentes requisitos de servicio y reparaci\u00f3n. Los componentes individuales se someten regularmente a cargas extremas, como es la naturaleza de los equipos, por lo que las revisiones y el mantenimiento peri\u00f3dicos son vitales para evitar fallos potencialmente catastr\u00f3ficos (y costosos).<\/p>\n","protected":false},"excerpt":{"rendered":"<p>Los propulsores de proa y popa son esenciales para la maniobrabilidad de los barcos modernos, sobre todo cuando tienen timones dobles o quillas de calado variable. Los propulsores funcionan con&#8230;<\/p>\n","protected":false},"author":1,"featured_media":0,"parent":4673,"menu_order":0,"comment_status":"closed","ping_status":"closed","template":"","meta":{"_acf_changed":false,"footnotes":""},"class_list":["post-4690","page","type-page","status-publish","hentry"],"acf":[],"yoast_head":"<!-- This site is optimized with the Yoast SEO plugin v26.8 - https:\/\/yoast.com\/product\/yoast-seo-wordpress\/ -->\n<title>Propulsores de Proa y Popa - Berthon Spain<\/title>\n<meta name=\"description\" content=\"Propulsores de Proa y Popa - Los propulsores de proa y popa son esenciales para la maniobrabilidad de los barcos modernos, sobre todo cuando tienen timones dobles o quillas de calado\" \/>\n<meta name=\"robots\" content=\"index, follow, max-snippet:-1, max-image-preview:large, max-video-preview:-1\" \/>\n<link rel=\"canonical\" href=\"https:\/\/www.berthonspain.com\/es\/refit-servicios-para-yates\/ingenieria-marina\/propulsores-de-proa-y-popa\/\" \/>\n<meta property=\"og:locale\" content=\"es_ES\" \/>\n<meta property=\"og:type\" content=\"article\" \/>\n<meta property=\"og:title\" content=\"Propulsores de Proa y Popa - Berthon Spain\" \/>\n<meta property=\"og:description\" content=\"Propulsores de Proa y Popa - Los propulsores de proa y popa son esenciales para la maniobrabilidad de los barcos modernos, sobre todo cuando tienen timones dobles o quillas de calado\" \/>\n<meta property=\"og:url\" content=\"https:\/\/www.berthonspain.com\/es\/refit-servicios-para-yates\/ingenieria-marina\/propulsores-de-proa-y-popa\/\" \/>\n<meta property=\"og:site_name\" content=\"Berthon Spain\" \/>\n<meta property=\"article:publisher\" content=\"https:\/\/www.facebook.com\/berthonspain\/\" \/>\n<meta property=\"article:modified_time\" content=\"2024-02-16T15:37:59+00:00\" \/>\n<meta name=\"twitter:card\" content=\"summary_large_image\" \/>\n<meta name=\"twitter:label1\" content=\"Tiempo de lectura\" \/>\n\t<meta name=\"twitter:data1\" content=\"1 minuto\" \/>\n<script type=\"application\/ld+json\" class=\"yoast-schema-graph\">{\"@context\":\"https:\/\/schema.org\",\"@graph\":[{\"@type\":\"WebPage\",\"@id\":\"https:\/\/www.berthonspain.com\/es\/refit-servicios-para-yates\/ingenieria-marina\/propulsores-de-proa-y-popa\/\",\"url\":\"https:\/\/www.berthonspain.com\/es\/refit-servicios-para-yates\/ingenieria-marina\/propulsores-de-proa-y-popa\/\",\"name\":\"Propulsores de Proa y Popa - Berthon Spain\",\"isPartOf\":{\"@id\":\"https:\/\/www.berthonspain.com\/es\/#website\"},\"datePublished\":\"2024-01-02T16:23:55+00:00\",\"dateModified\":\"2024-02-16T15:37:59+00:00\",\"description\":\"Propulsores de Proa y Popa - Los propulsores de proa y popa son esenciales para la maniobrabilidad de los barcos modernos, sobre todo cuando tienen timones dobles o quillas de calado\",\"breadcrumb\":{\"@id\":\"https:\/\/www.berthonspain.com\/es\/refit-servicios-para-yates\/ingenieria-marina\/propulsores-de-proa-y-popa\/#breadcrumb\"},\"inLanguage\":\"es\",\"potentialAction\":[{\"@type\":\"ReadAction\",\"target\":[\"https:\/\/www.berthonspain.com\/es\/refit-servicios-para-yates\/ingenieria-marina\/propulsores-de-proa-y-popa\/\"]}]},{\"@type\":\"BreadcrumbList\",\"@id\":\"https:\/\/www.berthonspain.com\/es\/refit-servicios-para-yates\/ingenieria-marina\/propulsores-de-proa-y-popa\/#breadcrumb\",\"itemListElement\":[{\"@type\":\"ListItem\",\"position\":1,\"name\":\"Home\",\"item\":\"https:\/\/www.berthonspain.com\/es\/\"},{\"@type\":\"ListItem\",\"position\":2,\"name\":\"Refit Servicios para Yates\",\"item\":\"https:\/\/www.berthonspain.com\/es\/refit-servicios-para-yates\/\"},{\"@type\":\"ListItem\",\"position\":3,\"name\":\"Ingenier\u00eda Marina\",\"item\":\"https:\/\/www.berthonspain.com\/es\/refit-servicios-para-yates\/ingenieria-marina\/\"},{\"@type\":\"ListItem\",\"position\":4,\"name\":\"Propulsores de Proa y Popa\"}]},{\"@type\":\"WebSite\",\"@id\":\"https:\/\/www.berthonspain.com\/es\/#website\",\"url\":\"https:\/\/www.berthonspain.com\/es\/\",\"name\":\"Berthon Spain\",\"description\":\"Refit - Guardiennage - Engineering - Fabrication - Winch &amp; Windlass Servicing\",\"publisher\":{\"@id\":\"https:\/\/www.berthonspain.com\/es\/#organization\"},\"potentialAction\":[{\"@type\":\"SearchAction\",\"target\":{\"@type\":\"EntryPoint\",\"urlTemplate\":\"https:\/\/www.berthonspain.com\/es\/?s={search_term_string}\"},\"query-input\":{\"@type\":\"PropertyValueSpecification\",\"valueRequired\":true,\"valueName\":\"search_term_string\"}}],\"inLanguage\":\"es\"},{\"@type\":\"Organization\",\"@id\":\"https:\/\/www.berthonspain.com\/es\/#organization\",\"name\":\"Berthon Spain\",\"url\":\"https:\/\/www.berthonspain.com\/es\/\",\"logo\":{\"@type\":\"ImageObject\",\"inLanguage\":\"es\",\"@id\":\"https:\/\/www.berthonspain.com\/es\/#\/schema\/logo\/image\/\",\"url\":\"https:\/\/www.berthonspain.com\/wp-content\/uploads\/2019\/05\/logo.png\",\"contentUrl\":\"https:\/\/www.berthonspain.com\/wp-content\/uploads\/2019\/05\/logo.png\",\"width\":186,\"height\":66,\"caption\":\"Berthon Spain\"},\"image\":{\"@id\":\"https:\/\/www.berthonspain.com\/es\/#\/schema\/logo\/image\/\"},\"sameAs\":[\"https:\/\/www.facebook.com\/berthonspain\/\"]}]}<\/script>\n<!-- \/ Yoast SEO plugin. -->","yoast_head_json":{"title":"Propulsores de Proa y Popa - Berthon Spain","description":"Propulsores de Proa y Popa - Los propulsores de proa y popa son esenciales para la maniobrabilidad de los barcos modernos, sobre todo cuando tienen timones dobles o quillas de calado","robots":{"index":"index","follow":"follow","max-snippet":"max-snippet:-1","max-image-preview":"max-image-preview:large","max-video-preview":"max-video-preview:-1"},"canonical":"https:\/\/www.berthonspain.com\/es\/refit-servicios-para-yates\/ingenieria-marina\/propulsores-de-proa-y-popa\/","og_locale":"es_ES","og_type":"article","og_title":"Propulsores de Proa y Popa - Berthon Spain","og_description":"Propulsores de Proa y Popa - Los propulsores de proa y popa son esenciales para la maniobrabilidad de los barcos modernos, sobre todo cuando tienen timones dobles o quillas de calado","og_url":"https:\/\/www.berthonspain.com\/es\/refit-servicios-para-yates\/ingenieria-marina\/propulsores-de-proa-y-popa\/","og_site_name":"Berthon Spain","article_publisher":"https:\/\/www.facebook.com\/berthonspain\/","article_modified_time":"2024-02-16T15:37:59+00:00","twitter_card":"summary_large_image","twitter_misc":{"Tiempo de lectura":"1 minuto"},"schema":{"@context":"https:\/\/schema.org","@graph":[{"@type":"WebPage","@id":"https:\/\/www.berthonspain.com\/es\/refit-servicios-para-yates\/ingenieria-marina\/propulsores-de-proa-y-popa\/","url":"https:\/\/www.berthonspain.com\/es\/refit-servicios-para-yates\/ingenieria-marina\/propulsores-de-proa-y-popa\/","name":"Propulsores de Proa y Popa - Berthon Spain","isPartOf":{"@id":"https:\/\/www.berthonspain.com\/es\/#website"},"datePublished":"2024-01-02T16:23:55+00:00","dateModified":"2024-02-16T15:37:59+00:00","description":"Propulsores de Proa y Popa - Los propulsores de proa y popa son esenciales para la maniobrabilidad de los barcos modernos, sobre todo cuando tienen timones dobles o quillas de calado","breadcrumb":{"@id":"https:\/\/www.berthonspain.com\/es\/refit-servicios-para-yates\/ingenieria-marina\/propulsores-de-proa-y-popa\/#breadcrumb"},"inLanguage":"es","potentialAction":[{"@type":"ReadAction","target":["https:\/\/www.berthonspain.com\/es\/refit-servicios-para-yates\/ingenieria-marina\/propulsores-de-proa-y-popa\/"]}]},{"@type":"BreadcrumbList","@id":"https:\/\/www.berthonspain.com\/es\/refit-servicios-para-yates\/ingenieria-marina\/propulsores-de-proa-y-popa\/#breadcrumb","itemListElement":[{"@type":"ListItem","position":1,"name":"Home","item":"https:\/\/www.berthonspain.com\/es\/"},{"@type":"ListItem","position":2,"name":"Refit Servicios para Yates","item":"https:\/\/www.berthonspain.com\/es\/refit-servicios-para-yates\/"},{"@type":"ListItem","position":3,"name":"Ingenier\u00eda Marina","item":"https:\/\/www.berthonspain.com\/es\/refit-servicios-para-yates\/ingenieria-marina\/"},{"@type":"ListItem","position":4,"name":"Propulsores de Proa y Popa"}]},{"@type":"WebSite","@id":"https:\/\/www.berthonspain.com\/es\/#website","url":"https:\/\/www.berthonspain.com\/es\/","name":"Berthon Spain","description":"Refit - Guardiennage - Engineering - Fabrication - Winch &amp; Windlass Servicing","publisher":{"@id":"https:\/\/www.berthonspain.com\/es\/#organization"},"potentialAction":[{"@type":"SearchAction","target":{"@type":"EntryPoint","urlTemplate":"https:\/\/www.berthonspain.com\/es\/?s={search_term_string}"},"query-input":{"@type":"PropertyValueSpecification","valueRequired":true,"valueName":"search_term_string"}}],"inLanguage":"es"},{"@type":"Organization","@id":"https:\/\/www.berthonspain.com\/es\/#organization","name":"Berthon Spain","url":"https:\/\/www.berthonspain.com\/es\/","logo":{"@type":"ImageObject","inLanguage":"es","@id":"https:\/\/www.berthonspain.com\/es\/#\/schema\/logo\/image\/","url":"https:\/\/www.berthonspain.com\/wp-content\/uploads\/2019\/05\/logo.png","contentUrl":"https:\/\/www.berthonspain.com\/wp-content\/uploads\/2019\/05\/logo.png","width":186,"height":66,"caption":"Berthon Spain"},"image":{"@id":"https:\/\/www.berthonspain.com\/es\/#\/schema\/logo\/image\/"},"sameAs":["https:\/\/www.facebook.com\/berthonspain\/"]}]}},"_links":{"self":[{"href":"https:\/\/www.berthonspain.com\/es\/wp-json\/wp\/v2\/pages\/4690","targetHints":{"allow":["GET"]}}],"collection":[{"href":"https:\/\/www.berthonspain.com\/es\/wp-json\/wp\/v2\/pages"}],"about":[{"href":"https:\/\/www.berthonspain.com\/es\/wp-json\/wp\/v2\/types\/page"}],"author":[{"embeddable":true,"href":"https:\/\/www.berthonspain.com\/es\/wp-json\/wp\/v2\/users\/1"}],"replies":[{"embeddable":true,"href":"https:\/\/www.berthonspain.com\/es\/wp-json\/wp\/v2\/comments?post=4690"}],"version-history":[{"count":1,"href":"https:\/\/www.berthonspain.com\/es\/wp-json\/wp\/v2\/pages\/4690\/revisions"}],"predecessor-version":[{"id":4694,"href":"https:\/\/www.berthonspain.com\/es\/wp-json\/wp\/v2\/pages\/4690\/revisions\/4694"}],"up":[{"embeddable":true,"href":"https:\/\/www.berthonspain.com\/es\/wp-json\/wp\/v2\/pages\/4673"}],"wp:attachment":[{"href":"https:\/\/www.berthonspain.com\/es\/wp-json\/wp\/v2\/media?parent=4690"}],"curies":[{"name":"wp","href":"https:\/\/api.w.org\/{rel}","templated":true}]}}