{"id":4673,"date":"2019-02-05T17:37:42","date_gmt":"2019-02-05T17:37:42","guid":{"rendered":"https:\/\/www.berthonspain.com\/refacciones-y-servicios-para-yates\/marine-engineering\/"},"modified":"2024-11-25T10:42:48","modified_gmt":"2024-11-25T10:42:48","slug":"ingenieria-marina","status":"publish","type":"page","link":"https:\/\/www.berthonspain.com\/es\/refit-servicios-para-yates\/ingenieria-marina\/","title":{"rendered":"Ingenier\u00eda Marina"},"content":{"rendered":"<p>Nuestro equipo de Ingenier\u00eda de Yates en Berthon Spain son todos expertos en su campo; cada uno tiene sus propias especialidades en las que est\u00e1n calificados y altamente experimentados.<\/p>\n<p>Nuestros t\u00e9cnicos han llegado a nuestra base de Mallorca procedentes de diversos \u00e1mbitos, desde jefes de m\u00e1quinas de superyates, buques de carga y marina mercante, hasta fabricantes l\u00edderes de yates. Esto se traduce en una gran cantidad de experiencia y conocimientos t\u00e9cnicos a los que recurrir. Muchos de nuestros tripulantes tambi\u00e9n han sido capitanes y, por tanto, comprenden todo lo que se nos exige.<\/p>\n","protected":false},"excerpt":{"rendered":"<p>Nuestro equipo de Ingenier\u00eda de Yates en Berthon Spain son todos expertos en su campo; cada uno tiene sus propias especialidades en las que est\u00e1n calificados y altamente experimentados. Nuestros&#8230;<\/p>\n","protected":false},"author":1,"featured_media":3187,"parent":4656,"menu_order":0,"comment_status":"closed","ping_status":"closed","template":"","meta":{"_acf_changed":false,"footnotes":""},"class_list":["post-4673","page","type-page","status-publish","has-post-thumbnail","hentry"],"acf":[],"yoast_head":"<!-- This site is optimized with the Yoast SEO plugin v26.8 - https:\/\/yoast.com\/product\/yoast-seo-wordpress\/ -->\n<title>Soluciones de Ingenier\u00eda para Yates en Berthon Spain, Palma de Mallorca<\/title>\n<meta name=\"description\" content=\"Ingenier\u00eda Marina - Nuestro equipo de Ingenier\u00eda de Yates en Berthon Spain son todos expertos en su campo; cada uno tiene sus propias especialidades en las que est\u00e1n\" \/>\n<meta name=\"robots\" content=\"index, follow, max-snippet:-1, max-image-preview:large, max-video-preview:-1\" \/>\n<link rel=\"canonical\" href=\"https:\/\/www.berthonspain.com\/es\/refit-servicios-para-yates\/ingenieria-marina\/\" \/>\n<meta property=\"og:locale\" content=\"es_ES\" \/>\n<meta property=\"og:type\" content=\"article\" \/>\n<meta property=\"og:title\" content=\"Soluciones de Ingenier\u00eda para Yates en Berthon Spain, Palma de Mallorca\" \/>\n<meta property=\"og:description\" content=\"Ingenier\u00eda Marina - Nuestro equipo de Ingenier\u00eda de Yates en Berthon Spain son todos expertos en su campo; cada uno tiene sus propias especialidades en las que est\u00e1n\" \/>\n<meta property=\"og:url\" content=\"https:\/\/www.berthonspain.com\/es\/refit-servicios-para-yates\/ingenieria-marina\/\" \/>\n<meta property=\"og:site_name\" content=\"Berthon Spain\" \/>\n<meta property=\"article:publisher\" content=\"https:\/\/www.facebook.com\/berthonspain\/\" \/>\n<meta property=\"article:modified_time\" content=\"2024-11-25T10:42:48+00:00\" \/>\n<meta property=\"og:image\" content=\"https:\/\/www.berthonspain.com\/wp-content\/uploads\/2019\/02\/yacht-engineering.jpg\" \/>\n\t<meta property=\"og:image:width\" content=\"1400\" \/>\n\t<meta property=\"og:image:height\" content=\"747\" \/>\n\t<meta property=\"og:image:type\" content=\"image\/jpeg\" \/>\n<meta name=\"twitter:card\" content=\"summary_large_image\" \/>\n<meta name=\"twitter:label1\" content=\"Tiempo de lectura\" \/>\n\t<meta name=\"twitter:data1\" content=\"1 minuto\" \/>\n<script type=\"application\/ld+json\" class=\"yoast-schema-graph\">{\"@context\":\"https:\/\/schema.org\",\"@graph\":[{\"@type\":\"WebPage\",\"@id\":\"https:\/\/www.berthonspain.com\/es\/refit-servicios-para-yates\/ingenieria-marina\/\",\"url\":\"https:\/\/www.berthonspain.com\/es\/refit-servicios-para-yates\/ingenieria-marina\/\",\"name\":\"Soluciones de Ingenier\u00eda para Yates en Berthon Spain, Palma de Mallorca\",\"isPartOf\":{\"@id\":\"https:\/\/www.berthonspain.com\/es\/#website\"},\"primaryImageOfPage\":{\"@id\":\"https:\/\/www.berthonspain.com\/es\/refit-servicios-para-yates\/ingenieria-marina\/#primaryimage\"},\"image\":{\"@id\":\"https:\/\/www.berthonspain.com\/es\/refit-servicios-para-yates\/ingenieria-marina\/#primaryimage\"},\"thumbnailUrl\":\"https:\/\/www.berthonspain.com\/wp-content\/uploads\/2019\/02\/yacht-engineering.jpg\",\"datePublished\":\"2019-02-05T17:37:42+00:00\",\"dateModified\":\"2024-11-25T10:42:48+00:00\",\"description\":\"Ingenier\u00eda Marina - Nuestro equipo de Ingenier\u00eda de Yates en Berthon Spain son todos expertos en su campo; cada uno tiene sus propias especialidades en las que est\u00e1n\",\"breadcrumb\":{\"@id\":\"https:\/\/www.berthonspain.com\/es\/refit-servicios-para-yates\/ingenieria-marina\/#breadcrumb\"},\"inLanguage\":\"es\",\"potentialAction\":[{\"@type\":\"ReadAction\",\"target\":[\"https:\/\/www.berthonspain.com\/es\/refit-servicios-para-yates\/ingenieria-marina\/\"]}]},{\"@type\":\"ImageObject\",\"inLanguage\":\"es\",\"@id\":\"https:\/\/www.berthonspain.com\/es\/refit-servicios-para-yates\/ingenieria-marina\/#primaryimage\",\"url\":\"https:\/\/www.berthonspain.com\/wp-content\/uploads\/2019\/02\/yacht-engineering.jpg\",\"contentUrl\":\"https:\/\/www.berthonspain.com\/wp-content\/uploads\/2019\/02\/yacht-engineering.jpg\",\"width\":1400,\"height\":747,\"caption\":\"SONY DSC\"},{\"@type\":\"BreadcrumbList\",\"@id\":\"https:\/\/www.berthonspain.com\/es\/refit-servicios-para-yates\/ingenieria-marina\/#breadcrumb\",\"itemListElement\":[{\"@type\":\"ListItem\",\"position\":1,\"name\":\"Home\",\"item\":\"https:\/\/www.berthonspain.com\/es\/\"},{\"@type\":\"ListItem\",\"position\":2,\"name\":\"Refit Servicios para Yates\",\"item\":\"https:\/\/www.berthonspain.com\/es\/refit-servicios-para-yates\/\"},{\"@type\":\"ListItem\",\"position\":3,\"name\":\"Ingenier\u00eda Marina\"}]},{\"@type\":\"WebSite\",\"@id\":\"https:\/\/www.berthonspain.com\/es\/#website\",\"url\":\"https:\/\/www.berthonspain.com\/es\/\",\"name\":\"Berthon Spain\",\"description\":\"Refit - Guardiennage - Engineering - Fabrication - Winch &amp; Windlass Servicing\",\"publisher\":{\"@id\":\"https:\/\/www.berthonspain.com\/es\/#organization\"},\"potentialAction\":[{\"@type\":\"SearchAction\",\"target\":{\"@type\":\"EntryPoint\",\"urlTemplate\":\"https:\/\/www.berthonspain.com\/es\/?s={search_term_string}\"},\"query-input\":{\"@type\":\"PropertyValueSpecification\",\"valueRequired\":true,\"valueName\":\"search_term_string\"}}],\"inLanguage\":\"es\"},{\"@type\":\"Organization\",\"@id\":\"https:\/\/www.berthonspain.com\/es\/#organization\",\"name\":\"Berthon Spain\",\"url\":\"https:\/\/www.berthonspain.com\/es\/\",\"logo\":{\"@type\":\"ImageObject\",\"inLanguage\":\"es\",\"@id\":\"https:\/\/www.berthonspain.com\/es\/#\/schema\/logo\/image\/\",\"url\":\"https:\/\/www.berthonspain.com\/wp-content\/uploads\/2019\/05\/logo.png\",\"contentUrl\":\"https:\/\/www.berthonspain.com\/wp-content\/uploads\/2019\/05\/logo.png\",\"width\":186,\"height\":66,\"caption\":\"Berthon Spain\"},\"image\":{\"@id\":\"https:\/\/www.berthonspain.com\/es\/#\/schema\/logo\/image\/\"},\"sameAs\":[\"https:\/\/www.facebook.com\/berthonspain\/\"]}]}<\/script>\n<!-- \/ Yoast SEO plugin. -->","yoast_head_json":{"title":"Soluciones de Ingenier\u00eda para Yates en Berthon Spain, Palma de Mallorca","description":"Ingenier\u00eda Marina - Nuestro equipo de Ingenier\u00eda de Yates en Berthon Spain son todos expertos en su campo; cada uno tiene sus propias especialidades en las que est\u00e1n","robots":{"index":"index","follow":"follow","max-snippet":"max-snippet:-1","max-image-preview":"max-image-preview:large","max-video-preview":"max-video-preview:-1"},"canonical":"https:\/\/www.berthonspain.com\/es\/refit-servicios-para-yates\/ingenieria-marina\/","og_locale":"es_ES","og_type":"article","og_title":"Soluciones de Ingenier\u00eda para Yates en Berthon Spain, Palma de Mallorca","og_description":"Ingenier\u00eda Marina - Nuestro equipo de Ingenier\u00eda de Yates en Berthon Spain son todos expertos en su campo; cada uno tiene sus propias especialidades en las que est\u00e1n","og_url":"https:\/\/www.berthonspain.com\/es\/refit-servicios-para-yates\/ingenieria-marina\/","og_site_name":"Berthon Spain","article_publisher":"https:\/\/www.facebook.com\/berthonspain\/","article_modified_time":"2024-11-25T10:42:48+00:00","og_image":[{"width":1400,"height":747,"url":"https:\/\/www.berthonspain.com\/wp-content\/uploads\/2019\/02\/yacht-engineering.jpg","type":"image\/jpeg"}],"twitter_card":"summary_large_image","twitter_misc":{"Tiempo de lectura":"1 minuto"},"schema":{"@context":"https:\/\/schema.org","@graph":[{"@type":"WebPage","@id":"https:\/\/www.berthonspain.com\/es\/refit-servicios-para-yates\/ingenieria-marina\/","url":"https:\/\/www.berthonspain.com\/es\/refit-servicios-para-yates\/ingenieria-marina\/","name":"Soluciones de Ingenier\u00eda para Yates en Berthon Spain, Palma de Mallorca","isPartOf":{"@id":"https:\/\/www.berthonspain.com\/es\/#website"},"primaryImageOfPage":{"@id":"https:\/\/www.berthonspain.com\/es\/refit-servicios-para-yates\/ingenieria-marina\/#primaryimage"},"image":{"@id":"https:\/\/www.berthonspain.com\/es\/refit-servicios-para-yates\/ingenieria-marina\/#primaryimage"},"thumbnailUrl":"https:\/\/www.berthonspain.com\/wp-content\/uploads\/2019\/02\/yacht-engineering.jpg","datePublished":"2019-02-05T17:37:42+00:00","dateModified":"2024-11-25T10:42:48+00:00","description":"Ingenier\u00eda Marina - Nuestro equipo de Ingenier\u00eda de Yates en Berthon Spain son todos expertos en su campo; cada uno tiene sus propias especialidades en las que est\u00e1n","breadcrumb":{"@id":"https:\/\/www.berthonspain.com\/es\/refit-servicios-para-yates\/ingenieria-marina\/#breadcrumb"},"inLanguage":"es","potentialAction":[{"@type":"ReadAction","target":["https:\/\/www.berthonspain.com\/es\/refit-servicios-para-yates\/ingenieria-marina\/"]}]},{"@type":"ImageObject","inLanguage":"es","@id":"https:\/\/www.berthonspain.com\/es\/refit-servicios-para-yates\/ingenieria-marina\/#primaryimage","url":"https:\/\/www.berthonspain.com\/wp-content\/uploads\/2019\/02\/yacht-engineering.jpg","contentUrl":"https:\/\/www.berthonspain.com\/wp-content\/uploads\/2019\/02\/yacht-engineering.jpg","width":1400,"height":747,"caption":"SONY DSC"},{"@type":"BreadcrumbList","@id":"https:\/\/www.berthonspain.com\/es\/refit-servicios-para-yates\/ingenieria-marina\/#breadcrumb","itemListElement":[{"@type":"ListItem","position":1,"name":"Home","item":"https:\/\/www.berthonspain.com\/es\/"},{"@type":"ListItem","position":2,"name":"Refit Servicios para Yates","item":"https:\/\/www.berthonspain.com\/es\/refit-servicios-para-yates\/"},{"@type":"ListItem","position":3,"name":"Ingenier\u00eda Marina"}]},{"@type":"WebSite","@id":"https:\/\/www.berthonspain.com\/es\/#website","url":"https:\/\/www.berthonspain.com\/es\/","name":"Berthon Spain","description":"Refit - Guardiennage - Engineering - Fabrication - Winch &amp; Windlass Servicing","publisher":{"@id":"https:\/\/www.berthonspain.com\/es\/#organization"},"potentialAction":[{"@type":"SearchAction","target":{"@type":"EntryPoint","urlTemplate":"https:\/\/www.berthonspain.com\/es\/?s={search_term_string}"},"query-input":{"@type":"PropertyValueSpecification","valueRequired":true,"valueName":"search_term_string"}}],"inLanguage":"es"},{"@type":"Organization","@id":"https:\/\/www.berthonspain.com\/es\/#organization","name":"Berthon Spain","url":"https:\/\/www.berthonspain.com\/es\/","logo":{"@type":"ImageObject","inLanguage":"es","@id":"https:\/\/www.berthonspain.com\/es\/#\/schema\/logo\/image\/","url":"https:\/\/www.berthonspain.com\/wp-content\/uploads\/2019\/05\/logo.png","contentUrl":"https:\/\/www.berthonspain.com\/wp-content\/uploads\/2019\/05\/logo.png","width":186,"height":66,"caption":"Berthon Spain"},"image":{"@id":"https:\/\/www.berthonspain.com\/es\/#\/schema\/logo\/image\/"},"sameAs":["https:\/\/www.facebook.com\/berthonspain\/"]}]}},"_links":{"self":[{"href":"https:\/\/www.berthonspain.com\/es\/wp-json\/wp\/v2\/pages\/4673","targetHints":{"allow":["GET"]}}],"collection":[{"href":"https:\/\/www.berthonspain.com\/es\/wp-json\/wp\/v2\/pages"}],"about":[{"href":"https:\/\/www.berthonspain.com\/es\/wp-json\/wp\/v2\/types\/page"}],"author":[{"embeddable":true,"href":"https:\/\/www.berthonspain.com\/es\/wp-json\/wp\/v2\/users\/1"}],"replies":[{"embeddable":true,"href":"https:\/\/www.berthonspain.com\/es\/wp-json\/wp\/v2\/comments?post=4673"}],"version-history":[{"count":1,"href":"https:\/\/www.berthonspain.com\/es\/wp-json\/wp\/v2\/pages\/4673\/revisions"}],"predecessor-version":[{"id":4675,"href":"https:\/\/www.berthonspain.com\/es\/wp-json\/wp\/v2\/pages\/4673\/revisions\/4675"}],"up":[{"embeddable":true,"href":"https:\/\/www.berthonspain.com\/es\/wp-json\/wp\/v2\/pages\/4656"}],"wp:featuredmedia":[{"embeddable":true,"href":"https:\/\/www.berthonspain.com\/es\/wp-json\/wp\/v2\/media\/3187"}],"wp:attachment":[{"href":"https:\/\/www.berthonspain.com\/es\/wp-json\/wp\/v2\/media?parent=4673"}],"curies":[{"name":"wp","href":"https:\/\/api.w.org\/{rel}","templated":true}]}}